{"id":1380469,"date":"2025-03-07T14:34:00","date_gmt":"2025-03-07T13:34:00","guid":{"rendered":"https:\/\/eunicehotel.com\/plataforma-de-fidelizacao\/"},"modified":"2025-03-11T14:33:52","modified_gmt":"2025-03-11T13:33:52","slug":"plataforma-de-fidelizacao","status":"publish","type":"page","link":"https:\/\/eunicehotel.com\/pt-pt\/plataforma-de-fidelizacao\/","title":{"rendered":"Plataforma de Fideliza\u00e7\u00e3o"},"content":{"rendered":"<p>[et_pb_section fb_built=&#8221;1&#8243; _builder_version=&#8221;4.19.5&#8243; _module_preset=&#8221;default&#8221; global_colors_info=&#8221;{}&#8221; theme_builder_area=&#8221;post_content&#8221;][et_pb_row _builder_version=&#8221;4.19.5&#8243; _module_preset=&#8221;default&#8221; global_colors_info=&#8221;{}&#8221; theme_builder_area=&#8221;post_content&#8221;][et_pb_column type=&#8221;4_4&#8243; _builder_version=&#8221;4.19.5&#8243; _module_preset=&#8221;default&#8221; global_colors_info=&#8221;{}&#8221; theme_builder_area=&#8221;post_content&#8221;][et_pb_text _builder_version=&#8221;4.27.4&#8243; _module_preset=&#8221;default&#8221; header_font=&#8221;|700|||||||&#8221; header_letter_spacing=&#8221;1px&#8221; hover_enabled=&#8221;0&#8243; global_colors_info=&#8221;{}&#8221; theme_builder_area=&#8221;post_content&#8221; sticky_enabled=&#8221;0&#8243;]<\/p>\n<h1>Termos de Utiliza\u00e7\u00e3o da Plataforma de Fideliza\u00e7\u00e3o \u201cS\u00d3 PARA MEMBROS\u201d para o Eunice Hotel Gastron\u00f3mico<\/h1>\n<p>[\/et_pb_text][\/et_pb_column][\/et_pb_row][et_pb_row _builder_version=&#8221;4.19.5&#8243; _module_preset=&#8221;default&#8221; global_colors_info=&#8221;{}&#8221; theme_builder_area=&#8221;post_content&#8221;][et_pb_column type=&#8221;4_4&#8243; _builder_version=&#8221;4.19.5&#8243; _module_preset=&#8221;default&#8221; global_colors_info=&#8221;{}&#8221; theme_builder_area=&#8221;post_content&#8221;][et_pb_text _builder_version=&#8221;4.27.4&#8243; _module_preset=&#8221;default&#8221; text_line_height=&#8221;1.9em&#8221; header_font=&#8221;|700|||||||&#8221; header_letter_spacing=&#8221;1px&#8221; text_orientation=&#8221;justified&#8221; hover_enabled=&#8221;0&#8243; text_orientation_tablet=&#8221;justified&#8221; text_orientation_phone=&#8221;left&#8221; text_orientation_last_edited=&#8221;on|desktop&#8221; global_colors_info=&#8221;{}&#8221; theme_builder_area=&#8221;post_content&#8221; sticky_enabled=&#8221;0&#8243;]<\/p>\n<p><strong>Defini\u00e7\u00f5es:<\/strong><\/p>\n<ul>\n<li>\u201cPlataforma&#8221;: refere-se \u00e0 Plataforma de Fideliza\u00e7\u00e3o do Eunice Hotel Gastron\u00f3mico &#8220;MEMBERS ONLY&#8221;.<\/li>\n<li>\u201cUtilizador&#8221;: qualquer pessoa que se registe e participe no programa de fideliza\u00e7\u00e3o atrav\u00e9s da Plataforma.<\/li>\n<li>\u201cBenef\u00edcios&#8221;: vantagens, descontos, brindes, servi\u00e7os especiais e\/ou qualquer outra promo\u00e7\u00e3o oferecida aos Utilizadores no \u00e2mbito do programa.<\/li>\n<\/ul>\n<p><strong>Inscri\u00e7\u00e3o:<\/strong><\/p>\n<p>Para participar no programa de fideliza\u00e7\u00e3o, o Utilizador deve registar-se na Plataforma, fornecendo informa\u00e7\u00f5es verdadeiras, atualizadas e completas.<\/p>\n<p>Ao registar-se, o Utilizador aceita receber comunica\u00e7\u00f5es relacionadas com o programa e outras ac\u00e7\u00f5es comerciais do Eunice Hotel Gastron\u00f3mico.<\/p>\n<p><strong>Acesso a vantagens exclusivas no Eunice Hotel Gastron\u00f3mico com a Plataforma \u201cMEMBERS ONLY\u201d:<\/strong><\/p>\n<p>Por cada reserva e estadia confirmada no Eunice Hotel Gastron\u00f3mico, o Utilizador acumular\u00e1 vantagens de acordo com as condi\u00e7\u00f5es estabelecidas na Plataforma, podendo mudar de n\u00edvel no programa em fun\u00e7\u00e3o da frequ\u00eancia das suas reservas e estadias.<\/p>\n<p>O n\u00edvel na Plataforma \u00e9 intransmiss\u00edvel e s\u00f3 pode ser utilizado no Eunice Hotel Gastron\u00f3mico.<\/p>\n<p><strong>Aplica\u00e7\u00e3o de vantagens exclusivas:<\/strong><\/p>\n<p>As ofertas dispon\u00edveis na Plataforma ser\u00e3o automaticamente aplicadas \u00e0s pesquisas efectuadas pelos seus membros, uma vez identificadas no motor de reservas do Eunice Hotel Gastron\u00f3mico antes da confirma\u00e7\u00e3o da sua reserva.<\/p>\n<p><strong>Rescis\u00e3o e altera\u00e7\u00f5es:<\/strong><\/p>\n<p>O Eunice Hotel Gastron\u00f3mico reserva-se o direito de terminar ou modificar o programa de fideliza\u00e7\u00e3o, os seus termos ou quaisquer Benef\u00edcios a qualquer momento, mediante notifica\u00e7\u00e3o aos Utilizadores.<\/p>\n<p>Em caso de atividade fraudulenta, abusiva ou que viole as presentes condi\u00e7\u00f5es, o Eunice Hotel Gastron\u00f3mico poder\u00e1 cancelar a ades\u00e3o do Utilizador e\/ou retirar os seus benef\u00edcios exclusivos.<\/p>\n<p><strong>Prote\u00e7\u00e3o de dados:<\/strong><\/p>\n<p>Todas as informa\u00e7\u00f5es fornecidas pelo Utilizador ser\u00e3o tratadas em conformidade com a Pol\u00edtica de Privacidade do Eunice Hotel Gastron\u00f3mico.<\/p>\n<p>O Hotel compromete-se a n\u00e3o partilhar ou vender as informa\u00e7\u00f5es do Utilizador a terceiros sem o consentimento expl\u00edcito do Utilizador.<\/p>\n<p><strong>Limita\u00e7\u00e3o de responsabilidade:<\/strong><\/p>\n<p>O Eunice Hotel Gastron\u00f3mico n\u00e3o ser\u00e1 respons\u00e1vel por quaisquer danos, perdas ou preju\u00edzos, diretos ou indirectos, resultantes da utiliza\u00e7\u00e3o ou incapacidade de utiliza\u00e7\u00e3o da Plataforma ou dos Benef\u00edcios. <br \/>Lei aplic\u00e1vel e jurisdi\u00e7\u00e3o:<\/p>\n<p>Estas condi\u00e7\u00f5es s\u00e3o regidas pelas leis de Espanha. Qualquer lit\u00edgio que surja relacionado com os presentes Termos e Condi\u00e7\u00f5es ou com o Programa de Fideliza\u00e7\u00e3o ser\u00e1 resolvido pelos tribunais competentes de Salamanca. <\/p>\n<p>Ao registar-se na Plataforma de Fideliza\u00e7\u00e3o do Hotel , o Utilizador aceita e concorda em cumprir todas as condi\u00e7\u00f5es acima referidas.<\/p>\n<p>[\/et_pb_text][\/et_pb_column][\/et_pb_row][\/et_pb_section]<\/p>\n","protected":false},"excerpt":{"rendered":"<p>Termos de Utiliza\u00e7\u00e3o da Plataforma de Fideliza\u00e7\u00e3o \u201cS\u00d3 PARA MEMBROS\u201d para o Eunice Hotel Gastron\u00f3micoDefini\u00e7\u00f5es: \u201cPlataforma&#8221;: refere-se \u00e0 Plataforma de Fideliza\u00e7\u00e3o do Eunice Hotel Gastron\u00f3mico &#8220;MEMBERS ONLY&#8221;. \u201cUtilizador&#8221;: qualquer pessoa que se registe e participe no programa de fideliza\u00e7\u00e3o atrav\u00e9s da Plataforma. \u201cBenef\u00edcios&#8221;: vantagens, descontos, brindes, servi\u00e7os especiais e\/ou qualquer outra promo\u00e7\u00e3o oferecida aos Utilizadores\u2026 <a href=\"https:\/\/eunicehotel.com\/pt-pt\/plataforma-de-fidelizacao\/\">Read More &raquo;<\/a><\/p>\n","protected":false},"author":1,"featured_media":0,"parent":0,"menu_order":0,"comment_status":"closed","ping_status":"closed","template":"","meta":{"_acf_changed":false,"_et_pb_use_builder":"on","_et_pb_old_content":"","_et_gb_content_width":"","footnotes":""},"class_list":["post-1380469","page","type-page","status-publish","hentry"],"acf":[],"yoast_head":"<!-- This site is optimized with the Yoast SEO Premium plugin v22.1 (Yoast SEO v27.3) - https:\/\/yoast.com\/product\/yoast-seo-premium-wordpress\/ -->\n<title>Plataforma de Fideliza\u00e7\u00e3o - Eunice<\/title>\n<meta name=\"robots\" content=\"index, follow, max-snippet:-1, max-image-preview:large, max-video-preview:-1\" \/>\n<link rel=\"canonical\" href=\"https:\/\/eunicehotel.com\/pt-pt\/plataforma-de-fidelizacao\/\" \/>\n<meta property=\"og:locale\" content=\"pt_PT\" \/>\n<meta property=\"og:type\" content=\"article\" \/>\n<meta property=\"og:title\" content=\"Plataforma de Fideliza\u00e7\u00e3o\" \/>\n<meta property=\"og:description\" content=\"Termos de Utiliza\u00e7\u00e3o da Plataforma de Fideliza\u00e7\u00e3o \u201cS\u00d3 PARA MEMBROS\u201d para o Eunice Hotel Gastron\u00f3micoDefini\u00e7\u00f5es: \u201cPlataforma&quot;: refere-se \u00e0 Plataforma de Fideliza\u00e7\u00e3o do Eunice Hotel Gastron\u00f3mico &quot;MEMBERS ONLY&quot;. \u201cUtilizador&quot;: qualquer pessoa que se registe e participe no programa de fideliza\u00e7\u00e3o atrav\u00e9s da Plataforma. \u201cBenef\u00edcios&quot;: vantagens, descontos, brindes, servi\u00e7os especiais e\/ou qualquer outra promo\u00e7\u00e3o oferecida aos Utilizadores\u2026 Read More &raquo;\" \/>\n<meta property=\"og:url\" content=\"https:\/\/eunicehotel.com\/pt-pt\/plataforma-de-fidelizacao\/\" \/>\n<meta property=\"og:site_name\" content=\"Eunice\" \/>\n<meta property=\"article:publisher\" content=\"https:\/\/www.facebook.com\/profile.php?id=100068761792703\" \/>\n<meta property=\"article:modified_time\" content=\"2025-03-11T13:33:52+00:00\" \/>\n<meta property=\"og:image\" content=\"https:\/\/eunicehotel.com\/wp-content\/uploads\/2024\/01\/eunice_logo.png\" \/>\n\t<meta property=\"og:image:width\" content=\"1227\" \/>\n\t<meta property=\"og:image:height\" content=\"500\" \/>\n\t<meta property=\"og:image:type\" content=\"image\/png\" \/>\n<meta name=\"twitter:card\" content=\"summary_large_image\" \/>\n<meta name=\"twitter:label1\" content=\"Tempo estimado de leitura\" \/>\n\t<meta name=\"twitter:data1\" content=\"3 minutos\" \/>\n<script type=\"application\/ld+json\" class=\"yoast-schema-graph\">{\"@context\":\"https:\\\/\\\/schema.org\",\"@graph\":[{\"@type\":\"WebPage\",\"@id\":\"https:\\\/\\\/eunicehotel.com\\\/pt-pt\\\/plataforma-de-fidelizacao\\\/\",\"url\":\"https:\\\/\\\/eunicehotel.com\\\/pt-pt\\\/plataforma-de-fidelizacao\\\/\",\"name\":\"Plataforma de Fideliza\u00e7\u00e3o - Eunice\",\"isPartOf\":{\"@id\":\"https:\\\/\\\/eunicehotel.com\\\/pt-pt\\\/#website\"},\"datePublished\":\"2025-03-07T13:34:00+00:00\",\"dateModified\":\"2025-03-11T13:33:52+00:00\",\"breadcrumb\":{\"@id\":\"https:\\\/\\\/eunicehotel.com\\\/pt-pt\\\/plataforma-de-fidelizacao\\\/#breadcrumb\"},\"inLanguage\":\"pt-PT\",\"potentialAction\":[{\"@type\":\"ReadAction\",\"target\":[\"https:\\\/\\\/eunicehotel.com\\\/pt-pt\\\/plataforma-de-fidelizacao\\\/\"]}]},{\"@type\":\"BreadcrumbList\",\"@id\":\"https:\\\/\\\/eunicehotel.com\\\/pt-pt\\\/plataforma-de-fidelizacao\\\/#breadcrumb\",\"itemListElement\":[{\"@type\":\"ListItem\",\"position\":1,\"name\":\"Portada\",\"item\":\"https:\\\/\\\/eunicehotel.com\\\/pt-pt\\\/\"},{\"@type\":\"ListItem\",\"position\":2,\"name\":\"Plataforma de Fideliza\u00e7\u00e3o\"}]},{\"@type\":\"WebSite\",\"@id\":\"https:\\\/\\\/eunicehotel.com\\\/pt-pt\\\/#website\",\"url\":\"https:\\\/\\\/eunicehotel.com\\\/pt-pt\\\/\",\"name\":\"Eunice\",\"description\":\"Hotel Gastron\u00f3mico\",\"publisher\":{\"@id\":\"https:\\\/\\\/eunicehotel.com\\\/pt-pt\\\/#organization\"},\"alternateName\":\"Eunice Hotel\",\"potentialAction\":[{\"@type\":\"SearchAction\",\"target\":{\"@type\":\"EntryPoint\",\"urlTemplate\":\"https:\\\/\\\/eunicehotel.com\\\/pt-pt\\\/?s={search_term_string}\"},\"query-input\":{\"@type\":\"PropertyValueSpecification\",\"valueRequired\":true,\"valueName\":\"search_term_string\"}}],\"inLanguage\":\"pt-PT\"},{\"@type\":\"Organization\",\"@id\":\"https:\\\/\\\/eunicehotel.com\\\/pt-pt\\\/#organization\",\"name\":\"Eunice Hotel Gastron\u00f3mico\",\"alternateName\":\"Eunice Hotel\",\"url\":\"https:\\\/\\\/eunicehotel.com\\\/pt-pt\\\/\",\"logo\":{\"@type\":\"ImageObject\",\"inLanguage\":\"pt-PT\",\"@id\":\"https:\\\/\\\/eunicehotel.com\\\/pt-pt\\\/#\\\/schema\\\/logo\\\/image\\\/\",\"url\":\"https:\\\/\\\/eunicehotel.com\\\/wp-content\\\/uploads\\\/2024\\\/02\\\/cropped-Eunice_isotipo_rgb_opt.png\",\"contentUrl\":\"https:\\\/\\\/eunicehotel.com\\\/wp-content\\\/uploads\\\/2024\\\/02\\\/cropped-Eunice_isotipo_rgb_opt.png\",\"width\":512,\"height\":512,\"caption\":\"Eunice Hotel Gastron\u00f3mico\"},\"image\":{\"@id\":\"https:\\\/\\\/eunicehotel.com\\\/pt-pt\\\/#\\\/schema\\\/logo\\\/image\\\/\"},\"sameAs\":[\"https:\\\/\\\/www.facebook.com\\\/profile.php?id=100068761792703\",\"https:\\\/\\\/www.instagram.com\\\/eunice.hotel\\\/?hl=es\"]}]}<\/script>\n<!-- \/ Yoast SEO Premium plugin. -->","yoast_head_json":{"title":"Plataforma de Fideliza\u00e7\u00e3o - Eunice","robots":{"index":"index","follow":"follow","max-snippet":"max-snippet:-1","max-image-preview":"max-image-preview:large","max-video-preview":"max-video-preview:-1"},"canonical":"https:\/\/eunicehotel.com\/pt-pt\/plataforma-de-fidelizacao\/","og_locale":"pt_PT","og_type":"article","og_title":"Plataforma de Fideliza\u00e7\u00e3o","og_description":"Termos de Utiliza\u00e7\u00e3o da Plataforma de Fideliza\u00e7\u00e3o \u201cS\u00d3 PARA MEMBROS\u201d para o Eunice Hotel Gastron\u00f3micoDefini\u00e7\u00f5es: \u201cPlataforma\": refere-se \u00e0 Plataforma de Fideliza\u00e7\u00e3o do Eunice Hotel Gastron\u00f3mico \"MEMBERS ONLY\". \u201cUtilizador\": qualquer pessoa que se registe e participe no programa de fideliza\u00e7\u00e3o atrav\u00e9s da Plataforma. \u201cBenef\u00edcios\": vantagens, descontos, brindes, servi\u00e7os especiais e\/ou qualquer outra promo\u00e7\u00e3o oferecida aos Utilizadores\u2026 Read More &raquo;","og_url":"https:\/\/eunicehotel.com\/pt-pt\/plataforma-de-fidelizacao\/","og_site_name":"Eunice","article_publisher":"https:\/\/www.facebook.com\/profile.php?id=100068761792703","article_modified_time":"2025-03-11T13:33:52+00:00","og_image":[{"width":1227,"height":500,"url":"https:\/\/eunicehotel.com\/wp-content\/uploads\/2024\/01\/eunice_logo.png","type":"image\/png"}],"twitter_card":"summary_large_image","twitter_misc":{"Tempo estimado de leitura":"3 minutos"},"schema":{"@context":"https:\/\/schema.org","@graph":[{"@type":"WebPage","@id":"https:\/\/eunicehotel.com\/pt-pt\/plataforma-de-fidelizacao\/","url":"https:\/\/eunicehotel.com\/pt-pt\/plataforma-de-fidelizacao\/","name":"Plataforma de Fideliza\u00e7\u00e3o - Eunice","isPartOf":{"@id":"https:\/\/eunicehotel.com\/pt-pt\/#website"},"datePublished":"2025-03-07T13:34:00+00:00","dateModified":"2025-03-11T13:33:52+00:00","breadcrumb":{"@id":"https:\/\/eunicehotel.com\/pt-pt\/plataforma-de-fidelizacao\/#breadcrumb"},"inLanguage":"pt-PT","potentialAction":[{"@type":"ReadAction","target":["https:\/\/eunicehotel.com\/pt-pt\/plataforma-de-fidelizacao\/"]}]},{"@type":"BreadcrumbList","@id":"https:\/\/eunicehotel.com\/pt-pt\/plataforma-de-fidelizacao\/#breadcrumb","itemListElement":[{"@type":"ListItem","position":1,"name":"Portada","item":"https:\/\/eunicehotel.com\/pt-pt\/"},{"@type":"ListItem","position":2,"name":"Plataforma de Fideliza\u00e7\u00e3o"}]},{"@type":"WebSite","@id":"https:\/\/eunicehotel.com\/pt-pt\/#website","url":"https:\/\/eunicehotel.com\/pt-pt\/","name":"Eunice","description":"Hotel Gastron\u00f3mico","publisher":{"@id":"https:\/\/eunicehotel.com\/pt-pt\/#organization"},"alternateName":"Eunice Hotel","potentialAction":[{"@type":"SearchAction","target":{"@type":"EntryPoint","urlTemplate":"https:\/\/eunicehotel.com\/pt-pt\/?s={search_term_string}"},"query-input":{"@type":"PropertyValueSpecification","valueRequired":true,"valueName":"search_term_string"}}],"inLanguage":"pt-PT"},{"@type":"Organization","@id":"https:\/\/eunicehotel.com\/pt-pt\/#organization","name":"Eunice Hotel Gastron\u00f3mico","alternateName":"Eunice Hotel","url":"https:\/\/eunicehotel.com\/pt-pt\/","logo":{"@type":"ImageObject","inLanguage":"pt-PT","@id":"https:\/\/eunicehotel.com\/pt-pt\/#\/schema\/logo\/image\/","url":"https:\/\/eunicehotel.com\/wp-content\/uploads\/2024\/02\/cropped-Eunice_isotipo_rgb_opt.png","contentUrl":"https:\/\/eunicehotel.com\/wp-content\/uploads\/2024\/02\/cropped-Eunice_isotipo_rgb_opt.png","width":512,"height":512,"caption":"Eunice Hotel Gastron\u00f3mico"},"image":{"@id":"https:\/\/eunicehotel.com\/pt-pt\/#\/schema\/logo\/image\/"},"sameAs":["https:\/\/www.facebook.com\/profile.php?id=100068761792703","https:\/\/www.instagram.com\/eunice.hotel\/?hl=es"]}]}},"_links":{"self":[{"href":"https:\/\/eunicehotel.com\/pt-pt\/wp-json\/wp\/v2\/pages\/1380469","targetHints":{"allow":["GET"]}}],"collection":[{"href":"https:\/\/eunicehotel.com\/pt-pt\/wp-json\/wp\/v2\/pages"}],"about":[{"href":"https:\/\/eunicehotel.com\/pt-pt\/wp-json\/wp\/v2\/types\/page"}],"author":[{"embeddable":true,"href":"https:\/\/eunicehotel.com\/pt-pt\/wp-json\/wp\/v2\/users\/1"}],"replies":[{"embeddable":true,"href":"https:\/\/eunicehotel.com\/pt-pt\/wp-json\/wp\/v2\/comments?post=1380469"}],"version-history":[{"count":2,"href":"https:\/\/eunicehotel.com\/pt-pt\/wp-json\/wp\/v2\/pages\/1380469\/revisions"}],"predecessor-version":[{"id":1380471,"href":"https:\/\/eunicehotel.com\/pt-pt\/wp-json\/wp\/v2\/pages\/1380469\/revisions\/1380471"}],"wp:attachment":[{"href":"https:\/\/eunicehotel.com\/pt-pt\/wp-json\/wp\/v2\/media?parent=1380469"}],"curies":[{"name":"wp","href":"https:\/\/api.w.org\/{rel}","templated":true}]}}