{"id":1379416,"date":"2024-06-10T22:48:13","date_gmt":"2024-06-10T20:48:13","guid":{"rendered":"https:\/\/eunicehotel.com\/experiencias-e-planos\/conocer-ciudad-rodrigo\/"},"modified":"2024-06-26T13:59:42","modified_gmt":"2024-06-26T11:59:42","slug":"conocer-ciudad-rodrigo","status":"publish","type":"page","link":"https:\/\/eunicehotel.com\/pt-pt\/experiencias-e-planos\/conocer-ciudad-rodrigo\/","title":{"rendered":"Conocer Ciudad Rodrigo"},"content":{"rendered":"<p>[et_pb_section fb_built=&#8221;1&#8243; fullwidth=&#8221;on&#8221; _builder_version=&#8221;4.24.1&#8243; hover_enabled=&#8221;0&#8243; global_colors_info=&#8221;{}&#8221; sticky_enabled=&#8221;0&#8243;][et_pb_fullwidth_header title=&#8221;Conhecer Cidade Rodrigo&#8221; text_orientation=&#8221;center&#8221; header_fullscreen=&#8221;on&#8221; _builder_version=&#8221;4.25.1&#8243; title_font=&#8221;&#8211;et_global_heading_font||||||||&#8221; title_text_align=&#8221;center&#8221; title_text_color=&#8221;#FFFFFF&#8221; title_font_size=&#8221;52px&#8221; title_letter_spacing=&#8221;1px&#8221; subhead_font=&#8221;&#8211;et_global_heading_font|||on|||||&#8221; subhead_text_align=&#8221;center&#8221; subhead_text_color=&#8221;#FFFFFF&#8221; subhead_font_size=&#8221;36px&#8221; background_enable_color=&#8221;off&#8221; background_image=&#8221;https:\/\/eunicehotel.com\/wp-content\/uploads\/2024\/06\/actividades_ciudadrodrogo_1920x900.jpg&#8221; background_blend=&#8221;soft-light&#8221; background_layout=&#8221;light&#8221; hover_enabled=&#8221;0&#8243; title_font_size_tablet=&#8221;45px&#8221; title_font_size_phone=&#8221;40px&#8221; title_font_size_last_edited=&#8221;on|phone&#8221; subhead_font_size_tablet=&#8221;&#8221; subhead_font_size_phone=&#8221;18px&#8221; subhead_font_size_last_edited=&#8221;on|phone&#8221; custom_css_title=&#8221;font-weight:400;&#8221; custom_css_subtitle=&#8221;font-weight:400;&#8221; global_colors_info=&#8221;{}&#8221; button_one_text_size__hover_enabled=&#8221;off&#8221; button_two_text_size__hover_enabled=&#8221;off&#8221; button_one_text_color__hover_enabled=&#8221;off&#8221; button_two_text_color__hover_enabled=&#8221;off&#8221; button_one_border_width__hover_enabled=&#8221;off&#8221; button_two_border_width__hover_enabled=&#8221;off&#8221; button_one_border_color__hover_enabled=&#8221;off&#8221; button_two_border_color__hover_enabled=&#8221;off&#8221; button_one_border_radius__hover_enabled=&#8221;off&#8221; button_two_border_radius__hover_enabled=&#8221;off&#8221; button_one_letter_spacing__hover_enabled=&#8221;off&#8221; button_two_letter_spacing__hover_enabled=&#8221;off&#8221; button_one_bg_color__hover_enabled=&#8221;off&#8221; button_two_bg_color__hover_enabled=&#8221;off&#8221; title_text=&#8221;actividades_ciudadrodrogo_1920x900&#8243; sticky_enabled=&#8221;0&#8243;][\/et_pb_fullwidth_header][\/et_pb_section][et_pb_section fb_built=&#8221;1&#8243; _builder_version=&#8221;4.24.1&#8243; _module_preset=&#8221;default&#8221; custom_padding=&#8221;3%||3%||true|false&#8221; global_colors_info=&#8221;{}&#8221;][et_pb_row _builder_version=&#8221;4.24.0&#8243; _module_preset=&#8221;default&#8221; global_colors_info=&#8221;{}&#8221;][et_pb_column type=&#8221;4_4&#8243; _builder_version=&#8221;4.24.0&#8243; _module_preset=&#8221;default&#8221; global_colors_info=&#8221;{}&#8221;][et_pb_image src=&#8221;https:\/\/eunicehotel.com\/wp-content\/uploads\/2024\/06\/logo.png&#8221; title_text=&#8221;logo&#8221; align=&#8221;center&#8221; _builder_version=&#8221;4.25.1&#8243; _module_preset=&#8221;default&#8221; global_colors_info=&#8221;{}&#8221;][\/et_pb_image][et_pb_text _builder_version=&#8221;4.25.1&#8243; header_2_font=&#8221;||||||||&#8221; header_2_text_color=&#8221;#334d4f&#8221; header_2_font_size=&#8221;35px&#8221; header_2_letter_spacing=&#8221;2px&#8221; text_orientation=&#8221;center&#8221; global_colors_info=&#8221;{}&#8221;]<\/p>\n<h2>Conhecer Cidade Rodrigo<\/h2>\n<p>[\/et_pb_text][et_pb_text _builder_version=&#8221;4.25.1&#8243; _module_preset=&#8221;default&#8221; text_letter_spacing=&#8221;1px&#8221; text_orientation=&#8221;justified&#8221; text_font_size_tablet=&#8221;18px&#8221; text_font_size_phone=&#8221;16px&#8221; text_font_size_last_edited=&#8221;on|tablet&#8221; text_orientation_tablet=&#8221;justified&#8221; text_orientation_phone=&#8221;left&#8221; text_orientation_last_edited=&#8221;on|phone&#8221; global_colors_info=&#8221;{}&#8221;]<\/p>\n<p><span style=\"font-weight: 400;\">Cidade Rodrigo, na prov\u00edncia de Salamanca, Espanha, \u00e9 uma cidade com uma rica hist\u00f3ria e um patrim\u00f4nio cultural impressionante. Uno de los principales atractivos es la Catedral de Santa Mar\u00eda, una impresionante catedral g\u00f3tica que data del siglo XII. Sua arquitetura \u00e9 realmente impressionante, com belos vitrais e um magn\u00edfico coro que voc\u00ea n\u00e3o pode deixar de admirar.<\/span><\/p>\n<p><span style=\"font-weight: 400;\">A cidade \u00e9 cercada por muralhas bem preservadas que remontam \u00e0 Idade M\u00e9dia. Caminhar ao redor das muralhas e visitar seus port\u00f5es, como a Puerta del Sol e a Puerta de Santiago, \u00e9 uma \u00f3tima maneira de sentir a hist\u00f3ria de Cidade Rodrigo. Outro destaque \u00e9 o Castillo de Enrique II de Trast\u00e1mara, que agora \u00e9 um hostel. Do castelo, voc\u00ea pode obter uma excelente vista panor\u00e2mica da cidade e seus arredores, enquanto aprende sobre a hist\u00f3ria medieval da regi\u00e3o.<\/span><\/p>\n<p><span style=\"font-weight: 400;\">O cora\u00e7\u00e3o da cidade est\u00e1 na Plaza Mayor, rodeado por edif\u00edcios hist\u00f3ricos e arcadas. Este \u00e9 um lugar perfeito para desfrutar da vida local, tomar uma bebida em um de seus terra\u00e7os e admirar a C\u00e2mara Municipal, um belo edif\u00edcio renascentista. Perto da pra\u00e7a est\u00e1 o Palacio de los \u00c1guila, um impressionante pal\u00e1cio renascentista que agora serve como um centro cultural e museu, ideal para aprender mais sobre a hist\u00f3ria e a cultura locais.<\/span><\/p>\n<p><span style=\"font-weight: 400;\">A Igreja de S\u00e3o Pedro e S\u00e3o Isidoro \u00e9 outra joia arquitet\u00f4nica da cidade, conhecida por sua mistura de estilos g\u00f3tico e rom\u00e2nico. Para uma experi\u00eancia \u00fanica, voc\u00ea pode visitar o Museu do Mict\u00f3rio, que abriga uma cole\u00e7\u00e3o de mais de 1.300 mict\u00f3rios de diferentes \u00e9pocas e lugares. Esta visita peculiar ir\u00e1 surpreend\u00ea-lo e faz\u00ea-lo sorrir.<\/span><\/p>\n<p><span style=\"font-weight: 400;\">Explorar os fossos que cercam a cidade e atravessar as pontes hist\u00f3ricas, como a Ponte Mayor, tamb\u00e9m \u00e9 uma atividade encantadora. Se voc\u00ea tiver a sorte de visitar Cidade Rodrigo durante seu mercado medieval, voc\u00ea desfrutar\u00e1 de uma experi\u00eancia inesquec\u00edvel com reconstitui\u00e7\u00f5es hist\u00f3ricas, barracas de artesanato e comida tradicional.<\/span><\/p>\n<p><span style=\"font-weight: 400;\">O Carnaval do Touro \u00e9 outro evento anual muito popular que combina o carnaval tradicional com eventos de touradas, oferecendo uma ocasi\u00e3o festiva e colorida que atrai muitos visitantes. Para quem procura um ambiente natural, a Praia Mayor, apesar de n\u00e3o ser uma praia no sentido tradicional, \u00e9 uma \u00e1rea de lazer junto ao Rio \u00c1gueda, onde pode desfrutar de atividades ao ar livre.<\/span><\/p>\n<p><span style=\"font-weight: 400;\">Finalmente, os arredores de Cidade Rodrigo oferecem belas paisagens naturais para caminhadas, ciclismo e outras atividades ao ar livre. A Serra da Fran\u00e7a e o Parque Natural Las Batuecas-Sierra da Fran\u00e7a s\u00e3o op\u00e7\u00f5es pr\u00f3ximas que lhe permitir\u00e3o desfrutar da natureza no seu melhor. Em suma, Cidade Rodrigo oferece uma combina\u00e7\u00e3o \u00fanica de hist\u00f3ria, cultura e beleza natural que voc\u00ea sem d\u00favida vai desfrutar. <\/span><\/p>\n<p>[\/et_pb_text][\/et_pb_column][\/et_pb_row][\/et_pb_section]<\/p>\n","protected":false},"excerpt":{"rendered":"<p>Cidade Rodrigo, na prov\u00edncia de Salamanca, Espanha, \u00e9 uma cidade com uma rica hist\u00f3ria e um patrim\u00f4nio cultural impressionante. <\/p>\n","protected":false},"author":2,"featured_media":1378714,"parent":1379398,"menu_order":6,"comment_status":"closed","ping_status":"closed","template":"","meta":{"_acf_changed":false,"_et_pb_use_builder":"on","_et_pb_old_content":"","_et_gb_content_width":"","footnotes":""},"class_list":["post-1379416","page","type-page","status-publish","has-post-thumbnail","hentry"],"acf":[],"yoast_head":"<!-- This site is optimized with the Yoast SEO Premium plugin v22.1 (Yoast SEO v27.3) - https:\/\/yoast.com\/product\/yoast-seo-premium-wordpress\/ -->\n<title>Conocer Ciudad Rodrigo - Eunice<\/title>\n<meta name=\"robots\" content=\"index, follow, max-snippet:-1, max-image-preview:large, max-video-preview:-1\" \/>\n<link rel=\"canonical\" href=\"https:\/\/eunicehotel.com\/pt-pt\/experiencias-e-planos\/conocer-ciudad-rodrigo\/\" \/>\n<meta property=\"og:locale\" content=\"pt_PT\" \/>\n<meta property=\"og:type\" content=\"article\" \/>\n<meta property=\"og:title\" content=\"Conocer Ciudad Rodrigo\" \/>\n<meta property=\"og:description\" content=\"Cidade Rodrigo, na prov\u00edncia de Salamanca, Espanha, \u00e9 uma cidade com uma rica hist\u00f3ria e um patrim\u00f4nio cultural impressionante.\" \/>\n<meta property=\"og:url\" content=\"https:\/\/eunicehotel.com\/pt-pt\/experiencias-e-planos\/conocer-ciudad-rodrigo\/\" \/>\n<meta property=\"og:site_name\" content=\"Eunice\" \/>\n<meta property=\"article:publisher\" content=\"https:\/\/www.facebook.com\/profile.php?id=100068761792703\" \/>\n<meta property=\"article:modified_time\" content=\"2024-06-26T11:59:42+00:00\" \/>\n<meta property=\"og:image\" content=\"https:\/\/eunicehotel.com\/wp-content\/uploads\/2024\/06\/actividades_ciudadrodrogo_650x430-1.jpg\" \/>\n\t<meta property=\"og:image:width\" content=\"650\" \/>\n\t<meta property=\"og:image:height\" content=\"430\" \/>\n\t<meta property=\"og:image:type\" content=\"image\/jpeg\" \/>\n<meta name=\"twitter:card\" content=\"summary_large_image\" \/>\n<meta name=\"twitter:label1\" content=\"Tempo estimado de leitura\" \/>\n\t<meta name=\"twitter:data1\" content=\"4 minutos\" \/>\n<script type=\"application\/ld+json\" class=\"yoast-schema-graph\">{\"@context\":\"https:\\\/\\\/schema.org\",\"@graph\":[{\"@type\":\"WebPage\",\"@id\":\"https:\\\/\\\/eunicehotel.com\\\/pt-pt\\\/experiencias-e-planos\\\/conocer-ciudad-rodrigo\\\/\",\"url\":\"https:\\\/\\\/eunicehotel.com\\\/pt-pt\\\/experiencias-e-planos\\\/conocer-ciudad-rodrigo\\\/\",\"name\":\"Conocer Ciudad Rodrigo - Eunice\",\"isPartOf\":{\"@id\":\"https:\\\/\\\/eunicehotel.com\\\/pt-pt\\\/#website\"},\"primaryImageOfPage\":{\"@id\":\"https:\\\/\\\/eunicehotel.com\\\/pt-pt\\\/experiencias-e-planos\\\/conocer-ciudad-rodrigo\\\/#primaryimage\"},\"image\":{\"@id\":\"https:\\\/\\\/eunicehotel.com\\\/pt-pt\\\/experiencias-e-planos\\\/conocer-ciudad-rodrigo\\\/#primaryimage\"},\"thumbnailUrl\":\"https:\\\/\\\/eunicehotel.com\\\/wp-content\\\/uploads\\\/2024\\\/06\\\/actividades_ciudadrodrogo_650x430-1.jpg\",\"datePublished\":\"2024-06-10T20:48:13+00:00\",\"dateModified\":\"2024-06-26T11:59:42+00:00\",\"breadcrumb\":{\"@id\":\"https:\\\/\\\/eunicehotel.com\\\/pt-pt\\\/experiencias-e-planos\\\/conocer-ciudad-rodrigo\\\/#breadcrumb\"},\"inLanguage\":\"pt-PT\",\"potentialAction\":[{\"@type\":\"ReadAction\",\"target\":[\"https:\\\/\\\/eunicehotel.com\\\/pt-pt\\\/experiencias-e-planos\\\/conocer-ciudad-rodrigo\\\/\"]}]},{\"@type\":\"ImageObject\",\"inLanguage\":\"pt-PT\",\"@id\":\"https:\\\/\\\/eunicehotel.com\\\/pt-pt\\\/experiencias-e-planos\\\/conocer-ciudad-rodrigo\\\/#primaryimage\",\"url\":\"https:\\\/\\\/eunicehotel.com\\\/wp-content\\\/uploads\\\/2024\\\/06\\\/actividades_ciudadrodrogo_650x430-1.jpg\",\"contentUrl\":\"https:\\\/\\\/eunicehotel.com\\\/wp-content\\\/uploads\\\/2024\\\/06\\\/actividades_ciudadrodrogo_650x430-1.jpg\",\"width\":650,\"height\":430},{\"@type\":\"BreadcrumbList\",\"@id\":\"https:\\\/\\\/eunicehotel.com\\\/pt-pt\\\/experiencias-e-planos\\\/conocer-ciudad-rodrigo\\\/#breadcrumb\",\"itemListElement\":[{\"@type\":\"ListItem\",\"position\":1,\"name\":\"Portada\",\"item\":\"https:\\\/\\\/eunicehotel.com\\\/pt-pt\\\/\"},{\"@type\":\"ListItem\",\"position\":2,\"name\":\"EXPERIENCIAS E PLANOS\",\"item\":\"https:\\\/\\\/eunicehotel.com\\\/pt-pt\\\/experiencias-e-planos\\\/?lang=pt-pt\"},{\"@type\":\"ListItem\",\"position\":3,\"name\":\"Conocer Ciudad Rodrigo\"}]},{\"@type\":\"WebSite\",\"@id\":\"https:\\\/\\\/eunicehotel.com\\\/pt-pt\\\/#website\",\"url\":\"https:\\\/\\\/eunicehotel.com\\\/pt-pt\\\/\",\"name\":\"Eunice\",\"description\":\"Hotel Gastron\u00f3mico\",\"publisher\":{\"@id\":\"https:\\\/\\\/eunicehotel.com\\\/pt-pt\\\/#organization\"},\"alternateName\":\"Eunice Hotel\",\"potentialAction\":[{\"@type\":\"SearchAction\",\"target\":{\"@type\":\"EntryPoint\",\"urlTemplate\":\"https:\\\/\\\/eunicehotel.com\\\/pt-pt\\\/?s={search_term_string}\"},\"query-input\":{\"@type\":\"PropertyValueSpecification\",\"valueRequired\":true,\"valueName\":\"search_term_string\"}}],\"inLanguage\":\"pt-PT\"},{\"@type\":\"Organization\",\"@id\":\"https:\\\/\\\/eunicehotel.com\\\/pt-pt\\\/#organization\",\"name\":\"Eunice Hotel Gastron\u00f3mico\",\"alternateName\":\"Eunice Hotel\",\"url\":\"https:\\\/\\\/eunicehotel.com\\\/pt-pt\\\/\",\"logo\":{\"@type\":\"ImageObject\",\"inLanguage\":\"pt-PT\",\"@id\":\"https:\\\/\\\/eunicehotel.com\\\/pt-pt\\\/#\\\/schema\\\/logo\\\/image\\\/\",\"url\":\"https:\\\/\\\/eunicehotel.com\\\/wp-content\\\/uploads\\\/2024\\\/02\\\/cropped-Eunice_isotipo_rgb_opt.png\",\"contentUrl\":\"https:\\\/\\\/eunicehotel.com\\\/wp-content\\\/uploads\\\/2024\\\/02\\\/cropped-Eunice_isotipo_rgb_opt.png\",\"width\":512,\"height\":512,\"caption\":\"Eunice Hotel Gastron\u00f3mico\"},\"image\":{\"@id\":\"https:\\\/\\\/eunicehotel.com\\\/pt-pt\\\/#\\\/schema\\\/logo\\\/image\\\/\"},\"sameAs\":[\"https:\\\/\\\/www.facebook.com\\\/profile.php?id=100068761792703\",\"https:\\\/\\\/www.instagram.com\\\/eunice.hotel\\\/?hl=es\"]}]}<\/script>\n<!-- \/ Yoast SEO Premium plugin. -->","yoast_head_json":{"title":"Conocer Ciudad Rodrigo - Eunice","robots":{"index":"index","follow":"follow","max-snippet":"max-snippet:-1","max-image-preview":"max-image-preview:large","max-video-preview":"max-video-preview:-1"},"canonical":"https:\/\/eunicehotel.com\/pt-pt\/experiencias-e-planos\/conocer-ciudad-rodrigo\/","og_locale":"pt_PT","og_type":"article","og_title":"Conocer Ciudad Rodrigo","og_description":"Cidade Rodrigo, na prov\u00edncia de Salamanca, Espanha, \u00e9 uma cidade com uma rica hist\u00f3ria e um patrim\u00f4nio cultural impressionante.","og_url":"https:\/\/eunicehotel.com\/pt-pt\/experiencias-e-planos\/conocer-ciudad-rodrigo\/","og_site_name":"Eunice","article_publisher":"https:\/\/www.facebook.com\/profile.php?id=100068761792703","article_modified_time":"2024-06-26T11:59:42+00:00","og_image":[{"width":650,"height":430,"url":"https:\/\/eunicehotel.com\/wp-content\/uploads\/2024\/06\/actividades_ciudadrodrogo_650x430-1.jpg","type":"image\/jpeg"}],"twitter_card":"summary_large_image","twitter_misc":{"Tempo estimado de leitura":"4 minutos"},"schema":{"@context":"https:\/\/schema.org","@graph":[{"@type":"WebPage","@id":"https:\/\/eunicehotel.com\/pt-pt\/experiencias-e-planos\/conocer-ciudad-rodrigo\/","url":"https:\/\/eunicehotel.com\/pt-pt\/experiencias-e-planos\/conocer-ciudad-rodrigo\/","name":"Conocer Ciudad Rodrigo - Eunice","isPartOf":{"@id":"https:\/\/eunicehotel.com\/pt-pt\/#website"},"primaryImageOfPage":{"@id":"https:\/\/eunicehotel.com\/pt-pt\/experiencias-e-planos\/conocer-ciudad-rodrigo\/#primaryimage"},"image":{"@id":"https:\/\/eunicehotel.com\/pt-pt\/experiencias-e-planos\/conocer-ciudad-rodrigo\/#primaryimage"},"thumbnailUrl":"https:\/\/eunicehotel.com\/wp-content\/uploads\/2024\/06\/actividades_ciudadrodrogo_650x430-1.jpg","datePublished":"2024-06-10T20:48:13+00:00","dateModified":"2024-06-26T11:59:42+00:00","breadcrumb":{"@id":"https:\/\/eunicehotel.com\/pt-pt\/experiencias-e-planos\/conocer-ciudad-rodrigo\/#breadcrumb"},"inLanguage":"pt-PT","potentialAction":[{"@type":"ReadAction","target":["https:\/\/eunicehotel.com\/pt-pt\/experiencias-e-planos\/conocer-ciudad-rodrigo\/"]}]},{"@type":"ImageObject","inLanguage":"pt-PT","@id":"https:\/\/eunicehotel.com\/pt-pt\/experiencias-e-planos\/conocer-ciudad-rodrigo\/#primaryimage","url":"https:\/\/eunicehotel.com\/wp-content\/uploads\/2024\/06\/actividades_ciudadrodrogo_650x430-1.jpg","contentUrl":"https:\/\/eunicehotel.com\/wp-content\/uploads\/2024\/06\/actividades_ciudadrodrogo_650x430-1.jpg","width":650,"height":430},{"@type":"BreadcrumbList","@id":"https:\/\/eunicehotel.com\/pt-pt\/experiencias-e-planos\/conocer-ciudad-rodrigo\/#breadcrumb","itemListElement":[{"@type":"ListItem","position":1,"name":"Portada","item":"https:\/\/eunicehotel.com\/pt-pt\/"},{"@type":"ListItem","position":2,"name":"EXPERIENCIAS E PLANOS","item":"https:\/\/eunicehotel.com\/pt-pt\/experiencias-e-planos\/?lang=pt-pt"},{"@type":"ListItem","position":3,"name":"Conocer Ciudad Rodrigo"}]},{"@type":"WebSite","@id":"https:\/\/eunicehotel.com\/pt-pt\/#website","url":"https:\/\/eunicehotel.com\/pt-pt\/","name":"Eunice","description":"Hotel Gastron\u00f3mico","publisher":{"@id":"https:\/\/eunicehotel.com\/pt-pt\/#organization"},"alternateName":"Eunice Hotel","potentialAction":[{"@type":"SearchAction","target":{"@type":"EntryPoint","urlTemplate":"https:\/\/eunicehotel.com\/pt-pt\/?s={search_term_string}"},"query-input":{"@type":"PropertyValueSpecification","valueRequired":true,"valueName":"search_term_string"}}],"inLanguage":"pt-PT"},{"@type":"Organization","@id":"https:\/\/eunicehotel.com\/pt-pt\/#organization","name":"Eunice Hotel Gastron\u00f3mico","alternateName":"Eunice Hotel","url":"https:\/\/eunicehotel.com\/pt-pt\/","logo":{"@type":"ImageObject","inLanguage":"pt-PT","@id":"https:\/\/eunicehotel.com\/pt-pt\/#\/schema\/logo\/image\/","url":"https:\/\/eunicehotel.com\/wp-content\/uploads\/2024\/02\/cropped-Eunice_isotipo_rgb_opt.png","contentUrl":"https:\/\/eunicehotel.com\/wp-content\/uploads\/2024\/02\/cropped-Eunice_isotipo_rgb_opt.png","width":512,"height":512,"caption":"Eunice Hotel Gastron\u00f3mico"},"image":{"@id":"https:\/\/eunicehotel.com\/pt-pt\/#\/schema\/logo\/image\/"},"sameAs":["https:\/\/www.facebook.com\/profile.php?id=100068761792703","https:\/\/www.instagram.com\/eunice.hotel\/?hl=es"]}]}},"_links":{"self":[{"href":"https:\/\/eunicehotel.com\/pt-pt\/wp-json\/wp\/v2\/pages\/1379416","targetHints":{"allow":["GET"]}}],"collection":[{"href":"https:\/\/eunicehotel.com\/pt-pt\/wp-json\/wp\/v2\/pages"}],"about":[{"href":"https:\/\/eunicehotel.com\/pt-pt\/wp-json\/wp\/v2\/types\/page"}],"author":[{"embeddable":true,"href":"https:\/\/eunicehotel.com\/pt-pt\/wp-json\/wp\/v2\/users\/2"}],"replies":[{"embeddable":true,"href":"https:\/\/eunicehotel.com\/pt-pt\/wp-json\/wp\/v2\/comments?post=1379416"}],"version-history":[{"count":2,"href":"https:\/\/eunicehotel.com\/pt-pt\/wp-json\/wp\/v2\/pages\/1379416\/revisions"}],"predecessor-version":[{"id":1379418,"href":"https:\/\/eunicehotel.com\/pt-pt\/wp-json\/wp\/v2\/pages\/1379416\/revisions\/1379418"}],"up":[{"embeddable":true,"href":"https:\/\/eunicehotel.com\/pt-pt\/wp-json\/wp\/v2\/pages\/1379398"}],"wp:featuredmedia":[{"embeddable":true,"href":"https:\/\/eunicehotel.com\/pt-pt\/wp-json\/wp\/v2\/media\/1378714"}],"wp:attachment":[{"href":"https:\/\/eunicehotel.com\/pt-pt\/wp-json\/wp\/v2\/media?parent=1379416"}],"curies":[{"name":"wp","href":"https:\/\/api.w.org\/{rel}","templated":true}]}}