{"id":1379407,"date":"2024-06-04T15:13:40","date_gmt":"2024-06-04T13:13:40","guid":{"rendered":"https:\/\/eunicehotel.com\/experiencias-e-planos\/tour-por-las-arribes-del-duero\/"},"modified":"2024-06-26T13:50:54","modified_gmt":"2024-06-26T11:50:54","slug":"tour-por-las-arribes-del-duero","status":"publish","type":"page","link":"https:\/\/eunicehotel.com\/pt-pt\/experiencias-e-planos\/tour-por-las-arribes-del-duero\/","title":{"rendered":"Tour por las Arribes del Duero"},"content":{"rendered":"<p>[et_pb_section fb_built=&#8221;1&#8243; fullwidth=&#8221;on&#8221; _builder_version=&#8221;4.24.1&#8243; global_colors_info=&#8221;{}&#8221;][et_pb_fullwidth_header title=&#8221;Tour por las Arribes del Duero&#8221; text_orientation=&#8221;center&#8221; header_fullscreen=&#8221;on&#8221; _builder_version=&#8221;4.25.1&#8243; title_font=&#8221;&#8211;et_global_heading_font||||||||&#8221; title_text_align=&#8221;center&#8221; title_text_color=&#8221;#FFFFFF&#8221; title_font_size=&#8221;52px&#8221; title_letter_spacing=&#8221;1px&#8221; subhead_font=&#8221;&#8211;et_global_heading_font|||on|||||&#8221; subhead_text_align=&#8221;center&#8221; subhead_text_color=&#8221;#FFFFFF&#8221; subhead_font_size=&#8221;36px&#8221; background_enable_color=&#8221;off&#8221; background_image=&#8221;https:\/\/eunicehotel.com\/wp-content\/uploads\/2024\/06\/actividades_tour-arribes_cabecera_1920x900.jpg&#8221; background_blend=&#8221;soft-light&#8221; background_layout=&#8221;light&#8221; title_font_size_tablet=&#8221;45px&#8221; title_font_size_phone=&#8221;40px&#8221; title_font_size_last_edited=&#8221;on|phone&#8221; subhead_font_size_tablet=&#8221;&#8221; subhead_font_size_phone=&#8221;18px&#8221; subhead_font_size_last_edited=&#8221;on|phone&#8221; custom_css_title=&#8221;font-weight:400;&#8221; custom_css_subtitle=&#8221;font-weight:400;&#8221; global_colors_info=&#8221;{}&#8221; button_one_text_size__hover_enabled=&#8221;off&#8221; button_two_text_size__hover_enabled=&#8221;off&#8221; button_one_text_color__hover_enabled=&#8221;off&#8221; button_two_text_color__hover_enabled=&#8221;off&#8221; button_one_border_width__hover_enabled=&#8221;off&#8221; button_two_border_width__hover_enabled=&#8221;off&#8221; button_one_border_color__hover_enabled=&#8221;off&#8221; button_two_border_color__hover_enabled=&#8221;off&#8221; button_one_border_radius__hover_enabled=&#8221;off&#8221; button_two_border_radius__hover_enabled=&#8221;off&#8221; button_one_letter_spacing__hover_enabled=&#8221;off&#8221; button_two_letter_spacing__hover_enabled=&#8221;off&#8221; button_one_bg_color__hover_enabled=&#8221;off&#8221; button_two_bg_color__hover_enabled=&#8221;off&#8221;][\/et_pb_fullwidth_header][\/et_pb_section][et_pb_section fb_built=&#8221;1&#8243; _builder_version=&#8221;4.24.1&#8243; _module_preset=&#8221;default&#8221; custom_padding=&#8221;3%||3%||true|false&#8221; global_colors_info=&#8221;{}&#8221;][et_pb_row _builder_version=&#8221;4.24.0&#8243; _module_preset=&#8221;default&#8221; global_colors_info=&#8221;{}&#8221;][et_pb_column type=&#8221;4_4&#8243; _builder_version=&#8221;4.24.0&#8243; _module_preset=&#8221;default&#8221; global_colors_info=&#8221;{}&#8221;][et_pb_image src=&#8221;https:\/\/eunicehotel.com\/wp-content\/uploads\/2024\/06\/logo.png&#8221; title_text=&#8221;logo&#8221; align=&#8221;center&#8221; _builder_version=&#8221;4.25.1&#8243; _module_preset=&#8221;default&#8221; global_colors_info=&#8221;{}&#8221;][\/et_pb_image][et_pb_text _builder_version=&#8221;4.25.1&#8243; header_2_font=&#8221;||||||||&#8221; header_2_text_color=&#8221;#334d4f&#8221; header_2_font_size=&#8221;35px&#8221; header_2_letter_spacing=&#8221;2px&#8221; text_orientation=&#8221;center&#8221; hover_enabled=&#8221;0&#8243; global_colors_info=&#8221;{}&#8221; sticky_enabled=&#8221;0&#8243;]<\/p>\n<h2>Tour por las Arribes del Duero<\/h2>\n<p>[\/et_pb_text][et_pb_text _builder_version=&#8221;4.25.1&#8243; _module_preset=&#8221;default&#8221; text_letter_spacing=&#8221;1px&#8221; text_orientation=&#8221;justified&#8221; hover_enabled=&#8221;0&#8243; text_font_size_tablet=&#8221;18px&#8221; text_font_size_phone=&#8221;16px&#8221; text_font_size_last_edited=&#8221;on|tablet&#8221; text_orientation_tablet=&#8221;justified&#8221; text_orientation_phone=&#8221;left&#8221; text_orientation_last_edited=&#8221;on|phone&#8221; global_colors_info=&#8221;{}&#8221; sticky_enabled=&#8221;0&#8243;]<\/p>\n<p>Las Arribes del Duero, localizado na prov\u00edncia de Salamanca, faz parte do Parque Natural Arribes del Duero, uma impressionante \u00e1rea natural caracterizada por seus profundos c\u00e2nions fluviais esculpidos pelos rios Duero e \u00c1gueda. <\/p>\n<p>A \u00e1rea \u00e9 conhecida por sua biodiversidade, incluindo uma grande variedade de aves de rapina, e por suas tradi\u00e7\u00f5es agr\u00edcolas e vitivin\u00edcolas, que ainda s\u00e3o preservadas nas aldeias vizinhas. <\/p>\n<p>Os produtos locais, como vinho, queijo e azeite, destacam-se pela qualidade. Al\u00e9m disso, a regi\u00e3o abriga in\u00fameros mirantes que oferecem vistas espetaculares e trilhas que permitem explorar sua rica biodiversidade e hist\u00f3ria.<\/p>\n<p>Este passeio oferece uma vista completa de Las Arribes del Duero com uma combina\u00e7\u00e3o perfeita de natureza, cultura e gastronomia.<\/p>\n<p>O passeio come\u00e7ar\u00e1 com uma visita a Fermoselle, considerada a &#8220;Porta das Arribes&#8221;, onde voc\u00ea visitar\u00e1 o Centro de Interpreta\u00e7\u00e3o do Parque Natural Arribes del Duero, onde ser\u00e1 feita uma introdu\u00e7\u00e3o da \u00e1rea e todos os seus aspectos.<br \/>Continuaremos com uma rota pelos mirantes, com paradas no Mirador de Las Escaleras e no Mirador de El Fraile. <\/p>\n<p>Ap\u00f3s a descida, continuaremos o passeio no cais Vega Terr\u00f3n, onde come\u00e7ar\u00e1 o cruzeiro fluvial ao longo do rio Duero. Isso proporcionar\u00e1 uma perspectiva diferente para admirar os c\u00e2nions e observar a fauna e flora locais. Finalmente, subiremos ao Mirador del Pic\u00f3n de Felipe em Aldead\u00e1vila de la Ribera, para dizer adeus a Las Arribes del Duero com uma das vistas mais impressionantes.<\/p>\n<p>[\/et_pb_text][\/et_pb_column][\/et_pb_row][\/et_pb_section]<\/p>\n","protected":false},"excerpt":{"rendered":"<p>Arribes del Duero, localizada na prov\u00edncia de Salamanca, forma parte do Parque Natural Arribes del Duero<\/p>\n","protected":false},"author":2,"featured_media":1378585,"parent":1379398,"menu_order":3,"comment_status":"closed","ping_status":"closed","template":"","meta":{"_acf_changed":false,"_et_pb_use_builder":"on","_et_pb_old_content":"","_et_gb_content_width":"","footnotes":""},"class_list":["post-1379407","page","type-page","status-publish","has-post-thumbnail","hentry"],"acf":[],"yoast_head":"<!-- This site is optimized with the Yoast SEO Premium plugin v22.1 (Yoast SEO v27.3) - https:\/\/yoast.com\/product\/yoast-seo-premium-wordpress\/ -->\n<title>Tour por las Arribes del Duero - Eunice<\/title>\n<meta name=\"robots\" content=\"index, follow, max-snippet:-1, max-image-preview:large, max-video-preview:-1\" \/>\n<link rel=\"canonical\" href=\"https:\/\/eunicehotel.com\/pt-pt\/experiencias-e-planos\/tour-por-las-arribes-del-duero\/\" \/>\n<meta property=\"og:locale\" content=\"pt_PT\" \/>\n<meta property=\"og:type\" content=\"article\" \/>\n<meta property=\"og:title\" content=\"Tour por las Arribes del Duero\" \/>\n<meta property=\"og:description\" content=\"Arribes del Duero, localizada na prov\u00edncia de Salamanca, forma parte do Parque Natural Arribes del Duero\" \/>\n<meta property=\"og:url\" content=\"https:\/\/eunicehotel.com\/pt-pt\/experiencias-e-planos\/tour-por-las-arribes-del-duero\/\" \/>\n<meta property=\"og:site_name\" content=\"Eunice\" \/>\n<meta property=\"article:publisher\" content=\"https:\/\/www.facebook.com\/profile.php?id=100068761792703\" \/>\n<meta property=\"article:modified_time\" content=\"2024-06-26T11:50:54+00:00\" \/>\n<meta property=\"og:image\" content=\"https:\/\/eunicehotel.com\/wp-content\/uploads\/2024\/06\/actividades_arribes-del-duero_650x430.jpg\" \/>\n\t<meta property=\"og:image:width\" content=\"650\" \/>\n\t<meta property=\"og:image:height\" content=\"430\" \/>\n\t<meta property=\"og:image:type\" content=\"image\/jpeg\" \/>\n<meta name=\"twitter:card\" content=\"summary_large_image\" \/>\n<meta name=\"twitter:label1\" content=\"Tempo estimado de leitura\" \/>\n\t<meta name=\"twitter:data1\" content=\"3 minutos\" \/>\n<script type=\"application\/ld+json\" class=\"yoast-schema-graph\">{\"@context\":\"https:\\\/\\\/schema.org\",\"@graph\":[{\"@type\":\"WebPage\",\"@id\":\"https:\\\/\\\/eunicehotel.com\\\/pt-pt\\\/experiencias-e-planos\\\/tour-por-las-arribes-del-duero\\\/\",\"url\":\"https:\\\/\\\/eunicehotel.com\\\/pt-pt\\\/experiencias-e-planos\\\/tour-por-las-arribes-del-duero\\\/\",\"name\":\"Tour por las Arribes del Duero - Eunice\",\"isPartOf\":{\"@id\":\"https:\\\/\\\/eunicehotel.com\\\/pt-pt\\\/#website\"},\"primaryImageOfPage\":{\"@id\":\"https:\\\/\\\/eunicehotel.com\\\/pt-pt\\\/experiencias-e-planos\\\/tour-por-las-arribes-del-duero\\\/#primaryimage\"},\"image\":{\"@id\":\"https:\\\/\\\/eunicehotel.com\\\/pt-pt\\\/experiencias-e-planos\\\/tour-por-las-arribes-del-duero\\\/#primaryimage\"},\"thumbnailUrl\":\"https:\\\/\\\/eunicehotel.com\\\/wp-content\\\/uploads\\\/2024\\\/06\\\/actividades_arribes-del-duero_650x430.jpg\",\"datePublished\":\"2024-06-04T13:13:40+00:00\",\"dateModified\":\"2024-06-26T11:50:54+00:00\",\"breadcrumb\":{\"@id\":\"https:\\\/\\\/eunicehotel.com\\\/pt-pt\\\/experiencias-e-planos\\\/tour-por-las-arribes-del-duero\\\/#breadcrumb\"},\"inLanguage\":\"pt-PT\",\"potentialAction\":[{\"@type\":\"ReadAction\",\"target\":[\"https:\\\/\\\/eunicehotel.com\\\/pt-pt\\\/experiencias-e-planos\\\/tour-por-las-arribes-del-duero\\\/\"]}]},{\"@type\":\"ImageObject\",\"inLanguage\":\"pt-PT\",\"@id\":\"https:\\\/\\\/eunicehotel.com\\\/pt-pt\\\/experiencias-e-planos\\\/tour-por-las-arribes-del-duero\\\/#primaryimage\",\"url\":\"https:\\\/\\\/eunicehotel.com\\\/wp-content\\\/uploads\\\/2024\\\/06\\\/actividades_arribes-del-duero_650x430.jpg\",\"contentUrl\":\"https:\\\/\\\/eunicehotel.com\\\/wp-content\\\/uploads\\\/2024\\\/06\\\/actividades_arribes-del-duero_650x430.jpg\",\"width\":650,\"height\":430},{\"@type\":\"BreadcrumbList\",\"@id\":\"https:\\\/\\\/eunicehotel.com\\\/pt-pt\\\/experiencias-e-planos\\\/tour-por-las-arribes-del-duero\\\/#breadcrumb\",\"itemListElement\":[{\"@type\":\"ListItem\",\"position\":1,\"name\":\"Portada\",\"item\":\"https:\\\/\\\/eunicehotel.com\\\/pt-pt\\\/\"},{\"@type\":\"ListItem\",\"position\":2,\"name\":\"EXPERIENCIAS E PLANOS\",\"item\":\"https:\\\/\\\/eunicehotel.com\\\/pt-pt\\\/experiencias-e-planos\\\/?lang=pt-pt\"},{\"@type\":\"ListItem\",\"position\":3,\"name\":\"Tour por las Arribes del Duero\"}]},{\"@type\":\"WebSite\",\"@id\":\"https:\\\/\\\/eunicehotel.com\\\/pt-pt\\\/#website\",\"url\":\"https:\\\/\\\/eunicehotel.com\\\/pt-pt\\\/\",\"name\":\"Eunice\",\"description\":\"Hotel Gastron\u00f3mico\",\"publisher\":{\"@id\":\"https:\\\/\\\/eunicehotel.com\\\/pt-pt\\\/#organization\"},\"alternateName\":\"Eunice Hotel\",\"potentialAction\":[{\"@type\":\"SearchAction\",\"target\":{\"@type\":\"EntryPoint\",\"urlTemplate\":\"https:\\\/\\\/eunicehotel.com\\\/pt-pt\\\/?s={search_term_string}\"},\"query-input\":{\"@type\":\"PropertyValueSpecification\",\"valueRequired\":true,\"valueName\":\"search_term_string\"}}],\"inLanguage\":\"pt-PT\"},{\"@type\":\"Organization\",\"@id\":\"https:\\\/\\\/eunicehotel.com\\\/pt-pt\\\/#organization\",\"name\":\"Eunice Hotel Gastron\u00f3mico\",\"alternateName\":\"Eunice Hotel\",\"url\":\"https:\\\/\\\/eunicehotel.com\\\/pt-pt\\\/\",\"logo\":{\"@type\":\"ImageObject\",\"inLanguage\":\"pt-PT\",\"@id\":\"https:\\\/\\\/eunicehotel.com\\\/pt-pt\\\/#\\\/schema\\\/logo\\\/image\\\/\",\"url\":\"https:\\\/\\\/eunicehotel.com\\\/wp-content\\\/uploads\\\/2024\\\/02\\\/cropped-Eunice_isotipo_rgb_opt.png\",\"contentUrl\":\"https:\\\/\\\/eunicehotel.com\\\/wp-content\\\/uploads\\\/2024\\\/02\\\/cropped-Eunice_isotipo_rgb_opt.png\",\"width\":512,\"height\":512,\"caption\":\"Eunice Hotel Gastron\u00f3mico\"},\"image\":{\"@id\":\"https:\\\/\\\/eunicehotel.com\\\/pt-pt\\\/#\\\/schema\\\/logo\\\/image\\\/\"},\"sameAs\":[\"https:\\\/\\\/www.facebook.com\\\/profile.php?id=100068761792703\",\"https:\\\/\\\/www.instagram.com\\\/eunice.hotel\\\/?hl=es\"]}]}<\/script>\n<!-- \/ Yoast SEO Premium plugin. -->","yoast_head_json":{"title":"Tour por las Arribes del Duero - Eunice","robots":{"index":"index","follow":"follow","max-snippet":"max-snippet:-1","max-image-preview":"max-image-preview:large","max-video-preview":"max-video-preview:-1"},"canonical":"https:\/\/eunicehotel.com\/pt-pt\/experiencias-e-planos\/tour-por-las-arribes-del-duero\/","og_locale":"pt_PT","og_type":"article","og_title":"Tour por las Arribes del Duero","og_description":"Arribes del Duero, localizada na prov\u00edncia de Salamanca, forma parte do Parque Natural Arribes del Duero","og_url":"https:\/\/eunicehotel.com\/pt-pt\/experiencias-e-planos\/tour-por-las-arribes-del-duero\/","og_site_name":"Eunice","article_publisher":"https:\/\/www.facebook.com\/profile.php?id=100068761792703","article_modified_time":"2024-06-26T11:50:54+00:00","og_image":[{"width":650,"height":430,"url":"https:\/\/eunicehotel.com\/wp-content\/uploads\/2024\/06\/actividades_arribes-del-duero_650x430.jpg","type":"image\/jpeg"}],"twitter_card":"summary_large_image","twitter_misc":{"Tempo estimado de leitura":"3 minutos"},"schema":{"@context":"https:\/\/schema.org","@graph":[{"@type":"WebPage","@id":"https:\/\/eunicehotel.com\/pt-pt\/experiencias-e-planos\/tour-por-las-arribes-del-duero\/","url":"https:\/\/eunicehotel.com\/pt-pt\/experiencias-e-planos\/tour-por-las-arribes-del-duero\/","name":"Tour por las Arribes del Duero - Eunice","isPartOf":{"@id":"https:\/\/eunicehotel.com\/pt-pt\/#website"},"primaryImageOfPage":{"@id":"https:\/\/eunicehotel.com\/pt-pt\/experiencias-e-planos\/tour-por-las-arribes-del-duero\/#primaryimage"},"image":{"@id":"https:\/\/eunicehotel.com\/pt-pt\/experiencias-e-planos\/tour-por-las-arribes-del-duero\/#primaryimage"},"thumbnailUrl":"https:\/\/eunicehotel.com\/wp-content\/uploads\/2024\/06\/actividades_arribes-del-duero_650x430.jpg","datePublished":"2024-06-04T13:13:40+00:00","dateModified":"2024-06-26T11:50:54+00:00","breadcrumb":{"@id":"https:\/\/eunicehotel.com\/pt-pt\/experiencias-e-planos\/tour-por-las-arribes-del-duero\/#breadcrumb"},"inLanguage":"pt-PT","potentialAction":[{"@type":"ReadAction","target":["https:\/\/eunicehotel.com\/pt-pt\/experiencias-e-planos\/tour-por-las-arribes-del-duero\/"]}]},{"@type":"ImageObject","inLanguage":"pt-PT","@id":"https:\/\/eunicehotel.com\/pt-pt\/experiencias-e-planos\/tour-por-las-arribes-del-duero\/#primaryimage","url":"https:\/\/eunicehotel.com\/wp-content\/uploads\/2024\/06\/actividades_arribes-del-duero_650x430.jpg","contentUrl":"https:\/\/eunicehotel.com\/wp-content\/uploads\/2024\/06\/actividades_arribes-del-duero_650x430.jpg","width":650,"height":430},{"@type":"BreadcrumbList","@id":"https:\/\/eunicehotel.com\/pt-pt\/experiencias-e-planos\/tour-por-las-arribes-del-duero\/#breadcrumb","itemListElement":[{"@type":"ListItem","position":1,"name":"Portada","item":"https:\/\/eunicehotel.com\/pt-pt\/"},{"@type":"ListItem","position":2,"name":"EXPERIENCIAS E PLANOS","item":"https:\/\/eunicehotel.com\/pt-pt\/experiencias-e-planos\/?lang=pt-pt"},{"@type":"ListItem","position":3,"name":"Tour por las Arribes del Duero"}]},{"@type":"WebSite","@id":"https:\/\/eunicehotel.com\/pt-pt\/#website","url":"https:\/\/eunicehotel.com\/pt-pt\/","name":"Eunice","description":"Hotel Gastron\u00f3mico","publisher":{"@id":"https:\/\/eunicehotel.com\/pt-pt\/#organization"},"alternateName":"Eunice Hotel","potentialAction":[{"@type":"SearchAction","target":{"@type":"EntryPoint","urlTemplate":"https:\/\/eunicehotel.com\/pt-pt\/?s={search_term_string}"},"query-input":{"@type":"PropertyValueSpecification","valueRequired":true,"valueName":"search_term_string"}}],"inLanguage":"pt-PT"},{"@type":"Organization","@id":"https:\/\/eunicehotel.com\/pt-pt\/#organization","name":"Eunice Hotel Gastron\u00f3mico","alternateName":"Eunice Hotel","url":"https:\/\/eunicehotel.com\/pt-pt\/","logo":{"@type":"ImageObject","inLanguage":"pt-PT","@id":"https:\/\/eunicehotel.com\/pt-pt\/#\/schema\/logo\/image\/","url":"https:\/\/eunicehotel.com\/wp-content\/uploads\/2024\/02\/cropped-Eunice_isotipo_rgb_opt.png","contentUrl":"https:\/\/eunicehotel.com\/wp-content\/uploads\/2024\/02\/cropped-Eunice_isotipo_rgb_opt.png","width":512,"height":512,"caption":"Eunice Hotel Gastron\u00f3mico"},"image":{"@id":"https:\/\/eunicehotel.com\/pt-pt\/#\/schema\/logo\/image\/"},"sameAs":["https:\/\/www.facebook.com\/profile.php?id=100068761792703","https:\/\/www.instagram.com\/eunice.hotel\/?hl=es"]}]}},"_links":{"self":[{"href":"https:\/\/eunicehotel.com\/pt-pt\/wp-json\/wp\/v2\/pages\/1379407","targetHints":{"allow":["GET"]}}],"collection":[{"href":"https:\/\/eunicehotel.com\/pt-pt\/wp-json\/wp\/v2\/pages"}],"about":[{"href":"https:\/\/eunicehotel.com\/pt-pt\/wp-json\/wp\/v2\/types\/page"}],"author":[{"embeddable":true,"href":"https:\/\/eunicehotel.com\/pt-pt\/wp-json\/wp\/v2\/users\/2"}],"replies":[{"embeddable":true,"href":"https:\/\/eunicehotel.com\/pt-pt\/wp-json\/wp\/v2\/comments?post=1379407"}],"version-history":[{"count":2,"href":"https:\/\/eunicehotel.com\/pt-pt\/wp-json\/wp\/v2\/pages\/1379407\/revisions"}],"predecessor-version":[{"id":1379409,"href":"https:\/\/eunicehotel.com\/pt-pt\/wp-json\/wp\/v2\/pages\/1379407\/revisions\/1379409"}],"up":[{"embeddable":true,"href":"https:\/\/eunicehotel.com\/pt-pt\/wp-json\/wp\/v2\/pages\/1379398"}],"wp:featuredmedia":[{"embeddable":true,"href":"https:\/\/eunicehotel.com\/pt-pt\/wp-json\/wp\/v2\/media\/1378585"}],"wp:attachment":[{"href":"https:\/\/eunicehotel.com\/pt-pt\/wp-json\/wp\/v2\/media?parent=1379407"}],"curies":[{"name":"wp","href":"https:\/\/api.w.org\/{rel}","templated":true}]}}