{"id":1379398,"date":"2024-06-03T22:57:12","date_gmt":"2024-06-03T20:57:12","guid":{"rendered":"https:\/\/eunicehotel.com\/experiencias-e-planos\/"},"modified":"2025-02-12T18:11:00","modified_gmt":"2025-02-12T17:11:00","slug":"experiencias-e-planos","status":"publish","type":"page","link":"https:\/\/eunicehotel.com\/pt-pt\/experiencias-e-planos\/","title":{"rendered":"EXPERIENCIAS E PLANOS"},"content":{"rendered":"<p>[et_pb_section fb_built=&#8221;1&#8243; fullwidth=&#8221;on&#8221; _builder_version=&#8221;4.24.1&#8243; global_colors_info=&#8221;{}&#8221;][et_pb_fullwidth_header title=&#8221;Experiencias e Planos&#8221; text_orientation=&#8221;center&#8221; header_fullscreen=&#8221;on&#8221; _builder_version=&#8221;4.25.1&#8243; title_font=&#8221;||||||||&#8221; title_text_align=&#8221;center&#8221; title_text_color=&#8221;#FFFFFF&#8221; title_font_size=&#8221;52px&#8221; title_letter_spacing=&#8221;1px&#8221; subhead_font=&#8221;|||on|||||&#8221; subhead_text_align=&#8221;center&#8221; subhead_text_color=&#8221;#FFFFFF&#8221; background_enable_color=&#8221;off&#8221; background_image=&#8221;https:\/\/eunicehotel.com\/wp-content\/uploads\/2024\/06\/actividades-top-1920&#215;900-1.jpg&#8221; background_blend=&#8221;soft-light&#8221; background_layout=&#8221;light&#8221; title_font_size_tablet=&#8221;45px&#8221; title_font_size_phone=&#8221;40px&#8221; title_font_size_last_edited=&#8221;on|phone&#8221; subhead_font_size_tablet=&#8221;&#8221; subhead_font_size_phone=&#8221;18px&#8221; subhead_font_size_last_edited=&#8221;on|phone&#8221; custom_css_title=&#8221;font-weight:400;&#8221; custom_css_subtitle=&#8221;font-weight:400;&#8221; global_colors_info=&#8221;{}&#8221; button_one_text_size__hover_enabled=&#8221;off&#8221; button_two_text_size__hover_enabled=&#8221;off&#8221; button_one_text_color__hover_enabled=&#8221;off&#8221; button_two_text_color__hover_enabled=&#8221;off&#8221; button_one_border_width__hover_enabled=&#8221;off&#8221; button_two_border_width__hover_enabled=&#8221;off&#8221; button_one_border_color__hover_enabled=&#8221;off&#8221; button_two_border_color__hover_enabled=&#8221;off&#8221; button_one_border_radius__hover_enabled=&#8221;off&#8221; button_two_border_radius__hover_enabled=&#8221;off&#8221; button_one_letter_spacing__hover_enabled=&#8221;off&#8221; button_two_letter_spacing__hover_enabled=&#8221;off&#8221; button_one_bg_color__hover_enabled=&#8221;off&#8221; button_two_bg_color__hover_enabled=&#8221;off&#8221;][\/et_pb_fullwidth_header][\/et_pb_section][et_pb_section fb_built=&#8221;1&#8243; _builder_version=&#8221;4.25.1&#8243; _module_preset=&#8221;default&#8221; custom_padding=&#8221;3%||1%||false|false&#8221; global_colors_info=&#8221;{}&#8221;][et_pb_row _builder_version=&#8221;4.25.1&#8243; _module_preset=&#8221;default&#8221; width_tablet=&#8221;&#8221; width_phone=&#8221;95%&#8221; width_last_edited=&#8221;on|phone&#8221; global_colors_info=&#8221;{}&#8221; width__hover_enabled=&#8221;off|desktop&#8221;][et_pb_column type=&#8221;4_4&#8243; _builder_version=&#8221;4.24.0&#8243; _module_preset=&#8221;default&#8221; global_colors_info=&#8221;{}&#8221;][et_pb_image src=&#8221;https:\/\/eunicehotel.com\/wp-content\/uploads\/2024\/06\/logo.png&#8221; title_text=&#8221;logo&#8221; align=&#8221;center&#8221; _builder_version=&#8221;4.25.1&#8243; _module_preset=&#8221;default&#8221; global_colors_info=&#8221;{}&#8221;][\/et_pb_image][et_pb_text _builder_version=&#8221;4.24.0&#8243; header_2_font=&#8221;||||||||&#8221; header_2_text_color=&#8221;#334d4f&#8221; header_2_font_size=&#8221;35px&#8221; header_2_letter_spacing=&#8221;2px&#8221; text_orientation=&#8221;center&#8221; global_colors_info=&#8221;{}&#8221;]<\/p>\n<h2>Planos inigual\u00e1veis em Salamanca<\/h2>\n<p>[\/et_pb_text][et_pb_text _builder_version=&#8221;4.25.1&#8243; _module_preset=&#8221;default&#8221; text_letter_spacing=&#8221;1px&#8221; text_orientation=&#8221;justified&#8221; text_font_size_tablet=&#8221;18px&#8221; text_font_size_phone=&#8221;16px&#8221; text_font_size_last_edited=&#8221;on|tablet&#8221; text_orientation_tablet=&#8221;justified&#8221; text_orientation_phone=&#8221;left&#8221; text_orientation_last_edited=&#8221;on|phone&#8221; global_colors_info=&#8221;{}&#8221;]<\/p>\n<p style=\"text-align: center;\">Nosso Hotel em Salamanca oferece uma variedade de experiencias e planos tur\u00edsticos culturais desenhados para mergulhar em uma rica hist\u00f3ria e tradi\u00e7\u00e3o da prov\u00edncia. Desde de visitas guiadas a monumentos hist\u00f3ricos, museus a passeios por pitorescas cidades medievais, garantindo uma imers\u00e3o profunda na cultural local.<\/p>\n<p style=\"text-align: center;\">Al\u00e9m do mais, organizamos eventos exclusivos, brindado uma experiencia autentica e inovadora. Nossa miss\u00e3o \u00e9 proporcionar a nossos hospedes uma conex\u00e3o genu\u00edna com o patrim\u00f4nio cultural de Salamanca, assegurando uma estancia enriquecedora e memor\u00e1vel. Descubra Salamanca conosco e viva uma experiencia cultural \u00fanica!<\/p>\n<p>[\/et_pb_text][\/et_pb_column][\/et_pb_row][\/et_pb_section][et_pb_section fb_built=&#8221;1&#8243; _builder_version=&#8221;4.25.1&#8243; _module_preset=&#8221;default&#8221; custom_margin=&#8221;0px||0px||true|false&#8221; custom_padding=&#8221;0px||0px||true|false&#8221; global_colors_info=&#8221;{}&#8221;][et_pb_row _builder_version=&#8221;4.25.1&#8243; _module_preset=&#8221;default&#8221; width_tablet=&#8221;&#8221; width_phone=&#8221;95%&#8221; width_last_edited=&#8221;on|phone&#8221; max_width=&#8221;1920px&#8221; custom_margin=&#8221;0px||0px||true|false&#8221; custom_padding=&#8221;0px||2%||false|false&#8221; hover_enabled=&#8221;0&#8243; global_colors_info=&#8221;{}&#8221; width__hover_enabled=&#8221;off|desktop&#8221; sticky_enabled=&#8221;0&#8243;][et_pb_column type=&#8221;4_4&#8243; _builder_version=&#8221;4.25.1&#8243; _module_preset=&#8221;default&#8221; global_colors_info=&#8221;{}&#8221;][et_pb_text _builder_version=&#8221;4.25.1&#8243; _module_preset=&#8221;default&#8221; hover_enabled=&#8221;0&#8243; global_colors_info=&#8221;{}&#8221; width=&#8221;100%&#8221; sticky_enabled=&#8221;0&#8243;]<div class=\"category-section\"><div class=\"actividad-wrapper\">\n            <div class=\"actividad\">\n                <a href=\"https:\/\/eunicehotel.com\/pt-pt\/experiencias-e-planos\/casa-lis\/\" >\n                    <img decoding=\"async\" src=\"https:\/\/eunicehotel.com\/wp-content\/uploads\/2024\/06\/actividades_casa-lis_650x430.jpg\" class=\"img-responsive\"\/>\n                <\/a>\n                <a class=\"category-link\" href=\"https:\/\/eunicehotel.com\/pt-pt\/experiencias-e-planos\/casa-lis\/\"><h3>Casa Lis<\/h3><\/a>\n                <p><p>Planos inigual\u00e1veis em SalamancaNosso Hotel em Salamanca oferece uma variedade de experiencias e planos tur\u00edsticos culturais desenhados para mergulhar em uma rica hist\u00f3ria e tradi\u00e7\u00e3o da prov\u00edncia. Desde de visitas guiadas a monumentos hist\u00f3ricos, museus a passeios por pitorescas cidades medievais, garantindo uma imers\u00e3o profunda na cultural local. Al\u00e9m do mais, organizamos eventos exclusivos, brindado\u2026 <a href=\"https:\/\/eunicehotel.com\/pt-pt\/experiencias-e-planos\/\">Read More &raquo;<\/a><\/p>\n<\/p>\n                \n                <br \/><a class=\"boton-reserva\" href=\"https:\/\/eunicehotel.com\/pt-pt\/experiencias-e-planos\/casa-lis\/\">Saber mais<\/a>\n            <\/div><\/div><div class=\"actividad-wrapper\">\n            <div class=\"actividad\">\n                <a href=\"https:\/\/eunicehotel.com\/pt-pt\/experiencias-e-planos\/visita-la-dehesa\/\" >\n                    <img decoding=\"async\" src=\"https:\/\/eunicehotel.com\/wp-content\/uploads\/2024\/06\/actividades_dehesa_650x430.jpg\" class=\"img-responsive\"\/>\n                <\/a>\n                <a class=\"category-link\" href=\"https:\/\/eunicehotel.com\/pt-pt\/experiencias-e-planos\/visita-la-dehesa\/\"><h3>Visita la Dehesa<\/h3><\/a>\n                <p><p>Planos inigual\u00e1veis em SalamancaNosso Hotel em Salamanca oferece uma variedade de experiencias e planos tur\u00edsticos culturais desenhados para mergulhar em uma rica hist\u00f3ria e tradi\u00e7\u00e3o da prov\u00edncia. Desde de visitas guiadas a monumentos hist\u00f3ricos, museus a passeios por pitorescas cidades medievais, garantindo uma imers\u00e3o profunda na cultural local. Al\u00e9m do mais, organizamos eventos exclusivos, brindado\u2026 <a href=\"https:\/\/eunicehotel.com\/pt-pt\/experiencias-e-planos\/\">Read More &raquo;<\/a><\/p>\n<\/p>\n                \n                <br \/><a class=\"boton-reserva\" href=\"https:\/\/eunicehotel.com\/pt-pt\/experiencias-e-planos\/visita-la-dehesa\/\">Saber mais<\/a>\n            <\/div><\/div><div class=\"actividad-wrapper\">\n            <div class=\"actividad\">\n                <a href=\"https:\/\/eunicehotel.com\/pt-pt\/experiencias-e-planos\/tour-por-las-arribes-del-duero\/\" >\n                    <img decoding=\"async\" src=\"https:\/\/eunicehotel.com\/wp-content\/uploads\/2024\/06\/actividades_arribes-del-duero_650x430.jpg\" class=\"img-responsive\"\/>\n                <\/a>\n                <a class=\"category-link\" href=\"https:\/\/eunicehotel.com\/pt-pt\/experiencias-e-planos\/tour-por-las-arribes-del-duero\/\"><h3>Tour por las Arribes del Duero<\/h3><\/a>\n                <p><p>Planos inigual\u00e1veis em SalamancaNosso Hotel em Salamanca oferece uma variedade de experiencias e planos tur\u00edsticos culturais desenhados para mergulhar em uma rica hist\u00f3ria e tradi\u00e7\u00e3o da prov\u00edncia. Desde de visitas guiadas a monumentos hist\u00f3ricos, museus a passeios por pitorescas cidades medievais, garantindo uma imers\u00e3o profunda na cultural local. Al\u00e9m do mais, organizamos eventos exclusivos, brindado\u2026 <a href=\"https:\/\/eunicehotel.com\/pt-pt\/experiencias-e-planos\/\">Read More &raquo;<\/a><\/p>\n<\/p>\n                \n                <br \/><a class=\"boton-reserva\" href=\"https:\/\/eunicehotel.com\/pt-pt\/experiencias-e-planos\/tour-por-las-arribes-del-duero\/\">Saber mais<\/a>\n            <\/div><\/div><div class=\"actividad-wrapper\">\n            <div class=\"actividad\">\n                <a href=\"https:\/\/eunicehotel.com\/pt-pt\/experiencias-e-planos\/descubra-a-cidade-velha-de-salamanca\/\" >\n                    <img decoding=\"async\" src=\"https:\/\/eunicehotel.com\/wp-content\/uploads\/2024\/06\/actividades_ciudad-vieja_650x430.jpg\" class=\"img-responsive\"\/>\n                <\/a>\n                <a class=\"category-link\" href=\"https:\/\/eunicehotel.com\/pt-pt\/experiencias-e-planos\/descubra-a-cidade-velha-de-salamanca\/\"><h3>Descubra a Cidade Velha de Salamanca<\/h3><\/a>\n                <p><p>Planos inigual\u00e1veis em SalamancaNosso Hotel em Salamanca oferece uma variedade de experiencias e planos tur\u00edsticos culturais desenhados para mergulhar em uma rica hist\u00f3ria e tradi\u00e7\u00e3o da prov\u00edncia. Desde de visitas guiadas a monumentos hist\u00f3ricos, museus a passeios por pitorescas cidades medievais, garantindo uma imers\u00e3o profunda na cultural local. Al\u00e9m do mais, organizamos eventos exclusivos, brindado\u2026 <a href=\"https:\/\/eunicehotel.com\/pt-pt\/experiencias-e-planos\/\">Read More &raquo;<\/a><\/p>\n<\/p>\n                \n                <br \/><a class=\"boton-reserva\" href=\"https:\/\/eunicehotel.com\/pt-pt\/experiencias-e-planos\/descubra-a-cidade-velha-de-salamanca\/\">Saber mais<\/a>\n            <\/div><\/div><div class=\"actividad-wrapper\">\n            <div class=\"actividad\">\n                <a href=\"https:\/\/eunicehotel.com\/pt-pt\/experiencias-e-planos\/passeio-pela-serra-da-franca\/\" >\n                    <img decoding=\"async\" src=\"https:\/\/eunicehotel.com\/wp-content\/uploads\/2024\/06\/actividades_sierra-de-francia_650x430.jpg\" class=\"img-responsive\"\/>\n                <\/a>\n                <a class=\"category-link\" href=\"https:\/\/eunicehotel.com\/pt-pt\/experiencias-e-planos\/passeio-pela-serra-da-franca\/\"><h3>Passeio pela Serra da Fran\u00e7a<\/h3><\/a>\n                <p><p>Planos inigual\u00e1veis em SalamancaNosso Hotel em Salamanca oferece uma variedade de experiencias e planos tur\u00edsticos culturais desenhados para mergulhar em uma rica hist\u00f3ria e tradi\u00e7\u00e3o da prov\u00edncia. Desde de visitas guiadas a monumentos hist\u00f3ricos, museus a passeios por pitorescas cidades medievais, garantindo uma imers\u00e3o profunda na cultural local. Al\u00e9m do mais, organizamos eventos exclusivos, brindado\u2026 <a href=\"https:\/\/eunicehotel.com\/pt-pt\/experiencias-e-planos\/\">Read More &raquo;<\/a><\/p>\n<\/p>\n                \n                <br \/><a class=\"boton-reserva\" href=\"https:\/\/eunicehotel.com\/pt-pt\/experiencias-e-planos\/passeio-pela-serra-da-franca\/\">Saber mais<\/a>\n            <\/div><\/div><div class=\"actividad-wrapper\">\n            <div class=\"actividad\">\n                <a href=\"https:\/\/eunicehotel.com\/pt-pt\/experiencias-e-planos\/conocer-ciudad-rodrigo\/\" >\n                    <img decoding=\"async\" src=\"https:\/\/eunicehotel.com\/wp-content\/uploads\/2024\/06\/actividades_ciudadrodrogo_650x430-1.jpg\" class=\"img-responsive\"\/>\n                <\/a>\n                <a class=\"category-link\" href=\"https:\/\/eunicehotel.com\/pt-pt\/experiencias-e-planos\/conocer-ciudad-rodrigo\/\"><h3>Conocer Ciudad Rodrigo<\/h3><\/a>\n                <p><p>Planos inigual\u00e1veis em SalamancaNosso Hotel em Salamanca oferece uma variedade de experiencias e planos tur\u00edsticos culturais desenhados para mergulhar em uma rica hist\u00f3ria e tradi\u00e7\u00e3o da prov\u00edncia. Desde de visitas guiadas a monumentos hist\u00f3ricos, museus a passeios por pitorescas cidades medievais, garantindo uma imers\u00e3o profunda na cultural local. Al\u00e9m do mais, organizamos eventos exclusivos, brindado\u2026 <a href=\"https:\/\/eunicehotel.com\/pt-pt\/experiencias-e-planos\/\">Read More &raquo;<\/a><\/p>\n<\/p>\n                \n                <br \/><a class=\"boton-reserva\" href=\"https:\/\/eunicehotel.com\/pt-pt\/experiencias-e-planos\/conocer-ciudad-rodrigo\/\">Saber mais<\/a>\n            <\/div><\/div><\/div><div class=\"clearfix\"><\/div>[\/et_pb_text][\/et_pb_column][\/et_pb_row][\/et_pb_section]<\/p>\n","protected":false},"excerpt":{"rendered":"<p>Planos inigual\u00e1veis em SalamancaNosso Hotel em Salamanca oferece uma variedade de experiencias e planos tur\u00edsticos culturais desenhados para mergulhar em uma rica hist\u00f3ria e tradi\u00e7\u00e3o da prov\u00edncia. Desde de visitas guiadas a monumentos hist\u00f3ricos, museus a passeios por pitorescas cidades medievais, garantindo uma imers\u00e3o profunda na cultural local. Al\u00e9m do mais, organizamos eventos exclusivos, brindado\u2026 <a href=\"https:\/\/eunicehotel.com\/pt-pt\/experiencias-e-planos\/\">Read More &raquo;<\/a><\/p>\n","protected":false},"author":2,"featured_media":0,"parent":0,"menu_order":40,"comment_status":"closed","ping_status":"closed","template":"","meta":{"_acf_changed":false,"_et_pb_use_builder":"on","_et_pb_old_content":"","_et_gb_content_width":"","footnotes":""},"class_list":["post-1379398","page","type-page","status-publish","hentry"],"acf":[],"yoast_head":"<!-- This site is optimized with the Yoast SEO Premium plugin v22.1 (Yoast SEO v27.3) - https:\/\/yoast.com\/product\/yoast-seo-premium-wordpress\/ -->\n<title>EXPERIENCIAS E PLANOS - Eunice<\/title>\n<meta name=\"robots\" content=\"index, follow, max-snippet:-1, max-image-preview:large, max-video-preview:-1\" \/>\n<link rel=\"canonical\" href=\"https:\/\/eunicehotel.com\/pt-pt\/experiencias-e-planos\/\" \/>\n<meta property=\"og:locale\" content=\"pt_PT\" \/>\n<meta property=\"og:type\" content=\"article\" \/>\n<meta property=\"og:title\" content=\"EXPERIENCIAS E PLANOS\" \/>\n<meta property=\"og:description\" content=\"Planos inigual\u00e1veis em SalamancaNosso Hotel em Salamanca oferece uma variedade de experiencias e planos tur\u00edsticos culturais desenhados para mergulhar em uma rica hist\u00f3ria e tradi\u00e7\u00e3o da prov\u00edncia. Desde de visitas guiadas a monumentos hist\u00f3ricos, museus a passeios por pitorescas cidades medievais, garantindo uma imers\u00e3o profunda na cultural local. Al\u00e9m do mais, organizamos eventos exclusivos, brindado\u2026 Read More &raquo;\" \/>\n<meta property=\"og:url\" content=\"https:\/\/eunicehotel.com\/pt-pt\/experiencias-e-planos\/\" \/>\n<meta property=\"og:site_name\" content=\"Eunice\" \/>\n<meta property=\"article:publisher\" content=\"https:\/\/www.facebook.com\/profile.php?id=100068761792703\" \/>\n<meta property=\"article:modified_time\" content=\"2025-02-12T17:11:00+00:00\" \/>\n<meta property=\"og:image\" content=\"https:\/\/eunicehotel.com\/wp-content\/uploads\/2024\/01\/eunice_logo.png\" \/>\n\t<meta property=\"og:image:width\" content=\"1227\" \/>\n\t<meta property=\"og:image:height\" content=\"500\" \/>\n\t<meta property=\"og:image:type\" content=\"image\/png\" \/>\n<meta name=\"twitter:card\" content=\"summary_large_image\" \/>\n<meta name=\"twitter:label1\" content=\"Tempo estimado de leitura\" \/>\n\t<meta name=\"twitter:data1\" content=\"3 minutos\" \/>\n<script type=\"application\/ld+json\" class=\"yoast-schema-graph\">{\"@context\":\"https:\\\/\\\/schema.org\",\"@graph\":[{\"@type\":\"WebPage\",\"@id\":\"https:\\\/\\\/eunicehotel.com\\\/pt-pt\\\/experiencias-e-planos\\\/\",\"url\":\"https:\\\/\\\/eunicehotel.com\\\/pt-pt\\\/experiencias-e-planos\\\/\",\"name\":\"EXPERIENCIAS E PLANOS - Eunice\",\"isPartOf\":{\"@id\":\"https:\\\/\\\/eunicehotel.com\\\/pt-pt\\\/#website\"},\"datePublished\":\"2024-06-03T20:57:12+00:00\",\"dateModified\":\"2025-02-12T17:11:00+00:00\",\"breadcrumb\":{\"@id\":\"https:\\\/\\\/eunicehotel.com\\\/pt-pt\\\/experiencias-e-planos\\\/#breadcrumb\"},\"inLanguage\":\"pt-PT\",\"potentialAction\":[{\"@type\":\"ReadAction\",\"target\":[\"https:\\\/\\\/eunicehotel.com\\\/pt-pt\\\/experiencias-e-planos\\\/\"]}]},{\"@type\":\"BreadcrumbList\",\"@id\":\"https:\\\/\\\/eunicehotel.com\\\/pt-pt\\\/experiencias-e-planos\\\/#breadcrumb\",\"itemListElement\":[{\"@type\":\"ListItem\",\"position\":1,\"name\":\"Portada\",\"item\":\"https:\\\/\\\/eunicehotel.com\\\/pt-pt\\\/\"},{\"@type\":\"ListItem\",\"position\":2,\"name\":\"EXPERIENCIAS E PLANOS\"}]},{\"@type\":\"WebSite\",\"@id\":\"https:\\\/\\\/eunicehotel.com\\\/pt-pt\\\/#website\",\"url\":\"https:\\\/\\\/eunicehotel.com\\\/pt-pt\\\/\",\"name\":\"Eunice\",\"description\":\"Hotel Gastron\u00f3mico\",\"publisher\":{\"@id\":\"https:\\\/\\\/eunicehotel.com\\\/pt-pt\\\/#organization\"},\"alternateName\":\"Eunice Hotel\",\"potentialAction\":[{\"@type\":\"SearchAction\",\"target\":{\"@type\":\"EntryPoint\",\"urlTemplate\":\"https:\\\/\\\/eunicehotel.com\\\/pt-pt\\\/?s={search_term_string}\"},\"query-input\":{\"@type\":\"PropertyValueSpecification\",\"valueRequired\":true,\"valueName\":\"search_term_string\"}}],\"inLanguage\":\"pt-PT\"},{\"@type\":\"Organization\",\"@id\":\"https:\\\/\\\/eunicehotel.com\\\/pt-pt\\\/#organization\",\"name\":\"Eunice Hotel Gastron\u00f3mico\",\"alternateName\":\"Eunice Hotel\",\"url\":\"https:\\\/\\\/eunicehotel.com\\\/pt-pt\\\/\",\"logo\":{\"@type\":\"ImageObject\",\"inLanguage\":\"pt-PT\",\"@id\":\"https:\\\/\\\/eunicehotel.com\\\/pt-pt\\\/#\\\/schema\\\/logo\\\/image\\\/\",\"url\":\"https:\\\/\\\/eunicehotel.com\\\/wp-content\\\/uploads\\\/2024\\\/02\\\/cropped-Eunice_isotipo_rgb_opt.png\",\"contentUrl\":\"https:\\\/\\\/eunicehotel.com\\\/wp-content\\\/uploads\\\/2024\\\/02\\\/cropped-Eunice_isotipo_rgb_opt.png\",\"width\":512,\"height\":512,\"caption\":\"Eunice Hotel Gastron\u00f3mico\"},\"image\":{\"@id\":\"https:\\\/\\\/eunicehotel.com\\\/pt-pt\\\/#\\\/schema\\\/logo\\\/image\\\/\"},\"sameAs\":[\"https:\\\/\\\/www.facebook.com\\\/profile.php?id=100068761792703\",\"https:\\\/\\\/www.instagram.com\\\/eunice.hotel\\\/?hl=es\"]}]}<\/script>\n<!-- \/ Yoast SEO Premium plugin. -->","yoast_head_json":{"title":"EXPERIENCIAS E PLANOS - Eunice","robots":{"index":"index","follow":"follow","max-snippet":"max-snippet:-1","max-image-preview":"max-image-preview:large","max-video-preview":"max-video-preview:-1"},"canonical":"https:\/\/eunicehotel.com\/pt-pt\/experiencias-e-planos\/","og_locale":"pt_PT","og_type":"article","og_title":"EXPERIENCIAS E PLANOS","og_description":"Planos inigual\u00e1veis em SalamancaNosso Hotel em Salamanca oferece uma variedade de experiencias e planos tur\u00edsticos culturais desenhados para mergulhar em uma rica hist\u00f3ria e tradi\u00e7\u00e3o da prov\u00edncia. Desde de visitas guiadas a monumentos hist\u00f3ricos, museus a passeios por pitorescas cidades medievais, garantindo uma imers\u00e3o profunda na cultural local. Al\u00e9m do mais, organizamos eventos exclusivos, brindado\u2026 Read More &raquo;","og_url":"https:\/\/eunicehotel.com\/pt-pt\/experiencias-e-planos\/","og_site_name":"Eunice","article_publisher":"https:\/\/www.facebook.com\/profile.php?id=100068761792703","article_modified_time":"2025-02-12T17:11:00+00:00","og_image":[{"width":1227,"height":500,"url":"https:\/\/eunicehotel.com\/wp-content\/uploads\/2024\/01\/eunice_logo.png","type":"image\/png"}],"twitter_card":"summary_large_image","twitter_misc":{"Tempo estimado de leitura":"3 minutos"},"schema":{"@context":"https:\/\/schema.org","@graph":[{"@type":"WebPage","@id":"https:\/\/eunicehotel.com\/pt-pt\/experiencias-e-planos\/","url":"https:\/\/eunicehotel.com\/pt-pt\/experiencias-e-planos\/","name":"EXPERIENCIAS E PLANOS - Eunice","isPartOf":{"@id":"https:\/\/eunicehotel.com\/pt-pt\/#website"},"datePublished":"2024-06-03T20:57:12+00:00","dateModified":"2025-02-12T17:11:00+00:00","breadcrumb":{"@id":"https:\/\/eunicehotel.com\/pt-pt\/experiencias-e-planos\/#breadcrumb"},"inLanguage":"pt-PT","potentialAction":[{"@type":"ReadAction","target":["https:\/\/eunicehotel.com\/pt-pt\/experiencias-e-planos\/"]}]},{"@type":"BreadcrumbList","@id":"https:\/\/eunicehotel.com\/pt-pt\/experiencias-e-planos\/#breadcrumb","itemListElement":[{"@type":"ListItem","position":1,"name":"Portada","item":"https:\/\/eunicehotel.com\/pt-pt\/"},{"@type":"ListItem","position":2,"name":"EXPERIENCIAS E PLANOS"}]},{"@type":"WebSite","@id":"https:\/\/eunicehotel.com\/pt-pt\/#website","url":"https:\/\/eunicehotel.com\/pt-pt\/","name":"Eunice","description":"Hotel Gastron\u00f3mico","publisher":{"@id":"https:\/\/eunicehotel.com\/pt-pt\/#organization"},"alternateName":"Eunice Hotel","potentialAction":[{"@type":"SearchAction","target":{"@type":"EntryPoint","urlTemplate":"https:\/\/eunicehotel.com\/pt-pt\/?s={search_term_string}"},"query-input":{"@type":"PropertyValueSpecification","valueRequired":true,"valueName":"search_term_string"}}],"inLanguage":"pt-PT"},{"@type":"Organization","@id":"https:\/\/eunicehotel.com\/pt-pt\/#organization","name":"Eunice Hotel Gastron\u00f3mico","alternateName":"Eunice Hotel","url":"https:\/\/eunicehotel.com\/pt-pt\/","logo":{"@type":"ImageObject","inLanguage":"pt-PT","@id":"https:\/\/eunicehotel.com\/pt-pt\/#\/schema\/logo\/image\/","url":"https:\/\/eunicehotel.com\/wp-content\/uploads\/2024\/02\/cropped-Eunice_isotipo_rgb_opt.png","contentUrl":"https:\/\/eunicehotel.com\/wp-content\/uploads\/2024\/02\/cropped-Eunice_isotipo_rgb_opt.png","width":512,"height":512,"caption":"Eunice Hotel Gastron\u00f3mico"},"image":{"@id":"https:\/\/eunicehotel.com\/pt-pt\/#\/schema\/logo\/image\/"},"sameAs":["https:\/\/www.facebook.com\/profile.php?id=100068761792703","https:\/\/www.instagram.com\/eunice.hotel\/?hl=es"]}]}},"_links":{"self":[{"href":"https:\/\/eunicehotel.com\/pt-pt\/wp-json\/wp\/v2\/pages\/1379398","targetHints":{"allow":["GET"]}}],"collection":[{"href":"https:\/\/eunicehotel.com\/pt-pt\/wp-json\/wp\/v2\/pages"}],"about":[{"href":"https:\/\/eunicehotel.com\/pt-pt\/wp-json\/wp\/v2\/types\/page"}],"author":[{"embeddable":true,"href":"https:\/\/eunicehotel.com\/pt-pt\/wp-json\/wp\/v2\/users\/2"}],"replies":[{"embeddable":true,"href":"https:\/\/eunicehotel.com\/pt-pt\/wp-json\/wp\/v2\/comments?post=1379398"}],"version-history":[{"count":4,"href":"https:\/\/eunicehotel.com\/pt-pt\/wp-json\/wp\/v2\/pages\/1379398\/revisions"}],"predecessor-version":[{"id":1380380,"href":"https:\/\/eunicehotel.com\/pt-pt\/wp-json\/wp\/v2\/pages\/1379398\/revisions\/1380380"}],"wp:attachment":[{"href":"https:\/\/eunicehotel.com\/pt-pt\/wp-json\/wp\/v2\/media?parent=1379398"}],"curies":[{"name":"wp","href":"https:\/\/api.w.org\/{rel}","templated":true}]}}