{"id":1377842,"date":"2024-02-14T11:47:29","date_gmt":"2024-02-14T10:47:29","guid":{"rendered":"https:\/\/eunicehotel.com\/termos-e-condicoes-de-reserva\/"},"modified":"2024-04-09T09:22:50","modified_gmt":"2024-04-09T07:22:50","slug":"termos-e-condicoes-de-reserva","status":"publish","type":"page","link":"https:\/\/eunicehotel.com\/pt-pt\/termos-e-condicoes-de-reserva\/","title":{"rendered":"Termos e condi\u00e7\u00f5es de reserva"},"content":{"rendered":"\n[et_pb_section fb_built=&#8221;1&#8243; _builder_version=&#8221;4.19.5&#8243; _module_preset=&#8221;default&#8221; global_colors_info=&#8221;{}&#8221;][et_pb_row _builder_version=&#8221;4.19.5&#8243; _module_preset=&#8221;default&#8221; global_colors_info=&#8221;{}&#8221;][et_pb_column type=&#8221;4_4&#8243; _builder_version=&#8221;4.19.5&#8243; _module_preset=&#8221;default&#8221; global_colors_info=&#8221;{}&#8221;][et_pb_text _builder_version=&#8221;4.24.0&#8243; _module_preset=&#8221;default&#8221; header_font=&#8221;|700|||||||&#8221; header_letter_spacing=&#8221;1px&#8221; global_colors_info=&#8221;{}&#8221;]<h1>Condi\u00e7\u00f5es gerais de reserva<\/h1>[\/et_pb_text][\/et_pb_column][\/et_pb_row][et_pb_row _builder_version=&#8221;4.19.5&#8243; _module_preset=&#8221;default&#8221; global_colors_info=&#8221;{}&#8221;][et_pb_column type=&#8221;4_4&#8243; _builder_version=&#8221;4.19.5&#8243; _module_preset=&#8221;default&#8221; global_colors_info=&#8221;{}&#8221;][et_pb_text _builder_version=&#8221;4.24.0&#8243; _module_preset=&#8221;default&#8221; text_line_height=&#8221;1.9em&#8221; header_font=&#8221;|700|||||||&#8221; header_letter_spacing=&#8221;1px&#8221; text_orientation=&#8221;justified&#8221; text_orientation_tablet=&#8221;justified&#8221; text_orientation_phone=&#8221;left&#8221; text_orientation_last_edited=&#8221;on|desktop&#8221; global_colors_info=&#8221;{}&#8221;]<p>Estas Condi\u00e7\u00f5es Gerais, juntamente com as condi\u00e7\u00f5es espec\u00edficas da reserva, regulam as condi\u00e7\u00f5es da sua reserva. A reserva est\u00e1 sujeita \u00e0 legisla\u00e7\u00e3o do pa\u00eds de estabelecimento e \u00e0 legisla\u00e7\u00e3o local, e aos direitos do consumidor dependendo do seu domic\u00edlio.<\/p>\n<p>Prote\u00e7\u00e3o de dados pessoais: a execu\u00e7\u00e3o da reserva implica o tratamento de dados pessoais por parte do operador da reserva e do estabelecimento. Para direitos de prote\u00e7\u00e3o de dados e informa\u00e7\u00f5es detalhadas, consulte a se\u00e7\u00e3o \u201cpol\u00edtica de privacidade\u201d. Operador de reservas: HOTEL EUNICE SL, Registro Comercial de Salamanca volume 491, F\u00f3lio 165, Folha SA-17209, CIF B37570801. Estabelecimento: Eunice Hotel Gastron\u00f4mico.<\/p>\n<p>Endere\u00e7o e informa\u00e7\u00f5es de contato: consulte a se\u00e7\u00e3o de contato do site.<\/p>\n<p>Idade m\u00ednima para fazer reserva: 18 anos.<\/p>\n<p>Idade Forma de pagamento: conforme indicado no processo de reserva, aceita-se pagamento por Visa \/ Mastercard. Pode ser utilizado para verificar a validade dos dados do cart\u00e3o, pr\u00e9-autoriza\u00e7\u00e3o banc\u00e1ria ou adiantamento (total ou parcial) de acordo com as condi\u00e7\u00f5es da sua reserva.<\/p>\n<p>Pre\u00e7os: os pre\u00e7os apresentados s\u00e3o com IVA. As taxas tur\u00edsticas (se aplic\u00e1veis) n\u00e3o est\u00e3o inclu\u00eddas no pre\u00e7o e ser\u00e3o especificadas separadamente nas condi\u00e7\u00f5es espec\u00edficas da sua reserva.<\/p>\n<p>Custos de envio: n\u00e3o se aplica<\/p>\n<p>Departamento de atendimento ao cliente: voc\u00ea pode entrar em contato com a recep\u00e7\u00e3o do estabelecimento; Consulte a se\u00e7\u00e3o de contato do site.<\/p>\n<p>Pol\u00edtica de cancelamento: a pol\u00edtica de cancelamento \u00e9 indicada no momento da reserva nas condi\u00e7\u00f5es particulares. No caso de reservas n\u00e3o reembols\u00e1veis, se cancelar ou n\u00e3o comparecer, o seu pagamento n\u00e3o ser\u00e1 reembolsado. Caso n\u00e3o esteja estabelecida uma pol\u00edtica de cancelamento nas condi\u00e7\u00f5es de reserva, aplicar-se-\u00e1 o disposto na legisla\u00e7\u00e3o em vigor. Uma vez hospedado, o cancelamento estar\u00e1 sujeito \u00e0 pol\u00edtica do estabelecimento.<\/p>\n<p>Direito de rescis\u00e3o: de acordo com a regulamenta\u00e7\u00e3o do consumidor, o direito de rescis\u00e3o n\u00e3o se aplica.<\/p>\n<p>Resolu\u00e7\u00e3o de conflitos: informamos a exist\u00eancia de uma plataforma online de resolu\u00e7\u00e3o extrajudicial de lit\u00edgios disponibilizada pela Comiss\u00e3o Europeia, dispon\u00edvel em: <u><a href=\"https:\/\/webgate.ec.europa.eu\/odr\/main\/index.cfm?event=main.home.chooseLanguage\">https:\/\/webgate.ec.europa.eu\/odr\/main\/index.cfm?event=main.home.chooseLanguage<\/a><\/u> e atrav\u00e9s do qual os consumidores podem apresentar as suas reclama\u00e7\u00f5es.<\/p>[\/et_pb_text][\/et_pb_column][\/et_pb_row][\/et_pb_section]\n","protected":false},"excerpt":{"rendered":"<p>Condi\u00e7\u00f5es gerais de reservaEstas Condi\u00e7\u00f5es Gerais, juntamente com as condi\u00e7\u00f5es espec\u00edficas da reserva, regulam as condi\u00e7\u00f5es da sua reserva. A reserva est\u00e1 sujeita \u00e0 legisla\u00e7\u00e3o do pa\u00eds de estabelecimento e \u00e0 legisla\u00e7\u00e3o local, e aos direitos do consumidor dependendo do seu domic\u00edlio. Prote\u00e7\u00e3o de dados pessoais: a execu\u00e7\u00e3o da reserva implica o tratamento de dados\u2026 <a href=\"https:\/\/eunicehotel.com\/pt-pt\/termos-e-condicoes-de-reserva\/\">Read More &raquo;<\/a><\/p>\n","protected":false},"author":1,"featured_media":0,"parent":0,"menu_order":99,"comment_status":"closed","ping_status":"closed","template":"","meta":{"_acf_changed":false,"_et_pb_use_builder":"on","_et_pb_old_content":"","_et_gb_content_width":"","footnotes":""},"class_list":["post-1377842","page","type-page","status-publish","hentry"],"acf":[],"yoast_head":"<!-- This site is optimized with the Yoast SEO Premium plugin v22.1 (Yoast SEO v27.3) - https:\/\/yoast.com\/product\/yoast-seo-premium-wordpress\/ -->\n<title>Termos e condi\u00e7\u00f5es de reserva - Eunice<\/title>\n<meta name=\"robots\" content=\"noindex, nofollow\" \/>\n<meta property=\"og:locale\" content=\"pt_PT\" \/>\n<meta property=\"og:type\" content=\"article\" \/>\n<meta property=\"og:title\" content=\"Termos e condi\u00e7\u00f5es de reserva\" \/>\n<meta property=\"og:description\" content=\"Condi\u00e7\u00f5es gerais de reservaEstas Condi\u00e7\u00f5es Gerais, juntamente com as condi\u00e7\u00f5es espec\u00edficas da reserva, regulam as condi\u00e7\u00f5es da sua reserva. A reserva est\u00e1 sujeita \u00e0 legisla\u00e7\u00e3o do pa\u00eds de estabelecimento e \u00e0 legisla\u00e7\u00e3o local, e aos direitos do consumidor dependendo do seu domic\u00edlio. Prote\u00e7\u00e3o de dados pessoais: a execu\u00e7\u00e3o da reserva implica o tratamento de dados\u2026 Read More &raquo;\" \/>\n<meta property=\"og:url\" content=\"https:\/\/eunicehotel.com\/pt-pt\/termos-e-condicoes-de-reserva\/\" \/>\n<meta property=\"og:site_name\" content=\"Eunice\" \/>\n<meta property=\"article:publisher\" content=\"https:\/\/www.facebook.com\/profile.php?id=100068761792703\" \/>\n<meta property=\"article:modified_time\" content=\"2024-04-09T07:22:50+00:00\" \/>\n<meta property=\"og:image\" content=\"https:\/\/eunicehotel.com\/wp-content\/uploads\/2024\/01\/eunice_logo.png\" \/>\n\t<meta property=\"og:image:width\" content=\"1227\" \/>\n\t<meta property=\"og:image:height\" content=\"500\" \/>\n\t<meta property=\"og:image:type\" content=\"image\/png\" \/>\n<meta name=\"twitter:card\" content=\"summary_large_image\" \/>\n<meta name=\"twitter:label1\" content=\"Tempo estimado de leitura\" \/>\n\t<meta name=\"twitter:data1\" content=\"3 minutos\" \/>\n<script type=\"application\/ld+json\" class=\"yoast-schema-graph\">{\"@context\":\"https:\\\/\\\/schema.org\",\"@graph\":[{\"@type\":\"WebPage\",\"@id\":\"https:\\\/\\\/eunicehotel.com\\\/pt-pt\\\/termos-e-condicoes-de-reserva\\\/\",\"url\":\"https:\\\/\\\/eunicehotel.com\\\/pt-pt\\\/termos-e-condicoes-de-reserva\\\/\",\"name\":\"Termos e condi\u00e7\u00f5es de reserva - Eunice\",\"isPartOf\":{\"@id\":\"https:\\\/\\\/eunicehotel.com\\\/pt-pt\\\/#website\"},\"datePublished\":\"2024-02-14T10:47:29+00:00\",\"dateModified\":\"2024-04-09T07:22:50+00:00\",\"breadcrumb\":{\"@id\":\"https:\\\/\\\/eunicehotel.com\\\/pt-pt\\\/termos-e-condicoes-de-reserva\\\/#breadcrumb\"},\"inLanguage\":\"pt-PT\",\"potentialAction\":[{\"@type\":\"ReadAction\",\"target\":[\"https:\\\/\\\/eunicehotel.com\\\/pt-pt\\\/termos-e-condicoes-de-reserva\\\/\"]}]},{\"@type\":\"BreadcrumbList\",\"@id\":\"https:\\\/\\\/eunicehotel.com\\\/pt-pt\\\/termos-e-condicoes-de-reserva\\\/#breadcrumb\",\"itemListElement\":[{\"@type\":\"ListItem\",\"position\":1,\"name\":\"Portada\",\"item\":\"https:\\\/\\\/eunicehotel.com\\\/pt-pt\\\/\"},{\"@type\":\"ListItem\",\"position\":2,\"name\":\"Termos e condi\u00e7\u00f5es de reserva\"}]},{\"@type\":\"WebSite\",\"@id\":\"https:\\\/\\\/eunicehotel.com\\\/pt-pt\\\/#website\",\"url\":\"https:\\\/\\\/eunicehotel.com\\\/pt-pt\\\/\",\"name\":\"Eunice\",\"description\":\"Hotel Gastron\u00f3mico\",\"publisher\":{\"@id\":\"https:\\\/\\\/eunicehotel.com\\\/pt-pt\\\/#organization\"},\"alternateName\":\"Eunice Hotel\",\"potentialAction\":[{\"@type\":\"SearchAction\",\"target\":{\"@type\":\"EntryPoint\",\"urlTemplate\":\"https:\\\/\\\/eunicehotel.com\\\/pt-pt\\\/?s={search_term_string}\"},\"query-input\":{\"@type\":\"PropertyValueSpecification\",\"valueRequired\":true,\"valueName\":\"search_term_string\"}}],\"inLanguage\":\"pt-PT\"},{\"@type\":\"Organization\",\"@id\":\"https:\\\/\\\/eunicehotel.com\\\/pt-pt\\\/#organization\",\"name\":\"Eunice Hotel Gastron\u00f3mico\",\"alternateName\":\"Eunice Hotel\",\"url\":\"https:\\\/\\\/eunicehotel.com\\\/pt-pt\\\/\",\"logo\":{\"@type\":\"ImageObject\",\"inLanguage\":\"pt-PT\",\"@id\":\"https:\\\/\\\/eunicehotel.com\\\/pt-pt\\\/#\\\/schema\\\/logo\\\/image\\\/\",\"url\":\"https:\\\/\\\/eunicehotel.com\\\/wp-content\\\/uploads\\\/2024\\\/02\\\/cropped-Eunice_isotipo_rgb_opt.png\",\"contentUrl\":\"https:\\\/\\\/eunicehotel.com\\\/wp-content\\\/uploads\\\/2024\\\/02\\\/cropped-Eunice_isotipo_rgb_opt.png\",\"width\":512,\"height\":512,\"caption\":\"Eunice Hotel Gastron\u00f3mico\"},\"image\":{\"@id\":\"https:\\\/\\\/eunicehotel.com\\\/pt-pt\\\/#\\\/schema\\\/logo\\\/image\\\/\"},\"sameAs\":[\"https:\\\/\\\/www.facebook.com\\\/profile.php?id=100068761792703\",\"https:\\\/\\\/www.instagram.com\\\/eunice.hotel\\\/?hl=es\"]}]}<\/script>\n<!-- \/ Yoast SEO Premium plugin. -->","yoast_head_json":{"title":"Termos e condi\u00e7\u00f5es de reserva - Eunice","robots":{"index":"noindex","follow":"nofollow"},"og_locale":"pt_PT","og_type":"article","og_title":"Termos e condi\u00e7\u00f5es de reserva","og_description":"Condi\u00e7\u00f5es gerais de reservaEstas Condi\u00e7\u00f5es Gerais, juntamente com as condi\u00e7\u00f5es espec\u00edficas da reserva, regulam as condi\u00e7\u00f5es da sua reserva. A reserva est\u00e1 sujeita \u00e0 legisla\u00e7\u00e3o do pa\u00eds de estabelecimento e \u00e0 legisla\u00e7\u00e3o local, e aos direitos do consumidor dependendo do seu domic\u00edlio. Prote\u00e7\u00e3o de dados pessoais: a execu\u00e7\u00e3o da reserva implica o tratamento de dados\u2026 Read More &raquo;","og_url":"https:\/\/eunicehotel.com\/pt-pt\/termos-e-condicoes-de-reserva\/","og_site_name":"Eunice","article_publisher":"https:\/\/www.facebook.com\/profile.php?id=100068761792703","article_modified_time":"2024-04-09T07:22:50+00:00","og_image":[{"width":1227,"height":500,"url":"https:\/\/eunicehotel.com\/wp-content\/uploads\/2024\/01\/eunice_logo.png","type":"image\/png"}],"twitter_card":"summary_large_image","twitter_misc":{"Tempo estimado de leitura":"3 minutos"},"schema":{"@context":"https:\/\/schema.org","@graph":[{"@type":"WebPage","@id":"https:\/\/eunicehotel.com\/pt-pt\/termos-e-condicoes-de-reserva\/","url":"https:\/\/eunicehotel.com\/pt-pt\/termos-e-condicoes-de-reserva\/","name":"Termos e condi\u00e7\u00f5es de reserva - Eunice","isPartOf":{"@id":"https:\/\/eunicehotel.com\/pt-pt\/#website"},"datePublished":"2024-02-14T10:47:29+00:00","dateModified":"2024-04-09T07:22:50+00:00","breadcrumb":{"@id":"https:\/\/eunicehotel.com\/pt-pt\/termos-e-condicoes-de-reserva\/#breadcrumb"},"inLanguage":"pt-PT","potentialAction":[{"@type":"ReadAction","target":["https:\/\/eunicehotel.com\/pt-pt\/termos-e-condicoes-de-reserva\/"]}]},{"@type":"BreadcrumbList","@id":"https:\/\/eunicehotel.com\/pt-pt\/termos-e-condicoes-de-reserva\/#breadcrumb","itemListElement":[{"@type":"ListItem","position":1,"name":"Portada","item":"https:\/\/eunicehotel.com\/pt-pt\/"},{"@type":"ListItem","position":2,"name":"Termos e condi\u00e7\u00f5es de reserva"}]},{"@type":"WebSite","@id":"https:\/\/eunicehotel.com\/pt-pt\/#website","url":"https:\/\/eunicehotel.com\/pt-pt\/","name":"Eunice","description":"Hotel Gastron\u00f3mico","publisher":{"@id":"https:\/\/eunicehotel.com\/pt-pt\/#organization"},"alternateName":"Eunice Hotel","potentialAction":[{"@type":"SearchAction","target":{"@type":"EntryPoint","urlTemplate":"https:\/\/eunicehotel.com\/pt-pt\/?s={search_term_string}"},"query-input":{"@type":"PropertyValueSpecification","valueRequired":true,"valueName":"search_term_string"}}],"inLanguage":"pt-PT"},{"@type":"Organization","@id":"https:\/\/eunicehotel.com\/pt-pt\/#organization","name":"Eunice Hotel Gastron\u00f3mico","alternateName":"Eunice Hotel","url":"https:\/\/eunicehotel.com\/pt-pt\/","logo":{"@type":"ImageObject","inLanguage":"pt-PT","@id":"https:\/\/eunicehotel.com\/pt-pt\/#\/schema\/logo\/image\/","url":"https:\/\/eunicehotel.com\/wp-content\/uploads\/2024\/02\/cropped-Eunice_isotipo_rgb_opt.png","contentUrl":"https:\/\/eunicehotel.com\/wp-content\/uploads\/2024\/02\/cropped-Eunice_isotipo_rgb_opt.png","width":512,"height":512,"caption":"Eunice Hotel Gastron\u00f3mico"},"image":{"@id":"https:\/\/eunicehotel.com\/pt-pt\/#\/schema\/logo\/image\/"},"sameAs":["https:\/\/www.facebook.com\/profile.php?id=100068761792703","https:\/\/www.instagram.com\/eunice.hotel\/?hl=es"]}]}},"_links":{"self":[{"href":"https:\/\/eunicehotel.com\/pt-pt\/wp-json\/wp\/v2\/pages\/1377842","targetHints":{"allow":["GET"]}}],"collection":[{"href":"https:\/\/eunicehotel.com\/pt-pt\/wp-json\/wp\/v2\/pages"}],"about":[{"href":"https:\/\/eunicehotel.com\/pt-pt\/wp-json\/wp\/v2\/types\/page"}],"author":[{"embeddable":true,"href":"https:\/\/eunicehotel.com\/pt-pt\/wp-json\/wp\/v2\/users\/1"}],"replies":[{"embeddable":true,"href":"https:\/\/eunicehotel.com\/pt-pt\/wp-json\/wp\/v2\/comments?post=1377842"}],"version-history":[{"count":1,"href":"https:\/\/eunicehotel.com\/pt-pt\/wp-json\/wp\/v2\/pages\/1377842\/revisions"}],"predecessor-version":[{"id":1377843,"href":"https:\/\/eunicehotel.com\/pt-pt\/wp-json\/wp\/v2\/pages\/1377842\/revisions\/1377843"}],"wp:attachment":[{"href":"https:\/\/eunicehotel.com\/pt-pt\/wp-json\/wp\/v2\/media?parent=1377842"}],"curies":[{"name":"wp","href":"https:\/\/api.w.org\/{rel}","templated":true}]}}