{"id":1377838,"date":"2024-02-14T12:16:49","date_gmt":"2024-02-14T11:16:49","guid":{"rendered":"https:\/\/eunicehotel.com\/politica-de-cookies\/"},"modified":"2024-04-09T09:12:17","modified_gmt":"2024-04-09T07:12:17","slug":"politica-de-cookies","status":"publish","type":"page","link":"https:\/\/eunicehotel.com\/pt-pt\/politica-de-cookies\/","title":{"rendered":"Pol\u00edtica de cookies"},"content":{"rendered":"\n[et_pb_section fb_built=&#8221;1&#8243; _builder_version=&#8221;4.19.5&#8243; _module_preset=&#8221;default&#8221; global_colors_info=&#8221;{}&#8221;][et_pb_row _builder_version=&#8221;4.19.5&#8243; _module_preset=&#8221;default&#8221; global_colors_info=&#8221;{}&#8221;][et_pb_column type=&#8221;4_4&#8243; _builder_version=&#8221;4.19.5&#8243; _module_preset=&#8221;default&#8221; global_colors_info=&#8221;{}&#8221;][et_pb_text _builder_version=&#8221;4.24.0&#8243; _module_preset=&#8221;default&#8221; header_font=&#8221;|700|||||||&#8221; header_letter_spacing=&#8221;1px&#8221; global_colors_info=&#8221;{}&#8221;]<h1>Pol\u00edtica de cookies<\/h1>[\/et_pb_text][\/et_pb_column][\/et_pb_row][et_pb_row _builder_version=&#8221;4.19.5&#8243; _module_preset=&#8221;default&#8221; global_colors_info=&#8221;{}&#8221;][et_pb_column type=&#8221;4_4&#8243; _builder_version=&#8221;4.19.5&#8243; _module_preset=&#8221;default&#8221; global_colors_info=&#8221;{}&#8221;][et_pb_text _builder_version=&#8221;4.24.0&#8243; _module_preset=&#8221;default&#8221; text_line_height=&#8221;1.9em&#8221; header_font=&#8221;|700|||||||&#8221; header_letter_spacing=&#8221;1px&#8221; text_orientation=&#8221;justified&#8221; text_orientation_tablet=&#8221;justified&#8221; text_orientation_phone=&#8221;left&#8221; text_orientation_last_edited=&#8221;on|desktop&#8221; global_colors_info=&#8221;{}&#8221;]<p>Este website (<a href=\"http:\/\/www.bambubrasas.com\">www.eunicehotel.com<\/a>) utiliza cookies, que s\u00e3o pequenos ficheiros que s\u00e3o descarregados para o seu computador quando acede a determinadas p\u00e1ginas web. Os cookies permitem a um website, entre outras coisas, armazenar e recuperar informa\u00e7\u00e3o sobre os h\u00e1bitos de navega\u00e7\u00e3o de um utilizador ou do seu equipamento, dependendo da informa\u00e7\u00e3o que contenham e da forma como utiliza o seu equipamento. Os cookies utilizados s\u00e3o, em qualquer caso, de natureza tempor\u00e1ria, com a \u00fanica finalidade de tornar a navega\u00e7\u00e3o mais eficiente, e desaparecem quando termina a sess\u00e3o do utilizador. Em nenhum caso estes cookies fornecem dados pessoais por si s\u00f3 e n\u00e3o ser\u00e3o utilizados para os recolher.<\/p>\n<p>O Site utiliza o Google Analytics, um servi\u00e7o anal\u00edtico da Google, Inc. (\u201cGoogle\u201d). O Google Analytics utiliza cookies, arquivos de texto localizados no seu computador, com o objetivo de realizar an\u00e1lises da Web sobre como os usu\u00e1rios utilizam a Web. As informa\u00e7\u00f5es geradas pelo cookie sobre a sua utiliza\u00e7\u00e3o do Site (incluindo o seu endere\u00e7o IP) ser\u00e3o transmitidas e armazenadas pelo Google em servidores de Internet nos Estados Unidos. O Google n\u00e3o associar\u00e1 o seu endere\u00e7o IP a quaisquer outros dados mantidos pelo Google. Voc\u00ea pode rejeitar o processamento de dados ou informa\u00e7\u00f5es rejeitando o uso de cookies selecionando as configura\u00e7\u00f5es apropriadas em seu navegador, no entanto, voc\u00ea deve saber que se fizer isso poder\u00e1 n\u00e3o conseguir usar todas as funcionalidades deste site.<\/p>\n<p>Al\u00e9m disso, voc\u00ea pode impedir o registro dos dados fornecidos pelo cookie ao Google sobre o uso do site (incluindo o seu endere\u00e7o IP), bem como o processamento desses dados pelo Google, baixando e instalando o plug-in no seu computador. do navegador.<\/p>\n<p>Voc\u00ea pode permitir, bloquear ou excluir cookies instalados no seu computador configurando as op\u00e7\u00f5es do navegador instalado no seu computador:<\/p>\n<p>Firefox_ <a href=\"https:\/\/support.mozilla.org\/es\/kb\/cookies-informacion-que-los-sitios-web-guardan-\">https:\/\/support.mozilla.org\/es\/kb\/cookies-informacion-que-los-sitios-web-guardan-<\/a>en-#w_configurar-las-cookies<br>Chrome_ <a href=\"https:\/\/support.google.com\/chrome\/answer\/95647?hl=es\">https:\/\/support.google.com\/chrome\/answer\/95647?hl=es<\/a><br>Explorer_https:\/\/support.microsoft.com\/es-es\/products\/windows?os=windows-10<br>Safari_ <a href=\"https:\/\/support.apple.com\/kb\/ph5042?locale=en_US\">https:\/\/support.apple.com\/kb\/ph5042?locale=en_US<\/a><\/p>[\/et_pb_text][\/et_pb_column][\/et_pb_row][\/et_pb_section]\n","protected":false},"excerpt":{"rendered":"<p>Pol\u00edtica de cookiesEste website (www.eunicehotel.com) utiliza cookies, que s\u00e3o pequenos ficheiros que s\u00e3o descarregados para o seu computador quando acede a determinadas p\u00e1ginas web. Os cookies permitem a um website, entre outras coisas, armazenar e recuperar informa\u00e7\u00e3o sobre os h\u00e1bitos de navega\u00e7\u00e3o de um utilizador ou do seu equipamento, dependendo da informa\u00e7\u00e3o que contenham e\u2026 <a href=\"https:\/\/eunicehotel.com\/pt-pt\/politica-de-cookies\/\">Read More &raquo;<\/a><\/p>\n","protected":false},"author":1,"featured_media":0,"parent":0,"menu_order":99,"comment_status":"closed","ping_status":"closed","template":"","meta":{"_acf_changed":false,"_et_pb_use_builder":"on","_et_pb_old_content":"","_et_gb_content_width":"","footnotes":""},"class_list":["post-1377838","page","type-page","status-publish","hentry"],"acf":[],"yoast_head":"<!-- This site is optimized with the Yoast SEO Premium plugin v22.1 (Yoast SEO v27.3) - https:\/\/yoast.com\/product\/yoast-seo-premium-wordpress\/ -->\n<title>Pol\u00edtica de cookies - Eunice<\/title>\n<meta name=\"robots\" content=\"noindex, nofollow\" \/>\n<meta property=\"og:locale\" content=\"pt_PT\" \/>\n<meta property=\"og:type\" content=\"article\" \/>\n<meta property=\"og:title\" content=\"Pol\u00edtica de cookies\" \/>\n<meta property=\"og:description\" content=\"Pol\u00edtica de cookiesEste website (www.eunicehotel.com) utiliza cookies, que s\u00e3o pequenos ficheiros que s\u00e3o descarregados para o seu computador quando acede a determinadas p\u00e1ginas web. Os cookies permitem a um website, entre outras coisas, armazenar e recuperar informa\u00e7\u00e3o sobre os h\u00e1bitos de navega\u00e7\u00e3o de um utilizador ou do seu equipamento, dependendo da informa\u00e7\u00e3o que contenham e\u2026 Read More &raquo;\" \/>\n<meta property=\"og:url\" content=\"https:\/\/eunicehotel.com\/pt-pt\/politica-de-cookies\/\" \/>\n<meta property=\"og:site_name\" content=\"Eunice\" \/>\n<meta property=\"article:publisher\" content=\"https:\/\/www.facebook.com\/profile.php?id=100068761792703\" \/>\n<meta property=\"article:modified_time\" content=\"2024-04-09T07:12:17+00:00\" \/>\n<meta property=\"og:image\" content=\"https:\/\/eunicehotel.com\/wp-content\/uploads\/2024\/01\/eunice_logo.png\" \/>\n\t<meta property=\"og:image:width\" content=\"1227\" \/>\n\t<meta property=\"og:image:height\" content=\"500\" \/>\n\t<meta property=\"og:image:type\" content=\"image\/png\" \/>\n<meta name=\"twitter:card\" content=\"summary_large_image\" \/>\n<meta name=\"twitter:label1\" content=\"Tempo estimado de leitura\" \/>\n\t<meta name=\"twitter:data1\" content=\"2 minutos\" \/>\n<script type=\"application\/ld+json\" class=\"yoast-schema-graph\">{\"@context\":\"https:\\\/\\\/schema.org\",\"@graph\":[{\"@type\":\"WebPage\",\"@id\":\"https:\\\/\\\/eunicehotel.com\\\/pt-pt\\\/politica-de-cookies\\\/\",\"url\":\"https:\\\/\\\/eunicehotel.com\\\/pt-pt\\\/politica-de-cookies\\\/\",\"name\":\"Pol\u00edtica de cookies - Eunice\",\"isPartOf\":{\"@id\":\"https:\\\/\\\/eunicehotel.com\\\/pt-pt\\\/#website\"},\"datePublished\":\"2024-02-14T11:16:49+00:00\",\"dateModified\":\"2024-04-09T07:12:17+00:00\",\"breadcrumb\":{\"@id\":\"https:\\\/\\\/eunicehotel.com\\\/pt-pt\\\/politica-de-cookies\\\/#breadcrumb\"},\"inLanguage\":\"pt-PT\",\"potentialAction\":[{\"@type\":\"ReadAction\",\"target\":[\"https:\\\/\\\/eunicehotel.com\\\/pt-pt\\\/politica-de-cookies\\\/\"]}]},{\"@type\":\"BreadcrumbList\",\"@id\":\"https:\\\/\\\/eunicehotel.com\\\/pt-pt\\\/politica-de-cookies\\\/#breadcrumb\",\"itemListElement\":[{\"@type\":\"ListItem\",\"position\":1,\"name\":\"Portada\",\"item\":\"https:\\\/\\\/eunicehotel.com\\\/pt-pt\\\/\"},{\"@type\":\"ListItem\",\"position\":2,\"name\":\"Pol\u00edtica de cookies\"}]},{\"@type\":\"WebSite\",\"@id\":\"https:\\\/\\\/eunicehotel.com\\\/pt-pt\\\/#website\",\"url\":\"https:\\\/\\\/eunicehotel.com\\\/pt-pt\\\/\",\"name\":\"Eunice\",\"description\":\"Hotel Gastron\u00f3mico\",\"publisher\":{\"@id\":\"https:\\\/\\\/eunicehotel.com\\\/pt-pt\\\/#organization\"},\"alternateName\":\"Eunice Hotel\",\"potentialAction\":[{\"@type\":\"SearchAction\",\"target\":{\"@type\":\"EntryPoint\",\"urlTemplate\":\"https:\\\/\\\/eunicehotel.com\\\/pt-pt\\\/?s={search_term_string}\"},\"query-input\":{\"@type\":\"PropertyValueSpecification\",\"valueRequired\":true,\"valueName\":\"search_term_string\"}}],\"inLanguage\":\"pt-PT\"},{\"@type\":\"Organization\",\"@id\":\"https:\\\/\\\/eunicehotel.com\\\/pt-pt\\\/#organization\",\"name\":\"Eunice Hotel Gastron\u00f3mico\",\"alternateName\":\"Eunice Hotel\",\"url\":\"https:\\\/\\\/eunicehotel.com\\\/pt-pt\\\/\",\"logo\":{\"@type\":\"ImageObject\",\"inLanguage\":\"pt-PT\",\"@id\":\"https:\\\/\\\/eunicehotel.com\\\/pt-pt\\\/#\\\/schema\\\/logo\\\/image\\\/\",\"url\":\"https:\\\/\\\/eunicehotel.com\\\/wp-content\\\/uploads\\\/2024\\\/02\\\/cropped-Eunice_isotipo_rgb_opt.png\",\"contentUrl\":\"https:\\\/\\\/eunicehotel.com\\\/wp-content\\\/uploads\\\/2024\\\/02\\\/cropped-Eunice_isotipo_rgb_opt.png\",\"width\":512,\"height\":512,\"caption\":\"Eunice Hotel Gastron\u00f3mico\"},\"image\":{\"@id\":\"https:\\\/\\\/eunicehotel.com\\\/pt-pt\\\/#\\\/schema\\\/logo\\\/image\\\/\"},\"sameAs\":[\"https:\\\/\\\/www.facebook.com\\\/profile.php?id=100068761792703\",\"https:\\\/\\\/www.instagram.com\\\/eunice.hotel\\\/?hl=es\"]}]}<\/script>\n<!-- \/ Yoast SEO Premium plugin. -->","yoast_head_json":{"title":"Pol\u00edtica de cookies - Eunice","robots":{"index":"noindex","follow":"nofollow"},"og_locale":"pt_PT","og_type":"article","og_title":"Pol\u00edtica de cookies","og_description":"Pol\u00edtica de cookiesEste website (www.eunicehotel.com) utiliza cookies, que s\u00e3o pequenos ficheiros que s\u00e3o descarregados para o seu computador quando acede a determinadas p\u00e1ginas web. Os cookies permitem a um website, entre outras coisas, armazenar e recuperar informa\u00e7\u00e3o sobre os h\u00e1bitos de navega\u00e7\u00e3o de um utilizador ou do seu equipamento, dependendo da informa\u00e7\u00e3o que contenham e\u2026 Read More &raquo;","og_url":"https:\/\/eunicehotel.com\/pt-pt\/politica-de-cookies\/","og_site_name":"Eunice","article_publisher":"https:\/\/www.facebook.com\/profile.php?id=100068761792703","article_modified_time":"2024-04-09T07:12:17+00:00","og_image":[{"width":1227,"height":500,"url":"https:\/\/eunicehotel.com\/wp-content\/uploads\/2024\/01\/eunice_logo.png","type":"image\/png"}],"twitter_card":"summary_large_image","twitter_misc":{"Tempo estimado de leitura":"2 minutos"},"schema":{"@context":"https:\/\/schema.org","@graph":[{"@type":"WebPage","@id":"https:\/\/eunicehotel.com\/pt-pt\/politica-de-cookies\/","url":"https:\/\/eunicehotel.com\/pt-pt\/politica-de-cookies\/","name":"Pol\u00edtica de cookies - Eunice","isPartOf":{"@id":"https:\/\/eunicehotel.com\/pt-pt\/#website"},"datePublished":"2024-02-14T11:16:49+00:00","dateModified":"2024-04-09T07:12:17+00:00","breadcrumb":{"@id":"https:\/\/eunicehotel.com\/pt-pt\/politica-de-cookies\/#breadcrumb"},"inLanguage":"pt-PT","potentialAction":[{"@type":"ReadAction","target":["https:\/\/eunicehotel.com\/pt-pt\/politica-de-cookies\/"]}]},{"@type":"BreadcrumbList","@id":"https:\/\/eunicehotel.com\/pt-pt\/politica-de-cookies\/#breadcrumb","itemListElement":[{"@type":"ListItem","position":1,"name":"Portada","item":"https:\/\/eunicehotel.com\/pt-pt\/"},{"@type":"ListItem","position":2,"name":"Pol\u00edtica de cookies"}]},{"@type":"WebSite","@id":"https:\/\/eunicehotel.com\/pt-pt\/#website","url":"https:\/\/eunicehotel.com\/pt-pt\/","name":"Eunice","description":"Hotel Gastron\u00f3mico","publisher":{"@id":"https:\/\/eunicehotel.com\/pt-pt\/#organization"},"alternateName":"Eunice Hotel","potentialAction":[{"@type":"SearchAction","target":{"@type":"EntryPoint","urlTemplate":"https:\/\/eunicehotel.com\/pt-pt\/?s={search_term_string}"},"query-input":{"@type":"PropertyValueSpecification","valueRequired":true,"valueName":"search_term_string"}}],"inLanguage":"pt-PT"},{"@type":"Organization","@id":"https:\/\/eunicehotel.com\/pt-pt\/#organization","name":"Eunice Hotel Gastron\u00f3mico","alternateName":"Eunice Hotel","url":"https:\/\/eunicehotel.com\/pt-pt\/","logo":{"@type":"ImageObject","inLanguage":"pt-PT","@id":"https:\/\/eunicehotel.com\/pt-pt\/#\/schema\/logo\/image\/","url":"https:\/\/eunicehotel.com\/wp-content\/uploads\/2024\/02\/cropped-Eunice_isotipo_rgb_opt.png","contentUrl":"https:\/\/eunicehotel.com\/wp-content\/uploads\/2024\/02\/cropped-Eunice_isotipo_rgb_opt.png","width":512,"height":512,"caption":"Eunice Hotel Gastron\u00f3mico"},"image":{"@id":"https:\/\/eunicehotel.com\/pt-pt\/#\/schema\/logo\/image\/"},"sameAs":["https:\/\/www.facebook.com\/profile.php?id=100068761792703","https:\/\/www.instagram.com\/eunice.hotel\/?hl=es"]}]}},"_links":{"self":[{"href":"https:\/\/eunicehotel.com\/pt-pt\/wp-json\/wp\/v2\/pages\/1377838","targetHints":{"allow":["GET"]}}],"collection":[{"href":"https:\/\/eunicehotel.com\/pt-pt\/wp-json\/wp\/v2\/pages"}],"about":[{"href":"https:\/\/eunicehotel.com\/pt-pt\/wp-json\/wp\/v2\/types\/page"}],"author":[{"embeddable":true,"href":"https:\/\/eunicehotel.com\/pt-pt\/wp-json\/wp\/v2\/users\/1"}],"replies":[{"embeddable":true,"href":"https:\/\/eunicehotel.com\/pt-pt\/wp-json\/wp\/v2\/comments?post=1377838"}],"version-history":[{"count":1,"href":"https:\/\/eunicehotel.com\/pt-pt\/wp-json\/wp\/v2\/pages\/1377838\/revisions"}],"predecessor-version":[{"id":1377839,"href":"https:\/\/eunicehotel.com\/pt-pt\/wp-json\/wp\/v2\/pages\/1377838\/revisions\/1377839"}],"wp:attachment":[{"href":"https:\/\/eunicehotel.com\/pt-pt\/wp-json\/wp\/v2\/media?parent=1377838"}],"curies":[{"name":"wp","href":"https:\/\/api.w.org\/{rel}","templated":true}]}}