{"id":1377836,"date":"2024-02-14T11:59:06","date_gmt":"2024-02-14T10:59:06","guid":{"rendered":"https:\/\/eunicehotel.com\/aviso-legal\/"},"modified":"2024-04-09T09:08:16","modified_gmt":"2024-04-09T07:08:16","slug":"aviso-legal","status":"publish","type":"page","link":"https:\/\/eunicehotel.com\/pt-pt\/aviso-legal\/","title":{"rendered":"Aviso legal"},"content":{"rendered":"\n[et_pb_section fb_built=&#8221;1&#8243; _builder_version=&#8221;4.19.5&#8243; _module_preset=&#8221;default&#8221; global_colors_info=&#8221;{}&#8221; theme_builder_area=&#8221;post_content&#8221;][et_pb_row _builder_version=&#8221;4.19.5&#8243; _module_preset=&#8221;default&#8221; global_colors_info=&#8221;{}&#8221; theme_builder_area=&#8221;post_content&#8221;][et_pb_column type=&#8221;4_4&#8243; _builder_version=&#8221;4.19.5&#8243; _module_preset=&#8221;default&#8221; global_colors_info=&#8221;{}&#8221; theme_builder_area=&#8221;post_content&#8221;][et_pb_text _builder_version=&#8221;4.24.0&#8243; _module_preset=&#8221;default&#8221; header_font=&#8221;|700|||||||&#8221; header_letter_spacing=&#8221;1px&#8221; hover_enabled=&#8221;0&#8243; global_colors_info=&#8221;{}&#8221; theme_builder_area=&#8221;post_content&#8221; sticky_enabled=&#8221;0&#8243;]<h1>Aviso legal<\/h1>[\/et_pb_text][\/et_pb_column][\/et_pb_row][et_pb_row _builder_version=&#8221;4.19.5&#8243; _module_preset=&#8221;default&#8221; global_colors_info=&#8221;{}&#8221; theme_builder_area=&#8221;post_content&#8221;][et_pb_column type=&#8221;4_4&#8243; _builder_version=&#8221;4.19.5&#8243; _module_preset=&#8221;default&#8221; global_colors_info=&#8221;{}&#8221; theme_builder_area=&#8221;post_content&#8221;][et_pb_text _builder_version=&#8221;4.24.0&#8243; _module_preset=&#8221;default&#8221; text_line_height=&#8221;1.9em&#8221; header_font=&#8221;|700|||||||&#8221; header_letter_spacing=&#8221;1px&#8221; text_orientation=&#8221;justified&#8221; hover_enabled=&#8221;0&#8243; text_orientation_tablet=&#8221;justified&#8221; text_orientation_phone=&#8221;left&#8221; text_orientation_last_edited=&#8221;on|desktop&#8221; global_colors_info=&#8221;{}&#8221; theme_builder_area=&#8221;post_content&#8221; sticky_enabled=&#8221;0&#8243;]<p>Em cumprimento do dever de informa\u00e7\u00e3o previsto na Lei 34\/2002 de Servi\u00e7os da Sociedade da Informa\u00e7\u00e3o e Com\u00e9rcio Electr\u00f3nico (LSSICE) de 11 de Julho, informa-se que a propriedade e gest\u00e3o deste site, <a href=\"http:\/\/www.eunicehotel.com\">www.eunicehotel.com<\/a> (doravante website), corresponde a HOTEL EUNICE S.L. (em diante <strong>EUNICE HOTEL GASTRON\u00d4MICO<\/strong>, com C.I.F.: B37570801 e endere\u00e7o na Calle Plaza Monterrey, 3. 37002 Salamanca. Espanha. O endere\u00e7o de e-mail \u00e9 estabelecido como meio de contato: <a href=\"mailto:reservas@eunicehotel.com\">reservas@eunicehotel.com<\/a> Este site tem tamb\u00e9m por finalidade informar as pessoas que o acedem, na qualidade de utilizadores, das condi\u00e7\u00f5es de utiliza\u00e7\u00e3o que regulam o acesso, navega\u00e7\u00e3o e utiliza\u00e7\u00e3o do site; bem como o compromisso dos utilizadores de observar e cumprir rigorosamente as condi\u00e7\u00f5es gerais e particulares que fazem parte deste Aviso Legal, bem como qualquer outra disposi\u00e7\u00e3o legal que possa ser aplic\u00e1vel. Consequentemente, a aceita\u00e7\u00e3o deste Aviso Legal implica que o Utilizador conhece os seus termos e concorda em cumpri-los. <strong>EUNICE HOTEL GASTRON\u00d4MICO<\/strong>, reserva-se o direito de modificar qualquer tipo de informa\u00e7\u00e3o que apare\u00e7a ou possa aparecer neste site, sem que haja qualquer obriga\u00e7\u00e3o de aviso pr\u00e9vio por parte do <strong>EUNICE HOTEL GASTRON\u00d4MICO<\/strong> ou informar os usu\u00e1rios do site sobre tais altera\u00e7\u00f5es, entendendo-se como suficiente a publica\u00e7\u00e3o das mesmas no site. <strong>EUNICE HOTEL GASTRON\u00d4MICO<\/strong>. O propriet\u00e1rio e respons\u00e1vel deste site est\u00e1 isento de qualquer tipo de responsabilidade derivada da utiliza\u00e7\u00e3o da informa\u00e7\u00e3o nele publicada, bem como de qualquer informa\u00e7\u00e3o que tenha sido manipulada ou introduzida por terceiros fora do site; nem \u00e9 respons\u00e1vel por quaisquer danos e\/ou preju\u00edzos causados \u200b\u200bpor v\u00edrus, programas maliciosos nos seus conte\u00fados ou pela utiliza\u00e7\u00e3o indevida ou ilegal que terceiros fa\u00e7am deste website.<\/p>[\/et_pb_text][\/et_pb_column][\/et_pb_row][\/et_pb_section]\n","protected":false},"excerpt":{"rendered":"<p>Aviso legalEm cumprimento do dever de informa\u00e7\u00e3o previsto na Lei 34\/2002 de Servi\u00e7os da Sociedade da Informa\u00e7\u00e3o e Com\u00e9rcio Electr\u00f3nico (LSSICE) de 11 de Julho, informa-se que a propriedade e gest\u00e3o deste site, www.eunicehotel.com (doravante website), corresponde a HOTEL EUNICE S.L. (em diante EUNICE HOTEL GASTRON\u00d4MICO, com C.I.F.: B37570801 e endere\u00e7o na Calle Plaza Monterrey,\u2026 <a href=\"https:\/\/eunicehotel.com\/pt-pt\/aviso-legal\/\">Read More &raquo;<\/a><\/p>\n","protected":false},"author":1,"featured_media":0,"parent":0,"menu_order":100,"comment_status":"closed","ping_status":"closed","template":"","meta":{"_acf_changed":false,"_et_pb_use_builder":"on","_et_pb_old_content":"","_et_gb_content_width":"","footnotes":""},"class_list":["post-1377836","page","type-page","status-publish","hentry"],"acf":[],"yoast_head":"<!-- This site is optimized with the Yoast SEO Premium plugin v22.1 (Yoast SEO v27.2) - https:\/\/yoast.com\/product\/yoast-seo-premium-wordpress\/ -->\n<title>Aviso legal - Eunice<\/title>\n<meta name=\"robots\" content=\"noindex, nofollow\" \/>\n<meta property=\"og:locale\" content=\"pt_PT\" \/>\n<meta property=\"og:type\" content=\"article\" \/>\n<meta property=\"og:title\" content=\"Aviso legal\" \/>\n<meta property=\"og:description\" content=\"Aviso legalEm cumprimento do dever de informa\u00e7\u00e3o previsto na Lei 34\/2002 de Servi\u00e7os da Sociedade da Informa\u00e7\u00e3o e Com\u00e9rcio Electr\u00f3nico (LSSICE) de 11 de Julho, informa-se que a propriedade e gest\u00e3o deste site, www.eunicehotel.com (doravante website), corresponde a HOTEL EUNICE S.L. (em diante EUNICE HOTEL GASTRON\u00d4MICO, com C.I.F.: B37570801 e endere\u00e7o na Calle Plaza Monterrey,\u2026 Read More &raquo;\" \/>\n<meta property=\"og:url\" content=\"https:\/\/eunicehotel.com\/pt-pt\/aviso-legal\/\" \/>\n<meta property=\"og:site_name\" content=\"Eunice\" \/>\n<meta property=\"article:publisher\" content=\"https:\/\/www.facebook.com\/profile.php?id=100068761792703\" \/>\n<meta property=\"article:modified_time\" content=\"2024-04-09T07:08:16+00:00\" \/>\n<meta property=\"og:image\" content=\"https:\/\/eunicehotel.com\/wp-content\/uploads\/2024\/01\/eunice_logo.png\" \/>\n\t<meta property=\"og:image:width\" content=\"1227\" \/>\n\t<meta property=\"og:image:height\" content=\"500\" \/>\n\t<meta property=\"og:image:type\" content=\"image\/png\" \/>\n<meta name=\"twitter:card\" content=\"summary_large_image\" \/>\n<meta name=\"twitter:label1\" content=\"Tempo estimado de leitura\" \/>\n\t<meta name=\"twitter:data1\" content=\"2 minutos\" \/>\n<script type=\"application\/ld+json\" class=\"yoast-schema-graph\">{\"@context\":\"https:\/\/schema.org\",\"@graph\":[{\"@type\":\"WebPage\",\"@id\":\"https:\/\/eunicehotel.com\/pt-pt\/aviso-legal\/\",\"url\":\"https:\/\/eunicehotel.com\/pt-pt\/aviso-legal\/\",\"name\":\"Aviso legal - Eunice\",\"isPartOf\":{\"@id\":\"https:\/\/eunicehotel.com\/pt-pt\/#website\"},\"datePublished\":\"2024-02-14T10:59:06+00:00\",\"dateModified\":\"2024-04-09T07:08:16+00:00\",\"breadcrumb\":{\"@id\":\"https:\/\/eunicehotel.com\/pt-pt\/aviso-legal\/#breadcrumb\"},\"inLanguage\":\"pt-PT\",\"potentialAction\":[{\"@type\":\"ReadAction\",\"target\":[\"https:\/\/eunicehotel.com\/pt-pt\/aviso-legal\/\"]}]},{\"@type\":\"BreadcrumbList\",\"@id\":\"https:\/\/eunicehotel.com\/pt-pt\/aviso-legal\/#breadcrumb\",\"itemListElement\":[{\"@type\":\"ListItem\",\"position\":1,\"name\":\"Portada\",\"item\":\"https:\/\/eunicehotel.com\/pt-pt\/\"},{\"@type\":\"ListItem\",\"position\":2,\"name\":\"Aviso legal\"}]},{\"@type\":\"WebSite\",\"@id\":\"https:\/\/eunicehotel.com\/pt-pt\/#website\",\"url\":\"https:\/\/eunicehotel.com\/pt-pt\/\",\"name\":\"Eunice\",\"description\":\"Hotel Gastron\u00f3mico\",\"publisher\":{\"@id\":\"https:\/\/eunicehotel.com\/pt-pt\/#organization\"},\"alternateName\":\"Eunice Hotel\",\"potentialAction\":[{\"@type\":\"SearchAction\",\"target\":{\"@type\":\"EntryPoint\",\"urlTemplate\":\"https:\/\/eunicehotel.com\/pt-pt\/?s={search_term_string}\"},\"query-input\":{\"@type\":\"PropertyValueSpecification\",\"valueRequired\":true,\"valueName\":\"search_term_string\"}}],\"inLanguage\":\"pt-PT\"},{\"@type\":\"Organization\",\"@id\":\"https:\/\/eunicehotel.com\/pt-pt\/#organization\",\"name\":\"Eunice Hotel Gastron\u00f3mico\",\"alternateName\":\"Eunice Hotel\",\"url\":\"https:\/\/eunicehotel.com\/pt-pt\/\",\"logo\":{\"@type\":\"ImageObject\",\"inLanguage\":\"pt-PT\",\"@id\":\"https:\/\/eunicehotel.com\/pt-pt\/#\/schema\/logo\/image\/\",\"url\":\"https:\/\/eunicehotel.com\/wp-content\/uploads\/2024\/02\/cropped-Eunice_isotipo_rgb_opt.png\",\"contentUrl\":\"https:\/\/eunicehotel.com\/wp-content\/uploads\/2024\/02\/cropped-Eunice_isotipo_rgb_opt.png\",\"width\":512,\"height\":512,\"caption\":\"Eunice Hotel Gastron\u00f3mico\"},\"image\":{\"@id\":\"https:\/\/eunicehotel.com\/pt-pt\/#\/schema\/logo\/image\/\"},\"sameAs\":[\"https:\/\/www.facebook.com\/profile.php?id=100068761792703\",\"https:\/\/www.instagram.com\/eunice.hotel\/?hl=es\"]}]}<\/script>\n<!-- \/ Yoast SEO Premium plugin. -->","yoast_head_json":{"title":"Aviso legal - Eunice","robots":{"index":"noindex","follow":"nofollow"},"og_locale":"pt_PT","og_type":"article","og_title":"Aviso legal","og_description":"Aviso legalEm cumprimento do dever de informa\u00e7\u00e3o previsto na Lei 34\/2002 de Servi\u00e7os da Sociedade da Informa\u00e7\u00e3o e Com\u00e9rcio Electr\u00f3nico (LSSICE) de 11 de Julho, informa-se que a propriedade e gest\u00e3o deste site, www.eunicehotel.com (doravante website), corresponde a HOTEL EUNICE S.L. (em diante EUNICE HOTEL GASTRON\u00d4MICO, com C.I.F.: B37570801 e endere\u00e7o na Calle Plaza Monterrey,\u2026 Read More &raquo;","og_url":"https:\/\/eunicehotel.com\/pt-pt\/aviso-legal\/","og_site_name":"Eunice","article_publisher":"https:\/\/www.facebook.com\/profile.php?id=100068761792703","article_modified_time":"2024-04-09T07:08:16+00:00","og_image":[{"width":1227,"height":500,"url":"https:\/\/eunicehotel.com\/wp-content\/uploads\/2024\/01\/eunice_logo.png","type":"image\/png"}],"twitter_card":"summary_large_image","twitter_misc":{"Tempo estimado de leitura":"2 minutos"},"schema":{"@context":"https:\/\/schema.org","@graph":[{"@type":"WebPage","@id":"https:\/\/eunicehotel.com\/pt-pt\/aviso-legal\/","url":"https:\/\/eunicehotel.com\/pt-pt\/aviso-legal\/","name":"Aviso legal - Eunice","isPartOf":{"@id":"https:\/\/eunicehotel.com\/pt-pt\/#website"},"datePublished":"2024-02-14T10:59:06+00:00","dateModified":"2024-04-09T07:08:16+00:00","breadcrumb":{"@id":"https:\/\/eunicehotel.com\/pt-pt\/aviso-legal\/#breadcrumb"},"inLanguage":"pt-PT","potentialAction":[{"@type":"ReadAction","target":["https:\/\/eunicehotel.com\/pt-pt\/aviso-legal\/"]}]},{"@type":"BreadcrumbList","@id":"https:\/\/eunicehotel.com\/pt-pt\/aviso-legal\/#breadcrumb","itemListElement":[{"@type":"ListItem","position":1,"name":"Portada","item":"https:\/\/eunicehotel.com\/pt-pt\/"},{"@type":"ListItem","position":2,"name":"Aviso legal"}]},{"@type":"WebSite","@id":"https:\/\/eunicehotel.com\/pt-pt\/#website","url":"https:\/\/eunicehotel.com\/pt-pt\/","name":"Eunice","description":"Hotel Gastron\u00f3mico","publisher":{"@id":"https:\/\/eunicehotel.com\/pt-pt\/#organization"},"alternateName":"Eunice Hotel","potentialAction":[{"@type":"SearchAction","target":{"@type":"EntryPoint","urlTemplate":"https:\/\/eunicehotel.com\/pt-pt\/?s={search_term_string}"},"query-input":{"@type":"PropertyValueSpecification","valueRequired":true,"valueName":"search_term_string"}}],"inLanguage":"pt-PT"},{"@type":"Organization","@id":"https:\/\/eunicehotel.com\/pt-pt\/#organization","name":"Eunice Hotel Gastron\u00f3mico","alternateName":"Eunice Hotel","url":"https:\/\/eunicehotel.com\/pt-pt\/","logo":{"@type":"ImageObject","inLanguage":"pt-PT","@id":"https:\/\/eunicehotel.com\/pt-pt\/#\/schema\/logo\/image\/","url":"https:\/\/eunicehotel.com\/wp-content\/uploads\/2024\/02\/cropped-Eunice_isotipo_rgb_opt.png","contentUrl":"https:\/\/eunicehotel.com\/wp-content\/uploads\/2024\/02\/cropped-Eunice_isotipo_rgb_opt.png","width":512,"height":512,"caption":"Eunice Hotel Gastron\u00f3mico"},"image":{"@id":"https:\/\/eunicehotel.com\/pt-pt\/#\/schema\/logo\/image\/"},"sameAs":["https:\/\/www.facebook.com\/profile.php?id=100068761792703","https:\/\/www.instagram.com\/eunice.hotel\/?hl=es"]}]}},"_links":{"self":[{"href":"https:\/\/eunicehotel.com\/pt-pt\/wp-json\/wp\/v2\/pages\/1377836","targetHints":{"allow":["GET"]}}],"collection":[{"href":"https:\/\/eunicehotel.com\/pt-pt\/wp-json\/wp\/v2\/pages"}],"about":[{"href":"https:\/\/eunicehotel.com\/pt-pt\/wp-json\/wp\/v2\/types\/page"}],"author":[{"embeddable":true,"href":"https:\/\/eunicehotel.com\/pt-pt\/wp-json\/wp\/v2\/users\/1"}],"replies":[{"embeddable":true,"href":"https:\/\/eunicehotel.com\/pt-pt\/wp-json\/wp\/v2\/comments?post=1377836"}],"version-history":[{"count":1,"href":"https:\/\/eunicehotel.com\/pt-pt\/wp-json\/wp\/v2\/pages\/1377836\/revisions"}],"predecessor-version":[{"id":1377837,"href":"https:\/\/eunicehotel.com\/pt-pt\/wp-json\/wp\/v2\/pages\/1377836\/revisions\/1377837"}],"wp:attachment":[{"href":"https:\/\/eunicehotel.com\/pt-pt\/wp-json\/wp\/v2\/media?parent=1377836"}],"curies":[{"name":"wp","href":"https:\/\/api.w.org\/{rel}","templated":true}]}}