{"id":1377832,"date":"2024-02-05T13:40:22","date_gmt":"2024-02-05T12:40:22","guid":{"rendered":"https:\/\/eunicehotel.com\/talento\/"},"modified":"2024-04-09T09:02:01","modified_gmt":"2024-04-09T07:02:01","slug":"talento","status":"publish","type":"page","link":"https:\/\/eunicehotel.com\/pt-pt\/talento\/","title":{"rendered":"Talento"},"content":{"rendered":"<p>[et_pb_section fb_built=&#8221;1&#8243; fullwidth=&#8221;on&#8221; _builder_version=&#8221;4.24.1&#8243; hover_enabled=&#8221;0&#8243; global_colors_info=&#8221;{}&#8221; sticky_enabled=&#8221;0&#8243;][et_pb_fullwidth_header text_orientation=&#8221;center&#8221; header_fullscreen=&#8221;on&#8221; _builder_version=&#8221;4.24.1&#8243; title_font=&#8221;|600|||||||&#8221; title_text_align=&#8221;center&#8221; title_text_color=&#8221;#FFFFFF&#8221; title_font_size=&#8221;52px&#8221; title_letter_spacing=&#8221;1px&#8221; subhead_text_align=&#8221;center&#8221; subhead_text_color=&#8221;#333366&#8243; subhead_font_size=&#8221;22px&#8221; background_enable_color=&#8221;off&#8221; background_image=&#8221;https:\/\/eunicehotel.com\/wp-content\/uploads\/2024\/02\/61-33-1.jpg&#8221; background_blend=&#8221;soft-light&#8221; background_layout=&#8221;light&#8221; hover_enabled=&#8221;0&#8243; title_font_size_tablet=&#8221;45px&#8221; title_font_size_phone=&#8221;40px&#8221; title_font_size_last_edited=&#8221;on|phone&#8221; subhead_font_size_tablet=&#8221;&#8221; subhead_font_size_phone=&#8221;18px&#8221; subhead_font_size_last_edited=&#8221;on|phone&#8221; custom_css_title=&#8221;font-weight:400;&#8221; custom_css_subtitle=&#8221;font-weight:400;&#8221; global_colors_info=&#8221;{}&#8221; button_one_text_size__hover_enabled=&#8221;off&#8221; button_two_text_size__hover_enabled=&#8221;off&#8221; button_one_text_color__hover_enabled=&#8221;off&#8221; button_two_text_color__hover_enabled=&#8221;off&#8221; button_one_border_width__hover_enabled=&#8221;off&#8221; button_two_border_width__hover_enabled=&#8221;off&#8221; button_one_border_color__hover_enabled=&#8221;off&#8221; button_two_border_color__hover_enabled=&#8221;off&#8221; button_one_border_radius__hover_enabled=&#8221;off&#8221; button_two_border_radius__hover_enabled=&#8221;off&#8221; button_one_letter_spacing__hover_enabled=&#8221;off&#8221; button_two_letter_spacing__hover_enabled=&#8221;off&#8221; button_one_bg_color__hover_enabled=&#8221;off&#8221; button_two_bg_color__hover_enabled=&#8221;off&#8221; sticky_enabled=&#8221;0&#8243;][\/et_pb_fullwidth_header][\/et_pb_section][et_pb_section fb_built=&#8221;1&#8243; _builder_version=&#8221;4.24.0&#8243; _module_preset=&#8221;default&#8221; custom_padding=&#8221;15px||5px|||&#8221; global_colors_info=&#8221;{}&#8221;][et_pb_row _builder_version=&#8221;4.24.0&#8243; _module_preset=&#8221;default&#8221; global_colors_info=&#8221;{}&#8221;][et_pb_column type=&#8221;4_4&#8243; _builder_version=&#8221;4.24.0&#8243; _module_preset=&#8221;default&#8221; global_colors_info=&#8221;{}&#8221;][et_pb_text _builder_version=&#8221;4.24.0&#8243; header_2_font=&#8221;||||||||&#8221; header_2_text_color=&#8221;#334d4f&#8221; header_2_font_size=&#8221;35px&#8221; header_2_letter_spacing=&#8221;2px&#8221; text_orientation=&#8221;center&#8221; global_colors_info=&#8221;{}&#8221;]<\/p>\n<h2>Trabalhar com a gente<\/h2>\n<p>[\/et_pb_text][\/et_pb_column][\/et_pb_row][\/et_pb_section][et_pb_section fb_built=&#8221;1&#8243; module_id=&#8221;about-us&#8221; _builder_version=&#8221;4.24.0&#8243; background_enable_color=&#8221;off&#8221; custom_padding=&#8221;3px|||||&#8221; global_colors_info=&#8221;{}&#8221;][et_pb_row column_structure=&#8221;1_2,1_2&#8243; use_custom_gutter=&#8221;on&#8221; _builder_version=&#8221;4.24.0&#8243; background_size=&#8221;initial&#8221; background_position=&#8221;top_left&#8221; background_repeat=&#8221;repeat&#8221; max_width=&#8221;80%&#8221; global_colors_info=&#8221;{}&#8221; max_width__hover_enabled=&#8221;on|desktop&#8221; max_width__hover=&#8221;80%&#8221;][et_pb_column type=&#8221;1_2&#8243; _builder_version=&#8221;4.16&#8243; custom_padding=&#8221;|||&#8221; global_colors_info=&#8221;{}&#8221; custom_padding__hover=&#8221;|||&#8221;][et_pb_text _builder_version=&#8221;4.24.0&#8243; header_2_font=&#8221;|||on|||||&#8221; header_2_text_color=&#8221;#333366&#8243; header_2_letter_spacing=&#8221;2px&#8221; header_4_font=&#8221;|||on|||||&#8221; header_4_text_color=&#8221;#999999&#8243; header_4_font_size=&#8221;15px&#8221; header_4_letter_spacing=&#8221;2px&#8221; text_orientation=&#8221;justified&#8221; custom_margin=&#8221;0px|||&#8221; text_orientation_tablet=&#8221;justified&#8221; text_orientation_phone=&#8221;left&#8221; text_orientation_last_edited=&#8221;on|phone&#8221; global_colors_info=&#8221;{}&#8221;]<\/p>\n<p><strong>O EUNICE<\/strong> \u00e9 mais que um hotel gastron\u00f3mico, \u00e9 uma casa, onde o nosso principal objetivo \u00e9 criar mem\u00f3rias e experi\u00eancias personalizadas para cada um dos nossos h\u00f3spedes, tendo a gastronomia como protagonista.<\/p>\n<p>Nossa filosofia est\u00e1 centrada na paix\u00e3o pelo trabalho e nossos valores giram em torno da honestidade, autenticidade e respeito.<\/p>\n<p>Se voc\u00ea \u00e9 uma pessoa proativa, amante dos detalhes, gosta de deixar os clientes felizes e compartilha dos nossos valores, convidamos voc\u00ea a fazer parte da nossa equipe!<\/p>\n<p>Na <strong>EUNICE<\/strong> oferecemos um ambiente de trabalho inspirador, oportunidades de crescimento profissional e a possibilidade de contribuir para a cria\u00e7\u00e3o de experi\u00eancias inesquec\u00edveis para os nossos h\u00f3spedes.<\/p>\n<p>Preencha este formul\u00e1rio e fa\u00e7a do <strong>EUNICE Hotel Gastron\u00f4mico<\/strong> o seu pr\u00f3ximo destino profissional.<\/p>\n<p>[\/et_pb_text][\/et_pb_column][et_pb_column type=&#8221;1_2&#8243; _builder_version=&#8221;4.16&#8243; custom_padding=&#8221;|||&#8221; global_colors_info=&#8221;{}&#8221; custom_padding__hover=&#8221;|||&#8221;][dsm_contact_form_7 cf7_library=&#8221;1376494&#8243; input_background_color=&#8221;#FFFFFF&#8221; _builder_version=&#8221;4.24.0&#8243; _module_preset=&#8221;default&#8221; labels_font=&#8221;Ibarrarealnova Regular|600|||||||&#8221; labels_text_color=&#8221;gcid-0ebd9ad3-3403-4d0b-b928-8dd924fb565d&#8221; labels_font_size=&#8221;16px&#8221; labels_line_height=&#8221;1.9em&#8221; input_textarea_select_line_height=&#8221;1.9em&#8221; custom_button_one=&#8221;on&#8221; button_one_text_size=&#8221;17px&#8221; button_one_text_color=&#8221;gcid-d5b52d2b-4d08-4e8a-b739-31cbfed37f9f&#8221; button_one_bg_color=&#8221;gcid-0ebd9ad3-3403-4d0b-b928-8dd924fb565d&#8221; button_one_letter_spacing=&#8221;1px&#8221; button_one_font=&#8221;Ibarrarealnova Bold||||||||&#8221; border_width_all_image=&#8221;1px&#8221; global_colors_info=&#8221;{%22gcid-d5b52d2b-4d08-4e8a-b739-31cbfed37f9f%22:%91%22button_one_text_color%22%93,%22gcid-0ebd9ad3-3403-4d0b-b928-8dd924fb565d%22:%91%22labels_text_color%22,%22button_one_bg_color%22%93}&#8221;][\/dsm_contact_form_7][\/et_pb_column][\/et_pb_row][\/et_pb_section]<\/p>\n","protected":false},"excerpt":{"rendered":"<p>Trabalhar com a genteO EUNICE \u00e9 mais que um hotel gastron\u00f3mico, \u00e9 uma casa, onde o nosso principal objetivo \u00e9 criar mem\u00f3rias e experi\u00eancias personalizadas para cada um dos nossos h\u00f3spedes, tendo a gastronomia como protagonista. Nossa filosofia est\u00e1 centrada na paix\u00e3o pelo trabalho e nossos valores giram em torno da honestidade, autenticidade e respeito.\u2026 <a href=\"https:\/\/eunicehotel.com\/pt-pt\/talento\/\">Read More &raquo;<\/a><\/p>\n","protected":false},"author":1,"featured_media":0,"parent":0,"menu_order":61,"comment_status":"closed","ping_status":"closed","template":"","meta":{"_acf_changed":false,"_et_pb_use_builder":"on","_et_pb_old_content":"","_et_gb_content_width":"","footnotes":""},"class_list":["post-1377832","page","type-page","status-publish","hentry"],"acf":[],"yoast_head":"<!-- This site is optimized with the Yoast SEO Premium plugin v22.1 (Yoast SEO v27.3) - https:\/\/yoast.com\/product\/yoast-seo-premium-wordpress\/ -->\n<title>Talento - Eunice<\/title>\n<meta name=\"robots\" content=\"index, follow, max-snippet:-1, max-image-preview:large, max-video-preview:-1\" \/>\n<link rel=\"canonical\" href=\"https:\/\/eunicehotel.com\/pt-pt\/talento\/\" \/>\n<meta property=\"og:locale\" content=\"pt_PT\" \/>\n<meta property=\"og:type\" content=\"article\" \/>\n<meta property=\"og:title\" content=\"Talento\" \/>\n<meta property=\"og:description\" content=\"Trabalhar com a genteO EUNICE \u00e9 mais que um hotel gastron\u00f3mico, \u00e9 uma casa, onde o nosso principal objetivo \u00e9 criar mem\u00f3rias e experi\u00eancias personalizadas para cada um dos nossos h\u00f3spedes, tendo a gastronomia como protagonista. Nossa filosofia est\u00e1 centrada na paix\u00e3o pelo trabalho e nossos valores giram em torno da honestidade, autenticidade e respeito.\u2026 Read More &raquo;\" \/>\n<meta property=\"og:url\" content=\"https:\/\/eunicehotel.com\/pt-pt\/talento\/\" \/>\n<meta property=\"og:site_name\" content=\"Eunice\" \/>\n<meta property=\"article:publisher\" content=\"https:\/\/www.facebook.com\/profile.php?id=100068761792703\" \/>\n<meta property=\"article:modified_time\" content=\"2024-04-09T07:02:01+00:00\" \/>\n<meta property=\"og:image\" content=\"https:\/\/eunicehotel.com\/wp-content\/uploads\/2024\/01\/eunice_logo.png\" \/>\n\t<meta property=\"og:image:width\" content=\"1227\" \/>\n\t<meta property=\"og:image:height\" content=\"500\" \/>\n\t<meta property=\"og:image:type\" content=\"image\/png\" \/>\n<meta name=\"twitter:card\" content=\"summary_large_image\" \/>\n<meta name=\"twitter:label1\" content=\"Tempo estimado de leitura\" \/>\n\t<meta name=\"twitter:data1\" content=\"4 minutos\" \/>\n<script type=\"application\/ld+json\" class=\"yoast-schema-graph\">{\"@context\":\"https:\\\/\\\/schema.org\",\"@graph\":[{\"@type\":\"WebPage\",\"@id\":\"https:\\\/\\\/eunicehotel.com\\\/pt-pt\\\/talento\\\/\",\"url\":\"https:\\\/\\\/eunicehotel.com\\\/pt-pt\\\/talento\\\/\",\"name\":\"Talento - Eunice\",\"isPartOf\":{\"@id\":\"https:\\\/\\\/eunicehotel.com\\\/pt-pt\\\/#website\"},\"datePublished\":\"2024-02-05T12:40:22+00:00\",\"dateModified\":\"2024-04-09T07:02:01+00:00\",\"breadcrumb\":{\"@id\":\"https:\\\/\\\/eunicehotel.com\\\/pt-pt\\\/talento\\\/#breadcrumb\"},\"inLanguage\":\"pt-PT\",\"potentialAction\":[{\"@type\":\"ReadAction\",\"target\":[\"https:\\\/\\\/eunicehotel.com\\\/pt-pt\\\/talento\\\/\"]}]},{\"@type\":\"BreadcrumbList\",\"@id\":\"https:\\\/\\\/eunicehotel.com\\\/pt-pt\\\/talento\\\/#breadcrumb\",\"itemListElement\":[{\"@type\":\"ListItem\",\"position\":1,\"name\":\"Portada\",\"item\":\"https:\\\/\\\/eunicehotel.com\\\/pt-pt\\\/\"},{\"@type\":\"ListItem\",\"position\":2,\"name\":\"Talento\"}]},{\"@type\":\"WebSite\",\"@id\":\"https:\\\/\\\/eunicehotel.com\\\/pt-pt\\\/#website\",\"url\":\"https:\\\/\\\/eunicehotel.com\\\/pt-pt\\\/\",\"name\":\"Eunice\",\"description\":\"Hotel Gastron\u00f3mico\",\"publisher\":{\"@id\":\"https:\\\/\\\/eunicehotel.com\\\/pt-pt\\\/#organization\"},\"alternateName\":\"Eunice Hotel\",\"potentialAction\":[{\"@type\":\"SearchAction\",\"target\":{\"@type\":\"EntryPoint\",\"urlTemplate\":\"https:\\\/\\\/eunicehotel.com\\\/pt-pt\\\/?s={search_term_string}\"},\"query-input\":{\"@type\":\"PropertyValueSpecification\",\"valueRequired\":true,\"valueName\":\"search_term_string\"}}],\"inLanguage\":\"pt-PT\"},{\"@type\":\"Organization\",\"@id\":\"https:\\\/\\\/eunicehotel.com\\\/pt-pt\\\/#organization\",\"name\":\"Eunice Hotel Gastron\u00f3mico\",\"alternateName\":\"Eunice Hotel\",\"url\":\"https:\\\/\\\/eunicehotel.com\\\/pt-pt\\\/\",\"logo\":{\"@type\":\"ImageObject\",\"inLanguage\":\"pt-PT\",\"@id\":\"https:\\\/\\\/eunicehotel.com\\\/pt-pt\\\/#\\\/schema\\\/logo\\\/image\\\/\",\"url\":\"https:\\\/\\\/eunicehotel.com\\\/wp-content\\\/uploads\\\/2024\\\/02\\\/cropped-Eunice_isotipo_rgb_opt.png\",\"contentUrl\":\"https:\\\/\\\/eunicehotel.com\\\/wp-content\\\/uploads\\\/2024\\\/02\\\/cropped-Eunice_isotipo_rgb_opt.png\",\"width\":512,\"height\":512,\"caption\":\"Eunice Hotel Gastron\u00f3mico\"},\"image\":{\"@id\":\"https:\\\/\\\/eunicehotel.com\\\/pt-pt\\\/#\\\/schema\\\/logo\\\/image\\\/\"},\"sameAs\":[\"https:\\\/\\\/www.facebook.com\\\/profile.php?id=100068761792703\",\"https:\\\/\\\/www.instagram.com\\\/eunice.hotel\\\/?hl=es\"]}]}<\/script>\n<!-- \/ Yoast SEO Premium plugin. -->","yoast_head_json":{"title":"Talento - Eunice","robots":{"index":"index","follow":"follow","max-snippet":"max-snippet:-1","max-image-preview":"max-image-preview:large","max-video-preview":"max-video-preview:-1"},"canonical":"https:\/\/eunicehotel.com\/pt-pt\/talento\/","og_locale":"pt_PT","og_type":"article","og_title":"Talento","og_description":"Trabalhar com a genteO EUNICE \u00e9 mais que um hotel gastron\u00f3mico, \u00e9 uma casa, onde o nosso principal objetivo \u00e9 criar mem\u00f3rias e experi\u00eancias personalizadas para cada um dos nossos h\u00f3spedes, tendo a gastronomia como protagonista. Nossa filosofia est\u00e1 centrada na paix\u00e3o pelo trabalho e nossos valores giram em torno da honestidade, autenticidade e respeito.\u2026 Read More &raquo;","og_url":"https:\/\/eunicehotel.com\/pt-pt\/talento\/","og_site_name":"Eunice","article_publisher":"https:\/\/www.facebook.com\/profile.php?id=100068761792703","article_modified_time":"2024-04-09T07:02:01+00:00","og_image":[{"width":1227,"height":500,"url":"https:\/\/eunicehotel.com\/wp-content\/uploads\/2024\/01\/eunice_logo.png","type":"image\/png"}],"twitter_card":"summary_large_image","twitter_misc":{"Tempo estimado de leitura":"4 minutos"},"schema":{"@context":"https:\/\/schema.org","@graph":[{"@type":"WebPage","@id":"https:\/\/eunicehotel.com\/pt-pt\/talento\/","url":"https:\/\/eunicehotel.com\/pt-pt\/talento\/","name":"Talento - Eunice","isPartOf":{"@id":"https:\/\/eunicehotel.com\/pt-pt\/#website"},"datePublished":"2024-02-05T12:40:22+00:00","dateModified":"2024-04-09T07:02:01+00:00","breadcrumb":{"@id":"https:\/\/eunicehotel.com\/pt-pt\/talento\/#breadcrumb"},"inLanguage":"pt-PT","potentialAction":[{"@type":"ReadAction","target":["https:\/\/eunicehotel.com\/pt-pt\/talento\/"]}]},{"@type":"BreadcrumbList","@id":"https:\/\/eunicehotel.com\/pt-pt\/talento\/#breadcrumb","itemListElement":[{"@type":"ListItem","position":1,"name":"Portada","item":"https:\/\/eunicehotel.com\/pt-pt\/"},{"@type":"ListItem","position":2,"name":"Talento"}]},{"@type":"WebSite","@id":"https:\/\/eunicehotel.com\/pt-pt\/#website","url":"https:\/\/eunicehotel.com\/pt-pt\/","name":"Eunice","description":"Hotel Gastron\u00f3mico","publisher":{"@id":"https:\/\/eunicehotel.com\/pt-pt\/#organization"},"alternateName":"Eunice Hotel","potentialAction":[{"@type":"SearchAction","target":{"@type":"EntryPoint","urlTemplate":"https:\/\/eunicehotel.com\/pt-pt\/?s={search_term_string}"},"query-input":{"@type":"PropertyValueSpecification","valueRequired":true,"valueName":"search_term_string"}}],"inLanguage":"pt-PT"},{"@type":"Organization","@id":"https:\/\/eunicehotel.com\/pt-pt\/#organization","name":"Eunice Hotel Gastron\u00f3mico","alternateName":"Eunice Hotel","url":"https:\/\/eunicehotel.com\/pt-pt\/","logo":{"@type":"ImageObject","inLanguage":"pt-PT","@id":"https:\/\/eunicehotel.com\/pt-pt\/#\/schema\/logo\/image\/","url":"https:\/\/eunicehotel.com\/wp-content\/uploads\/2024\/02\/cropped-Eunice_isotipo_rgb_opt.png","contentUrl":"https:\/\/eunicehotel.com\/wp-content\/uploads\/2024\/02\/cropped-Eunice_isotipo_rgb_opt.png","width":512,"height":512,"caption":"Eunice Hotel Gastron\u00f3mico"},"image":{"@id":"https:\/\/eunicehotel.com\/pt-pt\/#\/schema\/logo\/image\/"},"sameAs":["https:\/\/www.facebook.com\/profile.php?id=100068761792703","https:\/\/www.instagram.com\/eunice.hotel\/?hl=es"]}]}},"_links":{"self":[{"href":"https:\/\/eunicehotel.com\/pt-pt\/wp-json\/wp\/v2\/pages\/1377832","targetHints":{"allow":["GET"]}}],"collection":[{"href":"https:\/\/eunicehotel.com\/pt-pt\/wp-json\/wp\/v2\/pages"}],"about":[{"href":"https:\/\/eunicehotel.com\/pt-pt\/wp-json\/wp\/v2\/types\/page"}],"author":[{"embeddable":true,"href":"https:\/\/eunicehotel.com\/pt-pt\/wp-json\/wp\/v2\/users\/1"}],"replies":[{"embeddable":true,"href":"https:\/\/eunicehotel.com\/pt-pt\/wp-json\/wp\/v2\/comments?post=1377832"}],"version-history":[{"count":2,"href":"https:\/\/eunicehotel.com\/pt-pt\/wp-json\/wp\/v2\/pages\/1377832\/revisions"}],"predecessor-version":[{"id":1377834,"href":"https:\/\/eunicehotel.com\/pt-pt\/wp-json\/wp\/v2\/pages\/1377832\/revisions\/1377834"}],"wp:attachment":[{"href":"https:\/\/eunicehotel.com\/pt-pt\/wp-json\/wp\/v2\/media?parent=1377832"}],"curies":[{"name":"wp","href":"https:\/\/api.w.org\/{rel}","templated":true}]}}