{"id":1380503,"date":"2025-07-07T12:53:52","date_gmt":"2025-07-07T10:53:52","guid":{"rendered":"https:\/\/eunicehotel.com\/repertoire-des-services-hotel-eunice\/"},"modified":"2025-07-09T13:01:27","modified_gmt":"2025-07-09T11:01:27","slug":"repertoire-des-services-hotel-eunice","status":"publish","type":"page","link":"https:\/\/eunicehotel.com\/fr\/repertoire-des-services-hotel-eunice\/","title":{"rendered":"R\u00c9PERTOIRE DES SERVICES \u2013 H\u00d4TEL EUNICE"},"content":{"rendered":"<p>[et_pb_section fb_built=\u00a0\u00bb1&Prime; fullwidth=\u00a0\u00bbon\u00a0\u00bb _builder_version=\u00a0\u00bb4.24.1&Prime; global_colors_info=\u00a0\u00bb{}\u00a0\u00bb][et_pb_fullwidth_header title=\u00a0\u00bbR\u00c9PERTOIRE DES SERVICES \u2013 H\u00d4TEL EUNICE\u00a0\u00bb text_orientation=\u00a0\u00bbcenter\u00a0\u00bb header_fullscreen=\u00a0\u00bbon\u00a0\u00bb _builder_version=\u00a0\u00bb4.27.4&Prime; title_font=\u00a0\u00bb||||||||\u00a0\u00bb title_text_align=\u00a0\u00bbcenter\u00a0\u00bb title_text_color=\u00a0\u00bb#FFFFFF\u00a0\u00bb title_font_size=\u00a0\u00bb52px\u00a0\u00bb title_letter_spacing=\u00a0\u00bb1px\u00a0\u00bb subhead_font=\u00a0\u00bb|||on|||||\u00a0\u00bb subhead_text_align=\u00a0\u00bbcenter\u00a0\u00bb subhead_text_color=\u00a0\u00bb#FFFFFF\u00a0\u00bb background_enable_color=\u00a0\u00bboff\u00a0\u00bb use_background_color_gradient=\u00a0\u00bbon\u00a0\u00bb background_color_gradient_stops=\u00a0\u00bb#000000 0%|rgba(255,255,255,0) 20%\u00a0\u00bb background_image=\u00a0\u00bbhttps:\/\/eunicehotel.com\/wp-content\/uploads\/2024\/05\/home_nuestro-hotel_2_1024x683.jpg\u00a0\u00bb background_blend=\u00a0\u00bbsoft-light\u00a0\u00bb background_layout=\u00a0\u00bblight\u00a0\u00bb title_font_size_tablet=\u00a0\u00bb45px\u00a0\u00bb title_font_size_phone=\u00a0\u00bb40px\u00a0\u00bb title_font_size_last_edited=\u00a0\u00bbon|phone\u00a0\u00bb subhead_font_size_tablet=\u00a0\u00bb\u00a0\u00bb subhead_font_size_phone=\u00a0\u00bb18px\u00a0\u00bb subhead_font_size_last_edited=\u00a0\u00bbon|phone\u00a0\u00bb custom_css_title=\u00a0\u00bbfont-weight:400;\u00a0\u00bb custom_css_subtitle=\u00a0\u00bbfont-weight:400;\u00a0\u00bb global_colors_info=\u00a0\u00bb{}\u00a0\u00bb button_one_text_size__hover_enabled=\u00a0\u00bboff\u00a0\u00bb button_two_text_size__hover_enabled=\u00a0\u00bboff\u00a0\u00bb button_one_text_color__hover_enabled=\u00a0\u00bboff\u00a0\u00bb button_two_text_color__hover_enabled=\u00a0\u00bboff\u00a0\u00bb button_one_border_width__hover_enabled=\u00a0\u00bboff\u00a0\u00bb button_two_border_width__hover_enabled=\u00a0\u00bboff\u00a0\u00bb button_one_border_color__hover_enabled=\u00a0\u00bboff\u00a0\u00bb button_two_border_color__hover_enabled=\u00a0\u00bboff\u00a0\u00bb button_one_border_radius__hover_enabled=\u00a0\u00bboff\u00a0\u00bb button_two_border_radius__hover_enabled=\u00a0\u00bboff\u00a0\u00bb button_one_letter_spacing__hover_enabled=\u00a0\u00bboff\u00a0\u00bb button_two_letter_spacing__hover_enabled=\u00a0\u00bboff\u00a0\u00bb button_one_bg_color__hover_enabled=\u00a0\u00bboff\u00a0\u00bb button_two_bg_color__hover_enabled=\u00a0\u00bboff\u00a0\u00bb][\/et_pb_fullwidth_header][\/et_pb_section][et_pb_section fb_built=\u00a0\u00bb1&Prime; admin_label=\u00a0\u00bbCalendario\u00a0\u00bb module_class=\u00a0\u00bbhome-idi-calendar\u00a0\u00bb _builder_version=\u00a0\u00bb4.25.1&Prime; _module_preset=\u00a0\u00bbdefault\u00a0\u00bb background_color=\u00a0\u00bbRGBA(255,255,255,0)\u00a0\u00bb custom_margin=\u00a0\u00bb||||false|false\u00a0\u00bb custom_padding=\u00a0\u00bb0px||0px||true|false\u00a0\u00bb global_colors_info=\u00a0\u00bb{}\u00a0\u00bb][et_pb_row _builder_version=\u00a0\u00bb4.25.1&Prime; _module_preset=\u00a0\u00bbdefault\u00a0\u00bb width=\u00a0\u00bb95%\u00a0\u00bb width_tablet=\u00a0\u00bb100%\u00a0\u00bb width_phone=\u00a0\u00bb100%\u00a0\u00bb width_last_edited=\u00a0\u00bbon|tablet\u00a0\u00bb global_colors_info=\u00a0\u00bb{}\u00a0\u00bb][et_pb_column type=\u00a0\u00bb4_4&Prime; admin_label=\u00a0\u00bbColumna\u00a0\u00bb _builder_version=\u00a0\u00bb4.24.2&Prime; _module_preset=\u00a0\u00bbdefault\u00a0\u00bb global_colors_info=\u00a0\u00bb{}\u00a0\u00bb][\/et_pb_column][\/et_pb_row][\/et_pb_section][et_pb_section fb_built=\u00a0\u00bb1&Prime; _builder_version=\u00a0\u00bb4.24.1&Prime; _module_preset=\u00a0\u00bbdefault\u00a0\u00bb custom_padding=\u00a0\u00bb3%||3%||true|false\u00a0\u00bb global_colors_info=\u00a0\u00bb{}\u00a0\u00bb][et_pb_row _builder_version=\u00a0\u00bb4.25.1&Prime; _module_preset=\u00a0\u00bbdefault\u00a0\u00bb width=\u00a0\u00bb95%\u00a0\u00bb global_colors_info=\u00a0\u00bb{}\u00a0\u00bb][et_pb_column type=\u00a0\u00bb4_4&Prime; _builder_version=\u00a0\u00bb4.24.0&Prime; _module_preset=\u00a0\u00bbdefault\u00a0\u00bb global_colors_info=\u00a0\u00bb{}\u00a0\u00bb][et_pb_image src=\u00a0\u00bbhttps:\/\/eunicehotel.com\/wp-content\/uploads\/2024\/06\/logo.png\u00a0\u00bb title_text=\u00a0\u00bblogo\u00a0\u00bb align=\u00a0\u00bbcenter\u00a0\u00bb _builder_version=\u00a0\u00bb4.25.1&Prime; _module_preset=\u00a0\u00bbdefault\u00a0\u00bb global_colors_info=\u00a0\u00bb{}\u00a0\u00bb][\/et_pb_image][et_pb_text _builder_version=\u00a0\u00bb4.27.4&Prime; _module_preset=\u00a0\u00bbdefault\u00a0\u00bb text_orientation=\u00a0\u00bbcenter\u00a0\u00bb global_colors_info=\u00a0\u00bb{}\u00a0\u00bb]<\/p>\n<p><em>\u00c0 l\u2019H\u00d4TEL GASTRONOMIQUE EUNICE, nous souhaitons que vous vous sentiez comme chez vous et nous sommes l\u00e0 pour vous aider dans tout ce dont vous pourriez avoir besoin. Voici un aper\u00e7u des services que nous pouvons vous offrir.  <\/em><\/p>\n<p><em>Si vous avez une demande ou un besoin qui ne figure pas dans cette section, n\u2019h\u00e9sitez pas \u00e0 nous en faire part \u2013 nous ferons tout notre possible pour y r\u00e9pondre.<\/em><\/p>\n<p>[\/et_pb_text][\/et_pb_column][\/et_pb_row][et_pb_row column_structure=\u00a0\u00bb1_2,1_2&Prime; _builder_version=\u00a0\u00bb4.27.4&Prime; _module_preset=\u00a0\u00bbdefault\u00a0\u00bb global_colors_info=\u00a0\u00bb{}\u00a0\u00bb][et_pb_column type=\u00a0\u00bb1_2&Prime; _builder_version=\u00a0\u00bb4.27.4&Prime; _module_preset=\u00a0\u00bbdefault\u00a0\u00bb global_colors_info=\u00a0\u00bb{}\u00a0\u00bb][et_pb_text _builder_version=\u00a0\u00bb4.27.4&Prime; _module_preset=\u00a0\u00bbdefault\u00a0\u00bb text_line_height=\u00a0\u00bb1.9em\u00a0\u00bb header_font=\u00a0\u00bb|700|||||||\u00a0\u00bb header_letter_spacing=\u00a0\u00bb1px\u00a0\u00bb text_orientation=\u00a0\u00bbjustified\u00a0\u00bb hover_enabled=\u00a0\u00bb0&Prime; text_orientation_tablet=\u00a0\u00bbjustified\u00a0\u00bb text_orientation_phone=\u00a0\u00bbleft\u00a0\u00bb text_orientation_last_edited=\u00a0\u00bbon|desktop\u00a0\u00bb global_colors_info=\u00a0\u00bb{}\u00a0\u00bb sticky_enabled=\u00a0\u00bb0&Prime;]<\/p>\n<p>N\u2019oubliez pas que vous pouvez contacter notre \u00e9quipe d\u2019h\u00f4tes multilingue 24h\/24 \u00e0 la r\u00e9ception de l\u2019h\u00f4tel ou en appelant depuis votre chambre en composant le 15.<\/p>\n<ul>\n<li>Connexion Wi-Fi disponible dans tous les espaces de l\u2019h\u00f4tel. Le nom du r\u00e9seau est EUNICE et le mot de passe est <strong>Eunice.23<\/strong>. <\/li>\n<li>Votre chambre est \u00e9quip\u00e9e d\u2019une SMART TV avec acc\u00e8s \u00e0 Internet, radio et autres fonctionnalit\u00e9s intelligentes.<\/li>\n<li>Service de bar disponible 24h\/24.<\/li>\n<li>Service de restauration 7 jours sur 7. Nous proposons des menus sp\u00e9ciaux adapt\u00e9s aux allergies, intol\u00e9rances, r\u00e9gimes particuliers et menus enfants. <\/li>\n<li>Service de chambre disponible 24h\/24.<\/li>\n<li>Des adaptateurs \u00e9lectriques et chargeurs de t\u00e9l\u00e9phone sont disponibles \u00e0 la r\u00e9ception \u2013 n\u2019h\u00e9sitez pas \u00e0 les demander.<\/li>\n<li>Service de r\u00e9veil t\u00e9l\u00e9phonique.<\/li>\n<\/ul>\n<p>[\/et_pb_text][\/et_pb_column][et_pb_column type=\u00a0\u00bb1_2&Prime; _builder_version=\u00a0\u00bb4.27.4&Prime; _module_preset=\u00a0\u00bbdefault\u00a0\u00bb global_colors_info=\u00a0\u00bb{}\u00a0\u00bb][et_pb_text _builder_version=\u00a0\u00bb4.27.4&Prime; _module_preset=\u00a0\u00bbdefault\u00a0\u00bb text_line_height=\u00a0\u00bb1.9em\u00a0\u00bb header_font=\u00a0\u00bb|700|||||||\u00a0\u00bb header_letter_spacing=\u00a0\u00bb1px\u00a0\u00bb text_orientation=\u00a0\u00bbjustified\u00a0\u00bb text_orientation_tablet=\u00a0\u00bbjustified\u00a0\u00bb text_orientation_phone=\u00a0\u00bbleft\u00a0\u00bb text_orientation_last_edited=\u00a0\u00bbon|desktop\u00a0\u00bb global_colors_info=\u00a0\u00bb{}\u00a0\u00bb]<\/p>\n<ul>\n<li>Diff\u00e9rents types d\u2019oreillers disponibles sur demande.<\/li>\n<li>Changement des draps sur demande.<\/li>\n<li>Service de blanchisserie et de nettoyage \u00e0 sec.<\/li>\n<li>Nous mettons \u00e0 votre disposition un fer \u00e0 repasser traditionnel ou un d\u00e9froisseur vapeur sur demande \u2013 il vous sera apport\u00e9 en chambre.<\/li>\n<li>Service de voiturier. Si vous souhaitez que votre voiture soit pr\u00eate \u00e0 une heure pr\u00e9cise, il suffit de nous pr\u00e9venir un peu \u00e0 l\u2019avance. <\/li>\n<li>\u00c0 votre arriv\u00e9e, nous vous remettrons un plan de la ville ainsi que quelques recommandations sur notre r\u00e9gion. Si vous souhaitez plus d\u2019informations, n\u2019h\u00e9sitez pas \u00e0 nous demander \u2013 nous serons ravis de vous aider \u00e0 organiser votre s\u00e9jour.  <\/li>\n<li>M\u00eame si nous esp\u00e9rons que cela ne sera pas n\u00e9cessaire, nous mettons \u00e0 votre disposition des formulaires de r\u00e9clamation. Si besoin, demandez l\u2019aide de notre personnel. <\/li>\n<\/ul>\n<p>[\/et_pb_text][\/et_pb_column][\/et_pb_row][\/et_pb_section]<\/p>\n","protected":false},"excerpt":{"rendered":"<p>\u00c0 l\u2019H\u00d4TEL GASTRONOMIQUE EUNICE, nous souhaitons que vous vous sentiez comme chez vous et nous sommes l\u00e0 pour vous aider dans tout ce dont vous pourriez avoir besoin. Voici un aper\u00e7u des services que nous pouvons vous offrir. Si vous avez une demande ou un besoin qui ne figure pas dans cette section, n\u2019h\u00e9sitez pas\u2026 <a href=\"https:\/\/eunicehotel.com\/fr\/repertoire-des-services-hotel-eunice\/\">Read More &raquo;<\/a><\/p>\n","protected":false},"author":1,"featured_media":0,"parent":0,"menu_order":0,"comment_status":"closed","ping_status":"closed","template":"","meta":{"_acf_changed":false,"_et_pb_use_builder":"on","_et_pb_old_content":"","_et_gb_content_width":"","footnotes":""},"class_list":["post-1380503","page","type-page","status-publish","hentry"],"acf":[],"yoast_head":"<!-- This site is optimized with the Yoast SEO Premium plugin v22.1 (Yoast SEO v27.2) - https:\/\/yoast.com\/product\/yoast-seo-premium-wordpress\/ -->\n<title>R\u00c9PERTOIRE DES SERVICES \u2013 H\u00d4TEL EUNICE - Eunice<\/title>\n<meta name=\"robots\" content=\"index, follow, max-snippet:-1, max-image-preview:large, max-video-preview:-1\" \/>\n<link rel=\"canonical\" href=\"https:\/\/eunicehotel.com\/fr\/repertoire-des-services-hotel-eunice\/\" \/>\n<meta property=\"og:locale\" content=\"fr_FR\" \/>\n<meta property=\"og:type\" content=\"article\" \/>\n<meta property=\"og:title\" content=\"R\u00c9PERTOIRE DES SERVICES \u2013 H\u00d4TEL EUNICE\" \/>\n<meta property=\"og:description\" content=\"\u00c0 l\u2019H\u00d4TEL GASTRONOMIQUE EUNICE, nous souhaitons que vous vous sentiez comme chez vous et nous sommes l\u00e0 pour vous aider dans tout ce dont vous pourriez avoir besoin. Voici un aper\u00e7u des services que nous pouvons vous offrir. Si vous avez une demande ou un besoin qui ne figure pas dans cette section, n\u2019h\u00e9sitez pas\u2026 Read More &raquo;\" \/>\n<meta property=\"og:url\" content=\"https:\/\/eunicehotel.com\/fr\/repertoire-des-services-hotel-eunice\/\" \/>\n<meta property=\"og:site_name\" content=\"Eunice\" \/>\n<meta property=\"article:publisher\" content=\"https:\/\/www.facebook.com\/profile.php?id=100068761792703\" \/>\n<meta property=\"article:modified_time\" content=\"2025-07-09T11:01:27+00:00\" \/>\n<meta property=\"og:image\" content=\"https:\/\/eunicehotel.com\/wp-content\/uploads\/2024\/01\/eunice_logo.png\" \/>\n\t<meta property=\"og:image:width\" content=\"1227\" \/>\n\t<meta property=\"og:image:height\" content=\"500\" \/>\n\t<meta property=\"og:image:type\" content=\"image\/png\" \/>\n<meta name=\"twitter:card\" content=\"summary_large_image\" \/>\n<meta name=\"twitter:label1\" content=\"Dur\u00e9e de lecture estim\u00e9e\" \/>\n\t<meta name=\"twitter:data1\" content=\"4 minutes\" \/>\n<script type=\"application\/ld+json\" class=\"yoast-schema-graph\">{\"@context\":\"https:\/\/schema.org\",\"@graph\":[{\"@type\":\"WebPage\",\"@id\":\"https:\/\/eunicehotel.com\/fr\/repertoire-des-services-hotel-eunice\/\",\"url\":\"https:\/\/eunicehotel.com\/fr\/repertoire-des-services-hotel-eunice\/\",\"name\":\"R\u00c9PERTOIRE DES SERVICES \u2013 H\u00d4TEL EUNICE - Eunice\",\"isPartOf\":{\"@id\":\"https:\/\/eunicehotel.com\/fr\/#website\"},\"datePublished\":\"2025-07-07T10:53:52+00:00\",\"dateModified\":\"2025-07-09T11:01:27+00:00\",\"breadcrumb\":{\"@id\":\"https:\/\/eunicehotel.com\/fr\/repertoire-des-services-hotel-eunice\/#breadcrumb\"},\"inLanguage\":\"fr-FR\",\"potentialAction\":[{\"@type\":\"ReadAction\",\"target\":[\"https:\/\/eunicehotel.com\/fr\/repertoire-des-services-hotel-eunice\/\"]}]},{\"@type\":\"BreadcrumbList\",\"@id\":\"https:\/\/eunicehotel.com\/fr\/repertoire-des-services-hotel-eunice\/#breadcrumb\",\"itemListElement\":[{\"@type\":\"ListItem\",\"position\":1,\"name\":\"Portada\",\"item\":\"https:\/\/eunicehotel.com\/fr\/\"},{\"@type\":\"ListItem\",\"position\":2,\"name\":\"R\u00c9PERTOIRE DES SERVICES \u2013 H\u00d4TEL EUNICE\"}]},{\"@type\":\"WebSite\",\"@id\":\"https:\/\/eunicehotel.com\/fr\/#website\",\"url\":\"https:\/\/eunicehotel.com\/fr\/\",\"name\":\"Eunice\",\"description\":\"Hotel Gastron\u00f3mico\",\"publisher\":{\"@id\":\"https:\/\/eunicehotel.com\/fr\/#organization\"},\"alternateName\":\"Eunice Hotel\",\"potentialAction\":[{\"@type\":\"SearchAction\",\"target\":{\"@type\":\"EntryPoint\",\"urlTemplate\":\"https:\/\/eunicehotel.com\/fr\/?s={search_term_string}\"},\"query-input\":{\"@type\":\"PropertyValueSpecification\",\"valueRequired\":true,\"valueName\":\"search_term_string\"}}],\"inLanguage\":\"fr-FR\"},{\"@type\":\"Organization\",\"@id\":\"https:\/\/eunicehotel.com\/fr\/#organization\",\"name\":\"Eunice Hotel Gastron\u00f3mico\",\"alternateName\":\"Eunice Hotel\",\"url\":\"https:\/\/eunicehotel.com\/fr\/\",\"logo\":{\"@type\":\"ImageObject\",\"inLanguage\":\"fr-FR\",\"@id\":\"https:\/\/eunicehotel.com\/fr\/#\/schema\/logo\/image\/\",\"url\":\"https:\/\/eunicehotel.com\/wp-content\/uploads\/2024\/02\/cropped-Eunice_isotipo_rgb_opt.png\",\"contentUrl\":\"https:\/\/eunicehotel.com\/wp-content\/uploads\/2024\/02\/cropped-Eunice_isotipo_rgb_opt.png\",\"width\":512,\"height\":512,\"caption\":\"Eunice Hotel Gastron\u00f3mico\"},\"image\":{\"@id\":\"https:\/\/eunicehotel.com\/fr\/#\/schema\/logo\/image\/\"},\"sameAs\":[\"https:\/\/www.facebook.com\/profile.php?id=100068761792703\",\"https:\/\/www.instagram.com\/eunice.hotel\/?hl=es\"]}]}<\/script>\n<!-- \/ Yoast SEO Premium plugin. -->","yoast_head_json":{"title":"R\u00c9PERTOIRE DES SERVICES \u2013 H\u00d4TEL EUNICE - Eunice","robots":{"index":"index","follow":"follow","max-snippet":"max-snippet:-1","max-image-preview":"max-image-preview:large","max-video-preview":"max-video-preview:-1"},"canonical":"https:\/\/eunicehotel.com\/fr\/repertoire-des-services-hotel-eunice\/","og_locale":"fr_FR","og_type":"article","og_title":"R\u00c9PERTOIRE DES SERVICES \u2013 H\u00d4TEL EUNICE","og_description":"\u00c0 l\u2019H\u00d4TEL GASTRONOMIQUE EUNICE, nous souhaitons que vous vous sentiez comme chez vous et nous sommes l\u00e0 pour vous aider dans tout ce dont vous pourriez avoir besoin. Voici un aper\u00e7u des services que nous pouvons vous offrir. Si vous avez une demande ou un besoin qui ne figure pas dans cette section, n\u2019h\u00e9sitez pas\u2026 Read More &raquo;","og_url":"https:\/\/eunicehotel.com\/fr\/repertoire-des-services-hotel-eunice\/","og_site_name":"Eunice","article_publisher":"https:\/\/www.facebook.com\/profile.php?id=100068761792703","article_modified_time":"2025-07-09T11:01:27+00:00","og_image":[{"width":1227,"height":500,"url":"https:\/\/eunicehotel.com\/wp-content\/uploads\/2024\/01\/eunice_logo.png","type":"image\/png"}],"twitter_card":"summary_large_image","twitter_misc":{"Dur\u00e9e de lecture estim\u00e9e":"4 minutes"},"schema":{"@context":"https:\/\/schema.org","@graph":[{"@type":"WebPage","@id":"https:\/\/eunicehotel.com\/fr\/repertoire-des-services-hotel-eunice\/","url":"https:\/\/eunicehotel.com\/fr\/repertoire-des-services-hotel-eunice\/","name":"R\u00c9PERTOIRE DES SERVICES \u2013 H\u00d4TEL EUNICE - Eunice","isPartOf":{"@id":"https:\/\/eunicehotel.com\/fr\/#website"},"datePublished":"2025-07-07T10:53:52+00:00","dateModified":"2025-07-09T11:01:27+00:00","breadcrumb":{"@id":"https:\/\/eunicehotel.com\/fr\/repertoire-des-services-hotel-eunice\/#breadcrumb"},"inLanguage":"fr-FR","potentialAction":[{"@type":"ReadAction","target":["https:\/\/eunicehotel.com\/fr\/repertoire-des-services-hotel-eunice\/"]}]},{"@type":"BreadcrumbList","@id":"https:\/\/eunicehotel.com\/fr\/repertoire-des-services-hotel-eunice\/#breadcrumb","itemListElement":[{"@type":"ListItem","position":1,"name":"Portada","item":"https:\/\/eunicehotel.com\/fr\/"},{"@type":"ListItem","position":2,"name":"R\u00c9PERTOIRE DES SERVICES \u2013 H\u00d4TEL EUNICE"}]},{"@type":"WebSite","@id":"https:\/\/eunicehotel.com\/fr\/#website","url":"https:\/\/eunicehotel.com\/fr\/","name":"Eunice","description":"Hotel Gastron\u00f3mico","publisher":{"@id":"https:\/\/eunicehotel.com\/fr\/#organization"},"alternateName":"Eunice Hotel","potentialAction":[{"@type":"SearchAction","target":{"@type":"EntryPoint","urlTemplate":"https:\/\/eunicehotel.com\/fr\/?s={search_term_string}"},"query-input":{"@type":"PropertyValueSpecification","valueRequired":true,"valueName":"search_term_string"}}],"inLanguage":"fr-FR"},{"@type":"Organization","@id":"https:\/\/eunicehotel.com\/fr\/#organization","name":"Eunice Hotel Gastron\u00f3mico","alternateName":"Eunice Hotel","url":"https:\/\/eunicehotel.com\/fr\/","logo":{"@type":"ImageObject","inLanguage":"fr-FR","@id":"https:\/\/eunicehotel.com\/fr\/#\/schema\/logo\/image\/","url":"https:\/\/eunicehotel.com\/wp-content\/uploads\/2024\/02\/cropped-Eunice_isotipo_rgb_opt.png","contentUrl":"https:\/\/eunicehotel.com\/wp-content\/uploads\/2024\/02\/cropped-Eunice_isotipo_rgb_opt.png","width":512,"height":512,"caption":"Eunice Hotel Gastron\u00f3mico"},"image":{"@id":"https:\/\/eunicehotel.com\/fr\/#\/schema\/logo\/image\/"},"sameAs":["https:\/\/www.facebook.com\/profile.php?id=100068761792703","https:\/\/www.instagram.com\/eunice.hotel\/?hl=es"]}]}},"_links":{"self":[{"href":"https:\/\/eunicehotel.com\/fr\/wp-json\/wp\/v2\/pages\/1380503","targetHints":{"allow":["GET"]}}],"collection":[{"href":"https:\/\/eunicehotel.com\/fr\/wp-json\/wp\/v2\/pages"}],"about":[{"href":"https:\/\/eunicehotel.com\/fr\/wp-json\/wp\/v2\/types\/page"}],"author":[{"embeddable":true,"href":"https:\/\/eunicehotel.com\/fr\/wp-json\/wp\/v2\/users\/1"}],"replies":[{"embeddable":true,"href":"https:\/\/eunicehotel.com\/fr\/wp-json\/wp\/v2\/comments?post=1380503"}],"version-history":[{"count":5,"href":"https:\/\/eunicehotel.com\/fr\/wp-json\/wp\/v2\/pages\/1380503\/revisions"}],"predecessor-version":[{"id":1380508,"href":"https:\/\/eunicehotel.com\/fr\/wp-json\/wp\/v2\/pages\/1380503\/revisions\/1380508"}],"wp:attachment":[{"href":"https:\/\/eunicehotel.com\/fr\/wp-json\/wp\/v2\/media?parent=1380503"}],"curies":[{"name":"wp","href":"https:\/\/api.w.org\/{rel}","templated":true}]}}