{"id":1380457,"date":"2025-03-07T14:34:00","date_gmt":"2025-03-07T13:34:00","guid":{"rendered":"https:\/\/eunicehotel.com\/plateforme-de-fidelisation\/"},"modified":"2025-03-11T10:30:46","modified_gmt":"2025-03-11T09:30:46","slug":"plateforme-de-fidelisation","status":"publish","type":"page","link":"https:\/\/eunicehotel.com\/fr\/plateforme-de-fidelisation\/","title":{"rendered":"Plateforme de Fid\u00e9lisation"},"content":{"rendered":"<p>[et_pb_section fb_built=\u00a0\u00bb1&Prime; _builder_version=\u00a0\u00bb4.19.5&Prime; _module_preset=\u00a0\u00bbdefault\u00a0\u00bb global_colors_info=\u00a0\u00bb{}\u00a0\u00bb theme_builder_area=\u00a0\u00bbpost_content\u00a0\u00bb][et_pb_row _builder_version=\u00a0\u00bb4.19.5&Prime; _module_preset=\u00a0\u00bbdefault\u00a0\u00bb global_colors_info=\u00a0\u00bb{}\u00a0\u00bb theme_builder_area=\u00a0\u00bbpost_content\u00a0\u00bb][et_pb_column type=\u00a0\u00bb4_4&Prime; _builder_version=\u00a0\u00bb4.19.5&Prime; _module_preset=\u00a0\u00bbdefault\u00a0\u00bb global_colors_info=\u00a0\u00bb{}\u00a0\u00bb theme_builder_area=\u00a0\u00bbpost_content\u00a0\u00bb][et_pb_text _builder_version=\u00a0\u00bb4.27.4&Prime; _module_preset=\u00a0\u00bbdefault\u00a0\u00bb header_font=\u00a0\u00bb|700|||||||\u00a0\u00bb header_letter_spacing=\u00a0\u00bb1px\u00a0\u00bb hover_enabled=\u00a0\u00bb0&Prime; global_colors_info=\u00a0\u00bb{}\u00a0\u00bb theme_builder_area=\u00a0\u00bbpost_content\u00a0\u00bb sticky_enabled=\u00a0\u00bb0&Prime;]<\/p>\n<h1>Conditions d&rsquo;utilisation de la Plateforme de Fid\u00e9lisation \u00ab\u00a0MEMBERS ONLY\u00a0\u00bb pour l&rsquo;Eunice H\u00f4tel<\/h1>\n<p>[\/et_pb_text][\/et_pb_column][\/et_pb_row][et_pb_row _builder_version=\u00a0\u00bb4.19.5&Prime; _module_preset=\u00a0\u00bbdefault\u00a0\u00bb global_colors_info=\u00a0\u00bb{}\u00a0\u00bb theme_builder_area=\u00a0\u00bbpost_content\u00a0\u00bb][et_pb_column type=\u00a0\u00bb4_4&Prime; _builder_version=\u00a0\u00bb4.19.5&Prime; _module_preset=\u00a0\u00bbdefault\u00a0\u00bb global_colors_info=\u00a0\u00bb{}\u00a0\u00bb theme_builder_area=\u00a0\u00bbpost_content\u00a0\u00bb][et_pb_text _builder_version=\u00a0\u00bb4.27.4&Prime; _module_preset=\u00a0\u00bbdefault\u00a0\u00bb text_line_height=\u00a0\u00bb1.9em\u00a0\u00bb header_font=\u00a0\u00bb|700|||||||\u00a0\u00bb header_letter_spacing=\u00a0\u00bb1px\u00a0\u00bb text_orientation=\u00a0\u00bbjustified\u00a0\u00bb hover_enabled=\u00a0\u00bb0&Prime; text_orientation_tablet=\u00a0\u00bbjustified\u00a0\u00bb text_orientation_phone=\u00a0\u00bbleft\u00a0\u00bb text_orientation_last_edited=\u00a0\u00bbon|desktop\u00a0\u00bb global_colors_info=\u00a0\u00bb{}\u00a0\u00bb theme_builder_area=\u00a0\u00bbpost_content\u00a0\u00bb sticky_enabled=\u00a0\u00bb0&Prime;]<\/p>\n<p><strong>D\u00e9finitions:<\/strong><\/p>\n<ul>\n<li>\u00ab\u00a0Plateforme\u00a0\u00bb : fait r\u00e9f\u00e9rence \u00e0 la plateforme de fid\u00e9lisation de l&rsquo;Eunice H\u00f4tel \u00ab\u00a0MEMBERS ONLY\u00a0\u00bb.<\/li>\n<li>\u00ab\u00a0Utilisateur\u00a0\u00bb : toute personne qui s&rsquo;inscrit et participe au programme de fid\u00e9lisation via la Plateforme.<\/li>\n<li>\u00ab\u00a0Avantages\u00a0\u00bb : avantages, r\u00e9ductions, cadeaux, services sp\u00e9ciaux et\/ou toute autre promotion offerte aux Utilisateurs dans le cadre du programme.<\/li>\n<\/ul>\n<p><strong>Inscription:<\/strong><\/p>\n<p>Pour participer au programme de fid\u00e9lisation, l&rsquo;Utilisateur doit s&rsquo;inscrire sur la Plateforme, en fournissant des informations v\u00e9ridiques, \u00e0 jour et compl\u00e8tes.<\/p>\n<p>En s&rsquo;inscrivant, l&rsquo;Utilisateur accepte de recevoir des communications li\u00e9es au programme et d&rsquo;autres actions commerciales de l&rsquo;Eunice H\u00f4tel.<\/p>\n<p><strong>Acc\u00e8s aux Avantages Exclusifs \u00e0 l&rsquo;Eunice H\u00f4tel avec la Plateforme \u00ab\u00a0MEMBERS ONLY\u00a0\u00bb:<\/strong><\/p>\n<p>Pour chaque r\u00e9servation confirm\u00e9e et s\u00e9jour \u00e0 l&rsquo;Eunice H\u00f4tel, l&rsquo;Utilisateur accumulera des avantages selon les conditions \u00e9tablies sur la Plateforme, pouvant changer de niveau dans le programme en fonction de la fr\u00e9quence de ses r\u00e9servations et s\u00e9jours.<\/p>\n<p>Le niveau dans la Plateforme n&rsquo;est pas transf\u00e9rable et ne peut \u00eatre utilis\u00e9 que dans l&rsquo;Eunice H\u00f4tel.<\/p>\n<p><strong>Application des Avantages Exclusifs:<\/strong><\/p>\n<p>Les offres disponibles sur la Plateforme seront appliqu\u00e9es automatiquement aux recherches effectu\u00e9es par ses membres une fois qu&rsquo;ils se seront identifi\u00e9s dans le moteur de r\u00e9servation de l&rsquo;Eunice Hotel avant la confirmation de leur r\u00e9servation.<\/p>\n<p><strong>R\u00e9siliation et Modifications:<\/strong><\/p>\n<p>Eunice H\u00f4tel se r\u00e9serve le droit de r\u00e9silier ou de modifier le programme de fid\u00e9lisation, ses termes ou tout Avantage \u00e0 tout moment, avec notification pr\u00e9alable aux Utilisateurs.<\/p>\n<p>En cas d&rsquo;activit\u00e9 frauduleuse, abusive ou en violation de ces conditions, l&rsquo;H\u00f4tel [Nom de l&rsquo;H\u00f4tel] peut r\u00e9silier l&rsquo;adh\u00e9sion de l&rsquo;Utilisateur et\/ou retirer ses avantages exclusifs.<\/p>\n<p><strong>Protection des Donn\u00e9es:<\/strong><\/p>\n<p>Toutes les informations fournies par l&rsquo;Utilisateur seront trait\u00e9es conform\u00e9ment \u00e0 la Politique de Confidentialit\u00e9 de l&rsquo;Eunice H\u00f4tel.<\/p>\n<p>L&rsquo;H\u00f4tel s&rsquo;engage \u00e0 ne pas partager ni vendre les informations de l&rsquo;Utilisateur \u00e0 des tiers sans son consentement explicite.<\/p>\n<p><strong>Limitation de Responsabilit\u00e9:<\/strong><\/p>\n<p>Eunice H\u00f4tel ne sera pas responsable de tout dommage, perte ou pr\u00e9judice, direct ou indirect, r\u00e9sultant de l&rsquo;utilisation ou de l&rsquo;incapacit\u00e9 d&rsquo;utiliser la Plateforme ou les Avantages.<br \/>L\u00e9gislation et Juridiction Applicables:<\/p>\n<p>Ces conditions sont r\u00e9gies par les lois espagnoles. Tout litige d\u00e9coulant de ces conditions ou du programme de fid\u00e9lisation sera r\u00e9solu par les tribunaux comp\u00e9tents de Salamanca. <\/p>\n<p>En s&rsquo;inscrivant sur la Plateforme de Fid\u00e9lisation de l&rsquo;Eunice H\u00f4tel, l&rsquo;Utilisateur accepte et s&rsquo;engage \u00e0 respecter toutes les conditions mentionn\u00e9es ci-dessus.<\/p>\n<p>[\/et_pb_text][\/et_pb_column][\/et_pb_row][\/et_pb_section]<\/p>\n","protected":false},"excerpt":{"rendered":"<p>Conditions d&rsquo;utilisation de la Plateforme de Fid\u00e9lisation \u00ab\u00a0MEMBERS ONLY\u00a0\u00bb pour l&rsquo;Eunice H\u00f4telD\u00e9finitions: \u00ab\u00a0Plateforme\u00a0\u00bb : fait r\u00e9f\u00e9rence \u00e0 la plateforme de fid\u00e9lisation de l&rsquo;Eunice H\u00f4tel \u00ab\u00a0MEMBERS ONLY\u00a0\u00bb. \u00ab\u00a0Utilisateur\u00a0\u00bb : toute personne qui s&rsquo;inscrit et participe au programme de fid\u00e9lisation via la Plateforme. \u00ab\u00a0Avantages\u00a0\u00bb : avantages, r\u00e9ductions, cadeaux, services sp\u00e9ciaux et\/ou toute autre promotion offerte aux Utilisateurs\u2026 <a href=\"https:\/\/eunicehotel.com\/fr\/plateforme-de-fidelisation\/\">Read More &raquo;<\/a><\/p>\n","protected":false},"author":1,"featured_media":0,"parent":0,"menu_order":0,"comment_status":"closed","ping_status":"closed","template":"","meta":{"_acf_changed":false,"_et_pb_use_builder":"on","_et_pb_old_content":"","_et_gb_content_width":"","footnotes":""},"class_list":["post-1380457","page","type-page","status-publish","hentry"],"acf":[],"yoast_head":"<!-- This site is optimized with the Yoast SEO Premium plugin v22.1 (Yoast SEO v27.3) - https:\/\/yoast.com\/product\/yoast-seo-premium-wordpress\/ -->\n<title>Plateforme de Fid\u00e9lisation - Eunice<\/title>\n<meta name=\"robots\" content=\"index, follow, max-snippet:-1, max-image-preview:large, max-video-preview:-1\" \/>\n<link rel=\"canonical\" href=\"https:\/\/eunicehotel.com\/fr\/plateforme-de-fidelisation\/\" \/>\n<meta property=\"og:locale\" content=\"fr_FR\" \/>\n<meta property=\"og:type\" content=\"article\" \/>\n<meta property=\"og:title\" content=\"Plateforme de Fid\u00e9lisation\" \/>\n<meta property=\"og:description\" content=\"Conditions d&#039;utilisation de la Plateforme de Fid\u00e9lisation &quot;MEMBERS ONLY&quot; pour l&#039;Eunice H\u00f4telD\u00e9finitions: &quot;Plateforme&quot; : fait r\u00e9f\u00e9rence \u00e0 la plateforme de fid\u00e9lisation de l&#039;Eunice H\u00f4tel &quot;MEMBERS ONLY&quot;. &quot;Utilisateur&quot; : toute personne qui s&#039;inscrit et participe au programme de fid\u00e9lisation via la Plateforme. &quot;Avantages&quot; : avantages, r\u00e9ductions, cadeaux, services sp\u00e9ciaux et\/ou toute autre promotion offerte aux Utilisateurs\u2026 Read More &raquo;\" \/>\n<meta property=\"og:url\" content=\"https:\/\/eunicehotel.com\/fr\/plateforme-de-fidelisation\/\" \/>\n<meta property=\"og:site_name\" content=\"Eunice\" \/>\n<meta property=\"article:publisher\" content=\"https:\/\/www.facebook.com\/profile.php?id=100068761792703\" \/>\n<meta property=\"article:modified_time\" content=\"2025-03-11T09:30:46+00:00\" \/>\n<meta property=\"og:image\" content=\"https:\/\/eunicehotel.com\/wp-content\/uploads\/2024\/01\/eunice_logo.png\" \/>\n\t<meta property=\"og:image:width\" content=\"1227\" \/>\n\t<meta property=\"og:image:height\" content=\"500\" \/>\n\t<meta property=\"og:image:type\" content=\"image\/png\" \/>\n<meta name=\"twitter:card\" content=\"summary_large_image\" \/>\n<meta name=\"twitter:label1\" content=\"Dur\u00e9e de lecture estim\u00e9e\" \/>\n\t<meta name=\"twitter:data1\" content=\"3 minutes\" \/>\n<script type=\"application\/ld+json\" class=\"yoast-schema-graph\">{\"@context\":\"https:\\\/\\\/schema.org\",\"@graph\":[{\"@type\":\"WebPage\",\"@id\":\"https:\\\/\\\/eunicehotel.com\\\/fr\\\/plateforme-de-fidelisation\\\/\",\"url\":\"https:\\\/\\\/eunicehotel.com\\\/fr\\\/plateforme-de-fidelisation\\\/\",\"name\":\"Plateforme de Fid\u00e9lisation - Eunice\",\"isPartOf\":{\"@id\":\"https:\\\/\\\/eunicehotel.com\\\/fr\\\/#website\"},\"datePublished\":\"2025-03-07T13:34:00+00:00\",\"dateModified\":\"2025-03-11T09:30:46+00:00\",\"breadcrumb\":{\"@id\":\"https:\\\/\\\/eunicehotel.com\\\/fr\\\/plateforme-de-fidelisation\\\/#breadcrumb\"},\"inLanguage\":\"fr-FR\",\"potentialAction\":[{\"@type\":\"ReadAction\",\"target\":[\"https:\\\/\\\/eunicehotel.com\\\/fr\\\/plateforme-de-fidelisation\\\/\"]}]},{\"@type\":\"BreadcrumbList\",\"@id\":\"https:\\\/\\\/eunicehotel.com\\\/fr\\\/plateforme-de-fidelisation\\\/#breadcrumb\",\"itemListElement\":[{\"@type\":\"ListItem\",\"position\":1,\"name\":\"Portada\",\"item\":\"https:\\\/\\\/eunicehotel.com\\\/fr\\\/\"},{\"@type\":\"ListItem\",\"position\":2,\"name\":\"Plateforme de Fid\u00e9lisation\"}]},{\"@type\":\"WebSite\",\"@id\":\"https:\\\/\\\/eunicehotel.com\\\/fr\\\/#website\",\"url\":\"https:\\\/\\\/eunicehotel.com\\\/fr\\\/\",\"name\":\"Eunice\",\"description\":\"Hotel Gastron\u00f3mico\",\"publisher\":{\"@id\":\"https:\\\/\\\/eunicehotel.com\\\/fr\\\/#organization\"},\"alternateName\":\"Eunice Hotel\",\"potentialAction\":[{\"@type\":\"SearchAction\",\"target\":{\"@type\":\"EntryPoint\",\"urlTemplate\":\"https:\\\/\\\/eunicehotel.com\\\/fr\\\/?s={search_term_string}\"},\"query-input\":{\"@type\":\"PropertyValueSpecification\",\"valueRequired\":true,\"valueName\":\"search_term_string\"}}],\"inLanguage\":\"fr-FR\"},{\"@type\":\"Organization\",\"@id\":\"https:\\\/\\\/eunicehotel.com\\\/fr\\\/#organization\",\"name\":\"Eunice Hotel Gastron\u00f3mico\",\"alternateName\":\"Eunice Hotel\",\"url\":\"https:\\\/\\\/eunicehotel.com\\\/fr\\\/\",\"logo\":{\"@type\":\"ImageObject\",\"inLanguage\":\"fr-FR\",\"@id\":\"https:\\\/\\\/eunicehotel.com\\\/fr\\\/#\\\/schema\\\/logo\\\/image\\\/\",\"url\":\"https:\\\/\\\/eunicehotel.com\\\/wp-content\\\/uploads\\\/2024\\\/02\\\/cropped-Eunice_isotipo_rgb_opt.png\",\"contentUrl\":\"https:\\\/\\\/eunicehotel.com\\\/wp-content\\\/uploads\\\/2024\\\/02\\\/cropped-Eunice_isotipo_rgb_opt.png\",\"width\":512,\"height\":512,\"caption\":\"Eunice Hotel Gastron\u00f3mico\"},\"image\":{\"@id\":\"https:\\\/\\\/eunicehotel.com\\\/fr\\\/#\\\/schema\\\/logo\\\/image\\\/\"},\"sameAs\":[\"https:\\\/\\\/www.facebook.com\\\/profile.php?id=100068761792703\",\"https:\\\/\\\/www.instagram.com\\\/eunice.hotel\\\/?hl=es\"]}]}<\/script>\n<!-- \/ Yoast SEO Premium plugin. -->","yoast_head_json":{"title":"Plateforme de Fid\u00e9lisation - Eunice","robots":{"index":"index","follow":"follow","max-snippet":"max-snippet:-1","max-image-preview":"max-image-preview:large","max-video-preview":"max-video-preview:-1"},"canonical":"https:\/\/eunicehotel.com\/fr\/plateforme-de-fidelisation\/","og_locale":"fr_FR","og_type":"article","og_title":"Plateforme de Fid\u00e9lisation","og_description":"Conditions d'utilisation de la Plateforme de Fid\u00e9lisation \"MEMBERS ONLY\" pour l'Eunice H\u00f4telD\u00e9finitions: \"Plateforme\" : fait r\u00e9f\u00e9rence \u00e0 la plateforme de fid\u00e9lisation de l'Eunice H\u00f4tel \"MEMBERS ONLY\". \"Utilisateur\" : toute personne qui s'inscrit et participe au programme de fid\u00e9lisation via la Plateforme. \"Avantages\" : avantages, r\u00e9ductions, cadeaux, services sp\u00e9ciaux et\/ou toute autre promotion offerte aux Utilisateurs\u2026 Read More &raquo;","og_url":"https:\/\/eunicehotel.com\/fr\/plateforme-de-fidelisation\/","og_site_name":"Eunice","article_publisher":"https:\/\/www.facebook.com\/profile.php?id=100068761792703","article_modified_time":"2025-03-11T09:30:46+00:00","og_image":[{"width":1227,"height":500,"url":"https:\/\/eunicehotel.com\/wp-content\/uploads\/2024\/01\/eunice_logo.png","type":"image\/png"}],"twitter_card":"summary_large_image","twitter_misc":{"Dur\u00e9e de lecture estim\u00e9e":"3 minutes"},"schema":{"@context":"https:\/\/schema.org","@graph":[{"@type":"WebPage","@id":"https:\/\/eunicehotel.com\/fr\/plateforme-de-fidelisation\/","url":"https:\/\/eunicehotel.com\/fr\/plateforme-de-fidelisation\/","name":"Plateforme de Fid\u00e9lisation - Eunice","isPartOf":{"@id":"https:\/\/eunicehotel.com\/fr\/#website"},"datePublished":"2025-03-07T13:34:00+00:00","dateModified":"2025-03-11T09:30:46+00:00","breadcrumb":{"@id":"https:\/\/eunicehotel.com\/fr\/plateforme-de-fidelisation\/#breadcrumb"},"inLanguage":"fr-FR","potentialAction":[{"@type":"ReadAction","target":["https:\/\/eunicehotel.com\/fr\/plateforme-de-fidelisation\/"]}]},{"@type":"BreadcrumbList","@id":"https:\/\/eunicehotel.com\/fr\/plateforme-de-fidelisation\/#breadcrumb","itemListElement":[{"@type":"ListItem","position":1,"name":"Portada","item":"https:\/\/eunicehotel.com\/fr\/"},{"@type":"ListItem","position":2,"name":"Plateforme de Fid\u00e9lisation"}]},{"@type":"WebSite","@id":"https:\/\/eunicehotel.com\/fr\/#website","url":"https:\/\/eunicehotel.com\/fr\/","name":"Eunice","description":"Hotel Gastron\u00f3mico","publisher":{"@id":"https:\/\/eunicehotel.com\/fr\/#organization"},"alternateName":"Eunice Hotel","potentialAction":[{"@type":"SearchAction","target":{"@type":"EntryPoint","urlTemplate":"https:\/\/eunicehotel.com\/fr\/?s={search_term_string}"},"query-input":{"@type":"PropertyValueSpecification","valueRequired":true,"valueName":"search_term_string"}}],"inLanguage":"fr-FR"},{"@type":"Organization","@id":"https:\/\/eunicehotel.com\/fr\/#organization","name":"Eunice Hotel Gastron\u00f3mico","alternateName":"Eunice Hotel","url":"https:\/\/eunicehotel.com\/fr\/","logo":{"@type":"ImageObject","inLanguage":"fr-FR","@id":"https:\/\/eunicehotel.com\/fr\/#\/schema\/logo\/image\/","url":"https:\/\/eunicehotel.com\/wp-content\/uploads\/2024\/02\/cropped-Eunice_isotipo_rgb_opt.png","contentUrl":"https:\/\/eunicehotel.com\/wp-content\/uploads\/2024\/02\/cropped-Eunice_isotipo_rgb_opt.png","width":512,"height":512,"caption":"Eunice Hotel Gastron\u00f3mico"},"image":{"@id":"https:\/\/eunicehotel.com\/fr\/#\/schema\/logo\/image\/"},"sameAs":["https:\/\/www.facebook.com\/profile.php?id=100068761792703","https:\/\/www.instagram.com\/eunice.hotel\/?hl=es"]}]}},"_links":{"self":[{"href":"https:\/\/eunicehotel.com\/fr\/wp-json\/wp\/v2\/pages\/1380457","targetHints":{"allow":["GET"]}}],"collection":[{"href":"https:\/\/eunicehotel.com\/fr\/wp-json\/wp\/v2\/pages"}],"about":[{"href":"https:\/\/eunicehotel.com\/fr\/wp-json\/wp\/v2\/types\/page"}],"author":[{"embeddable":true,"href":"https:\/\/eunicehotel.com\/fr\/wp-json\/wp\/v2\/users\/1"}],"replies":[{"embeddable":true,"href":"https:\/\/eunicehotel.com\/fr\/wp-json\/wp\/v2\/comments?post=1380457"}],"version-history":[{"count":2,"href":"https:\/\/eunicehotel.com\/fr\/wp-json\/wp\/v2\/pages\/1380457\/revisions"}],"predecessor-version":[{"id":1380459,"href":"https:\/\/eunicehotel.com\/fr\/wp-json\/wp\/v2\/pages\/1380457\/revisions\/1380459"}],"wp:attachment":[{"href":"https:\/\/eunicehotel.com\/fr\/wp-json\/wp\/v2\/media?parent=1380457"}],"curies":[{"name":"wp","href":"https:\/\/api.w.org\/{rel}","templated":true}]}}