{"id":1379175,"date":"2024-06-04T15:13:40","date_gmt":"2024-06-04T13:13:40","guid":{"rendered":"https:\/\/eunicehotel.com\/experience-et-plans\/tour-de-arribes-del-duero\/"},"modified":"2024-06-18T17:19:40","modified_gmt":"2024-06-18T15:19:40","slug":"tour-de-arribes-del-duero","status":"publish","type":"page","link":"https:\/\/eunicehotel.com\/fr\/experience-et-plans\/tour-de-arribes-del-duero\/","title":{"rendered":"Tour de Arribes del Duero"},"content":{"rendered":"<p>[et_pb_section fb_built=\u00a0\u00bb1&Prime; fullwidth=\u00a0\u00bbon\u00a0\u00bb _builder_version=\u00a0\u00bb4.24.1&Prime; global_colors_info=\u00a0\u00bb{}\u00a0\u00bb][et_pb_fullwidth_header title=\u00a0\u00bbTour de Arribes del Duero\u00a0\u00bb text_orientation=\u00a0\u00bbcenter\u00a0\u00bb header_fullscreen=\u00a0\u00bbon\u00a0\u00bb _builder_version=\u00a0\u00bb4.25.1&Prime; title_font=\u00a0\u00bb&#8211;et_global_heading_font||||||||\u00a0\u00bb title_text_align=\u00a0\u00bbcenter\u00a0\u00bb title_text_color=\u00a0\u00bb#FFFFFF\u00a0\u00bb title_font_size=\u00a0\u00bb52px\u00a0\u00bb title_letter_spacing=\u00a0\u00bb1px\u00a0\u00bb subhead_font=\u00a0\u00bb&#8211;et_global_heading_font|||on|||||\u00a0\u00bb subhead_text_align=\u00a0\u00bbcenter\u00a0\u00bb subhead_text_color=\u00a0\u00bb#FFFFFF\u00a0\u00bb subhead_font_size=\u00a0\u00bb36px\u00a0\u00bb background_enable_color=\u00a0\u00bboff\u00a0\u00bb background_image=\u00a0\u00bbhttps:\/\/eunicehotel.com\/wp-content\/uploads\/2024\/06\/actividades_tour-arribes_cabecera_1920x900.jpg\u00a0\u00bb background_blend=\u00a0\u00bbsoft-light\u00a0\u00bb background_layout=\u00a0\u00bblight\u00a0\u00bb title_font_size_tablet=\u00a0\u00bb45px\u00a0\u00bb title_font_size_phone=\u00a0\u00bb40px\u00a0\u00bb title_font_size_last_edited=\u00a0\u00bbon|phone\u00a0\u00bb subhead_font_size_tablet=\u00a0\u00bb\u00a0\u00bb subhead_font_size_phone=\u00a0\u00bb18px\u00a0\u00bb subhead_font_size_last_edited=\u00a0\u00bbon|phone\u00a0\u00bb custom_css_title=\u00a0\u00bbfont-weight:400;\u00a0\u00bb custom_css_subtitle=\u00a0\u00bbfont-weight:400;\u00a0\u00bb global_colors_info=\u00a0\u00bb{}\u00a0\u00bb button_one_text_size__hover_enabled=\u00a0\u00bboff\u00a0\u00bb button_two_text_size__hover_enabled=\u00a0\u00bboff\u00a0\u00bb button_one_text_color__hover_enabled=\u00a0\u00bboff\u00a0\u00bb button_two_text_color__hover_enabled=\u00a0\u00bboff\u00a0\u00bb button_one_border_width__hover_enabled=\u00a0\u00bboff\u00a0\u00bb button_two_border_width__hover_enabled=\u00a0\u00bboff\u00a0\u00bb button_one_border_color__hover_enabled=\u00a0\u00bboff\u00a0\u00bb button_two_border_color__hover_enabled=\u00a0\u00bboff\u00a0\u00bb button_one_border_radius__hover_enabled=\u00a0\u00bboff\u00a0\u00bb button_two_border_radius__hover_enabled=\u00a0\u00bboff\u00a0\u00bb button_one_letter_spacing__hover_enabled=\u00a0\u00bboff\u00a0\u00bb button_two_letter_spacing__hover_enabled=\u00a0\u00bboff\u00a0\u00bb button_one_bg_color__hover_enabled=\u00a0\u00bboff\u00a0\u00bb button_two_bg_color__hover_enabled=\u00a0\u00bboff\u00a0\u00bb][\/et_pb_fullwidth_header][\/et_pb_section][et_pb_section fb_built=\u00a0\u00bb1&Prime; _builder_version=\u00a0\u00bb4.24.1&Prime; _module_preset=\u00a0\u00bbdefault\u00a0\u00bb custom_padding=\u00a0\u00bb3%||3%||true|false\u00a0\u00bb global_colors_info=\u00a0\u00bb{}\u00a0\u00bb][et_pb_row _builder_version=\u00a0\u00bb4.24.0&Prime; _module_preset=\u00a0\u00bbdefault\u00a0\u00bb global_colors_info=\u00a0\u00bb{}\u00a0\u00bb][et_pb_column type=\u00a0\u00bb4_4&Prime; _builder_version=\u00a0\u00bb4.24.0&Prime; _module_preset=\u00a0\u00bbdefault\u00a0\u00bb global_colors_info=\u00a0\u00bb{}\u00a0\u00bb][et_pb_image src=\u00a0\u00bbhttps:\/\/eunicehotel.com\/wp-content\/uploads\/2024\/06\/logo.png\u00a0\u00bb title_text=\u00a0\u00bblogo\u00a0\u00bb align=\u00a0\u00bbcenter\u00a0\u00bb _builder_version=\u00a0\u00bb4.25.1&Prime; _module_preset=\u00a0\u00bbdefault\u00a0\u00bb global_colors_info=\u00a0\u00bb{}\u00a0\u00bb][\/et_pb_image][et_pb_text _builder_version=\u00a0\u00bb4.25.1&Prime; header_2_font=\u00a0\u00bb||||||||\u00a0\u00bb header_2_text_color=\u00a0\u00bb#334d4f\u00a0\u00bb header_2_font_size=\u00a0\u00bb35px\u00a0\u00bb header_2_letter_spacing=\u00a0\u00bb2px\u00a0\u00bb text_orientation=\u00a0\u00bbcenter\u00a0\u00bb hover_enabled=\u00a0\u00bb0&Prime; global_colors_info=\u00a0\u00bb{}\u00a0\u00bb sticky_enabled=\u00a0\u00bb0&Prime;]<\/p>\n<h2>Tour de Arribes del Duero<\/h2>\n<p>[\/et_pb_text][et_pb_text _builder_version=\u00a0\u00bb4.25.1&Prime; _module_preset=\u00a0\u00bbdefault\u00a0\u00bb text_letter_spacing=\u00a0\u00bb1px\u00a0\u00bb text_orientation=\u00a0\u00bbjustified\u00a0\u00bb hover_enabled=\u00a0\u00bb0&Prime; text_font_size_tablet=\u00a0\u00bb18px\u00a0\u00bb text_font_size_phone=\u00a0\u00bb16px\u00a0\u00bb text_font_size_last_edited=\u00a0\u00bbon|tablet\u00a0\u00bb text_orientation_tablet=\u00a0\u00bbjustified\u00a0\u00bb text_orientation_phone=\u00a0\u00bbleft\u00a0\u00bb text_orientation_last_edited=\u00a0\u00bbon|phone\u00a0\u00bb global_colors_info=\u00a0\u00bb{}\u00a0\u00bb sticky_enabled=\u00a0\u00bb0&Prime;]<\/p>\n<p>Les Arribes del Duero, situ\u00e9es dans la province de Salamanque, font partie du parc naturel des Arribes del Duero, une zone naturelle impressionnante caract\u00e9ris\u00e9e par ses profonds canyons fluviaux creus\u00e9s par les rivi\u00e8res Duero et Agueda. <\/p>\n<p>La r\u00e9gion est r\u00e9put\u00e9e pour sa biodiversit\u00e9, notamment une grande vari\u00e9t\u00e9 d&rsquo;oiseaux de proie, et pour ses traditions agricoles et viticoles, qui sont encore pr\u00e9serv\u00e9es dans les villages environnants. <\/p>\n<p>Les produits locaux, tels que le vin, le fromage et l&rsquo;huile d&rsquo;olive, sont r\u00e9put\u00e9s pour leur qualit\u00e9. En outre, la r\u00e9gion abrite de nombreux points de vue offrant des panoramas spectaculaires et des sentiers permettant d&rsquo;explorer la richesse de sa biodiversit\u00e9 et de son histoire.<\/p>\n<p>Cette visite offre un aper\u00e7u complet de Las Arribes del Duero avec une combinaison parfaite de nature, de culture et de gastronomie.<\/p>\n<p>L&rsquo;excursion commencera par une visite \u00e0 Fermoselle, consid\u00e9r\u00e9e comme la \u00ab\u00a0porte des Arribes\u00a0\u00bb, o\u00f9 nous visiterons le centre d&rsquo;interpr\u00e9tation du parc naturel des Arribes del Duero, o\u00f9 nous recevrons une introduction \u00e0 la r\u00e9gion et \u00e0 tous ses aspects.<br \/>Nous poursuivrons par un itin\u00e9raire \u00e0 travers les miradors, avec des arr\u00eats au Mirador de Las Escaleras et au Mirador de El Fraile. <\/p>\n<p>Apr\u00e8s la descente, nous poursuivrons notre route jusqu&rsquo;au quai de Vega Terr\u00f3n, o\u00f9 nous commencerons la croisi\u00e8re fluviale sur le fleuve Duero. Nous aurons ainsi une perspective diff\u00e9rente pour admirer les canyons et observer la faune et la flore locales. Enfin, nous monterons au point de vue Pic\u00f3n de Felipe, \u00e0 Aldead\u00e1vila de la Ribera, pour dire au revoir \u00e0 Las Arribes del Duero avec l&rsquo;une des vues les plus impressionnantes.<\/p>\n<p>[\/et_pb_text][\/et_pb_column][\/et_pb_row][\/et_pb_section]<\/p>\n","protected":false},"excerpt":{"rendered":"<p>Les Arribes del Duero, situ\u00e9es dans la province de Salamanque, font partie du parc naturel des Arribes del Duero.<\/p>\n","protected":false},"author":2,"featured_media":1378583,"parent":1379163,"menu_order":3,"comment_status":"closed","ping_status":"closed","template":"","meta":{"_acf_changed":false,"_et_pb_use_builder":"on","_et_pb_old_content":"","_et_gb_content_width":"","footnotes":""},"class_list":["post-1379175","page","type-page","status-publish","has-post-thumbnail","hentry"],"acf":[],"yoast_head":"<!-- This site is optimized with the Yoast SEO Premium plugin v22.1 (Yoast SEO v27.2) - https:\/\/yoast.com\/product\/yoast-seo-premium-wordpress\/ -->\n<title>Tour de Arribes del Duero - Eunice<\/title>\n<meta name=\"robots\" content=\"index, follow, max-snippet:-1, max-image-preview:large, max-video-preview:-1\" \/>\n<link rel=\"canonical\" href=\"https:\/\/eunicehotel.com\/fr\/experience-et-plans\/tour-de-arribes-del-duero\/\" \/>\n<meta property=\"og:locale\" content=\"fr_FR\" \/>\n<meta property=\"og:type\" content=\"article\" \/>\n<meta property=\"og:title\" content=\"Tour de Arribes del Duero\" \/>\n<meta property=\"og:description\" content=\"Les Arribes del Duero, situ\u00e9es dans la province de Salamanque, font partie du parc naturel des Arribes del Duero.\" \/>\n<meta property=\"og:url\" content=\"https:\/\/eunicehotel.com\/fr\/experience-et-plans\/tour-de-arribes-del-duero\/\" \/>\n<meta property=\"og:site_name\" content=\"Eunice\" \/>\n<meta property=\"article:publisher\" content=\"https:\/\/www.facebook.com\/profile.php?id=100068761792703\" \/>\n<meta property=\"article:modified_time\" content=\"2024-06-18T15:19:40+00:00\" \/>\n<meta property=\"og:image\" content=\"https:\/\/eunicehotel.com\/wp-content\/uploads\/2024\/06\/actividades_arribes-del-duero_650x430.jpg\" \/>\n\t<meta property=\"og:image:width\" content=\"650\" \/>\n\t<meta property=\"og:image:height\" content=\"430\" \/>\n\t<meta property=\"og:image:type\" content=\"image\/jpeg\" \/>\n<meta name=\"twitter:card\" content=\"summary_large_image\" \/>\n<meta name=\"twitter:label1\" content=\"Dur\u00e9e de lecture estim\u00e9e\" \/>\n\t<meta name=\"twitter:data1\" content=\"3 minutes\" \/>\n<script type=\"application\/ld+json\" class=\"yoast-schema-graph\">{\"@context\":\"https:\/\/schema.org\",\"@graph\":[{\"@type\":\"WebPage\",\"@id\":\"https:\/\/eunicehotel.com\/fr\/experience-et-plans\/tour-de-arribes-del-duero\/\",\"url\":\"https:\/\/eunicehotel.com\/fr\/experience-et-plans\/tour-de-arribes-del-duero\/\",\"name\":\"Tour de Arribes del Duero - Eunice\",\"isPartOf\":{\"@id\":\"https:\/\/eunicehotel.com\/fr\/#website\"},\"primaryImageOfPage\":{\"@id\":\"https:\/\/eunicehotel.com\/fr\/experience-et-plans\/tour-de-arribes-del-duero\/#primaryimage\"},\"image\":{\"@id\":\"https:\/\/eunicehotel.com\/fr\/experience-et-plans\/tour-de-arribes-del-duero\/#primaryimage\"},\"thumbnailUrl\":\"https:\/\/eunicehotel.com\/wp-content\/uploads\/2024\/06\/actividades_arribes-del-duero_650x430.jpg\",\"datePublished\":\"2024-06-04T13:13:40+00:00\",\"dateModified\":\"2024-06-18T15:19:40+00:00\",\"breadcrumb\":{\"@id\":\"https:\/\/eunicehotel.com\/fr\/experience-et-plans\/tour-de-arribes-del-duero\/#breadcrumb\"},\"inLanguage\":\"fr-FR\",\"potentialAction\":[{\"@type\":\"ReadAction\",\"target\":[\"https:\/\/eunicehotel.com\/fr\/experience-et-plans\/tour-de-arribes-del-duero\/\"]}]},{\"@type\":\"ImageObject\",\"inLanguage\":\"fr-FR\",\"@id\":\"https:\/\/eunicehotel.com\/fr\/experience-et-plans\/tour-de-arribes-del-duero\/#primaryimage\",\"url\":\"https:\/\/eunicehotel.com\/wp-content\/uploads\/2024\/06\/actividades_arribes-del-duero_650x430.jpg\",\"contentUrl\":\"https:\/\/eunicehotel.com\/wp-content\/uploads\/2024\/06\/actividades_arribes-del-duero_650x430.jpg\",\"width\":650,\"height\":430},{\"@type\":\"BreadcrumbList\",\"@id\":\"https:\/\/eunicehotel.com\/fr\/experience-et-plans\/tour-de-arribes-del-duero\/#breadcrumb\",\"itemListElement\":[{\"@type\":\"ListItem\",\"position\":1,\"name\":\"Portada\",\"item\":\"https:\/\/eunicehotel.com\/fr\/\"},{\"@type\":\"ListItem\",\"position\":2,\"name\":\"EXP\u00c9RIENCE ET PLANS\",\"item\":\"https:\/\/eunicehotel.com\/fr\/experience-et-plans\/?lang=fr\"},{\"@type\":\"ListItem\",\"position\":3,\"name\":\"Tour de Arribes del Duero\"}]},{\"@type\":\"WebSite\",\"@id\":\"https:\/\/eunicehotel.com\/fr\/#website\",\"url\":\"https:\/\/eunicehotel.com\/fr\/\",\"name\":\"Eunice\",\"description\":\"Hotel Gastron\u00f3mico\",\"publisher\":{\"@id\":\"https:\/\/eunicehotel.com\/fr\/#organization\"},\"alternateName\":\"Eunice Hotel\",\"potentialAction\":[{\"@type\":\"SearchAction\",\"target\":{\"@type\":\"EntryPoint\",\"urlTemplate\":\"https:\/\/eunicehotel.com\/fr\/?s={search_term_string}\"},\"query-input\":{\"@type\":\"PropertyValueSpecification\",\"valueRequired\":true,\"valueName\":\"search_term_string\"}}],\"inLanguage\":\"fr-FR\"},{\"@type\":\"Organization\",\"@id\":\"https:\/\/eunicehotel.com\/fr\/#organization\",\"name\":\"Eunice Hotel Gastron\u00f3mico\",\"alternateName\":\"Eunice Hotel\",\"url\":\"https:\/\/eunicehotel.com\/fr\/\",\"logo\":{\"@type\":\"ImageObject\",\"inLanguage\":\"fr-FR\",\"@id\":\"https:\/\/eunicehotel.com\/fr\/#\/schema\/logo\/image\/\",\"url\":\"https:\/\/eunicehotel.com\/wp-content\/uploads\/2024\/02\/cropped-Eunice_isotipo_rgb_opt.png\",\"contentUrl\":\"https:\/\/eunicehotel.com\/wp-content\/uploads\/2024\/02\/cropped-Eunice_isotipo_rgb_opt.png\",\"width\":512,\"height\":512,\"caption\":\"Eunice Hotel Gastron\u00f3mico\"},\"image\":{\"@id\":\"https:\/\/eunicehotel.com\/fr\/#\/schema\/logo\/image\/\"},\"sameAs\":[\"https:\/\/www.facebook.com\/profile.php?id=100068761792703\",\"https:\/\/www.instagram.com\/eunice.hotel\/?hl=es\"]}]}<\/script>\n<!-- \/ Yoast SEO Premium plugin. -->","yoast_head_json":{"title":"Tour de Arribes del Duero - Eunice","robots":{"index":"index","follow":"follow","max-snippet":"max-snippet:-1","max-image-preview":"max-image-preview:large","max-video-preview":"max-video-preview:-1"},"canonical":"https:\/\/eunicehotel.com\/fr\/experience-et-plans\/tour-de-arribes-del-duero\/","og_locale":"fr_FR","og_type":"article","og_title":"Tour de Arribes del Duero","og_description":"Les Arribes del Duero, situ\u00e9es dans la province de Salamanque, font partie du parc naturel des Arribes del Duero.","og_url":"https:\/\/eunicehotel.com\/fr\/experience-et-plans\/tour-de-arribes-del-duero\/","og_site_name":"Eunice","article_publisher":"https:\/\/www.facebook.com\/profile.php?id=100068761792703","article_modified_time":"2024-06-18T15:19:40+00:00","og_image":[{"width":650,"height":430,"url":"https:\/\/eunicehotel.com\/wp-content\/uploads\/2024\/06\/actividades_arribes-del-duero_650x430.jpg","type":"image\/jpeg"}],"twitter_card":"summary_large_image","twitter_misc":{"Dur\u00e9e de lecture estim\u00e9e":"3 minutes"},"schema":{"@context":"https:\/\/schema.org","@graph":[{"@type":"WebPage","@id":"https:\/\/eunicehotel.com\/fr\/experience-et-plans\/tour-de-arribes-del-duero\/","url":"https:\/\/eunicehotel.com\/fr\/experience-et-plans\/tour-de-arribes-del-duero\/","name":"Tour de Arribes del Duero - Eunice","isPartOf":{"@id":"https:\/\/eunicehotel.com\/fr\/#website"},"primaryImageOfPage":{"@id":"https:\/\/eunicehotel.com\/fr\/experience-et-plans\/tour-de-arribes-del-duero\/#primaryimage"},"image":{"@id":"https:\/\/eunicehotel.com\/fr\/experience-et-plans\/tour-de-arribes-del-duero\/#primaryimage"},"thumbnailUrl":"https:\/\/eunicehotel.com\/wp-content\/uploads\/2024\/06\/actividades_arribes-del-duero_650x430.jpg","datePublished":"2024-06-04T13:13:40+00:00","dateModified":"2024-06-18T15:19:40+00:00","breadcrumb":{"@id":"https:\/\/eunicehotel.com\/fr\/experience-et-plans\/tour-de-arribes-del-duero\/#breadcrumb"},"inLanguage":"fr-FR","potentialAction":[{"@type":"ReadAction","target":["https:\/\/eunicehotel.com\/fr\/experience-et-plans\/tour-de-arribes-del-duero\/"]}]},{"@type":"ImageObject","inLanguage":"fr-FR","@id":"https:\/\/eunicehotel.com\/fr\/experience-et-plans\/tour-de-arribes-del-duero\/#primaryimage","url":"https:\/\/eunicehotel.com\/wp-content\/uploads\/2024\/06\/actividades_arribes-del-duero_650x430.jpg","contentUrl":"https:\/\/eunicehotel.com\/wp-content\/uploads\/2024\/06\/actividades_arribes-del-duero_650x430.jpg","width":650,"height":430},{"@type":"BreadcrumbList","@id":"https:\/\/eunicehotel.com\/fr\/experience-et-plans\/tour-de-arribes-del-duero\/#breadcrumb","itemListElement":[{"@type":"ListItem","position":1,"name":"Portada","item":"https:\/\/eunicehotel.com\/fr\/"},{"@type":"ListItem","position":2,"name":"EXP\u00c9RIENCE ET PLANS","item":"https:\/\/eunicehotel.com\/fr\/experience-et-plans\/?lang=fr"},{"@type":"ListItem","position":3,"name":"Tour de Arribes del Duero"}]},{"@type":"WebSite","@id":"https:\/\/eunicehotel.com\/fr\/#website","url":"https:\/\/eunicehotel.com\/fr\/","name":"Eunice","description":"Hotel Gastron\u00f3mico","publisher":{"@id":"https:\/\/eunicehotel.com\/fr\/#organization"},"alternateName":"Eunice Hotel","potentialAction":[{"@type":"SearchAction","target":{"@type":"EntryPoint","urlTemplate":"https:\/\/eunicehotel.com\/fr\/?s={search_term_string}"},"query-input":{"@type":"PropertyValueSpecification","valueRequired":true,"valueName":"search_term_string"}}],"inLanguage":"fr-FR"},{"@type":"Organization","@id":"https:\/\/eunicehotel.com\/fr\/#organization","name":"Eunice Hotel Gastron\u00f3mico","alternateName":"Eunice Hotel","url":"https:\/\/eunicehotel.com\/fr\/","logo":{"@type":"ImageObject","inLanguage":"fr-FR","@id":"https:\/\/eunicehotel.com\/fr\/#\/schema\/logo\/image\/","url":"https:\/\/eunicehotel.com\/wp-content\/uploads\/2024\/02\/cropped-Eunice_isotipo_rgb_opt.png","contentUrl":"https:\/\/eunicehotel.com\/wp-content\/uploads\/2024\/02\/cropped-Eunice_isotipo_rgb_opt.png","width":512,"height":512,"caption":"Eunice Hotel Gastron\u00f3mico"},"image":{"@id":"https:\/\/eunicehotel.com\/fr\/#\/schema\/logo\/image\/"},"sameAs":["https:\/\/www.facebook.com\/profile.php?id=100068761792703","https:\/\/www.instagram.com\/eunice.hotel\/?hl=es"]}]}},"_links":{"self":[{"href":"https:\/\/eunicehotel.com\/fr\/wp-json\/wp\/v2\/pages\/1379175","targetHints":{"allow":["GET"]}}],"collection":[{"href":"https:\/\/eunicehotel.com\/fr\/wp-json\/wp\/v2\/pages"}],"about":[{"href":"https:\/\/eunicehotel.com\/fr\/wp-json\/wp\/v2\/types\/page"}],"author":[{"embeddable":true,"href":"https:\/\/eunicehotel.com\/fr\/wp-json\/wp\/v2\/users\/2"}],"replies":[{"embeddable":true,"href":"https:\/\/eunicehotel.com\/fr\/wp-json\/wp\/v2\/comments?post=1379175"}],"version-history":[{"count":2,"href":"https:\/\/eunicehotel.com\/fr\/wp-json\/wp\/v2\/pages\/1379175\/revisions"}],"predecessor-version":[{"id":1379177,"href":"https:\/\/eunicehotel.com\/fr\/wp-json\/wp\/v2\/pages\/1379175\/revisions\/1379177"}],"up":[{"embeddable":true,"href":"https:\/\/eunicehotel.com\/fr\/wp-json\/wp\/v2\/pages\/1379163"}],"wp:featuredmedia":[{"embeddable":true,"href":"https:\/\/eunicehotel.com\/fr\/wp-json\/wp\/v2\/media\/1378583"}],"wp:attachment":[{"href":"https:\/\/eunicehotel.com\/fr\/wp-json\/wp\/v2\/media?parent=1379175"}],"curies":[{"name":"wp","href":"https:\/\/api.w.org\/{rel}","templated":true}]}}