{"id":1379172,"date":"2024-06-03T23:45:53","date_gmt":"2024-06-03T21:45:53","guid":{"rendered":"https:\/\/eunicehotel.com\/experience-et-plans\/visitez-la-dehesa\/"},"modified":"2024-06-18T17:12:21","modified_gmt":"2024-06-18T15:12:21","slug":"visitez-la-dehesa","status":"publish","type":"page","link":"https:\/\/eunicehotel.com\/fr\/experience-et-plans\/visitez-la-dehesa\/","title":{"rendered":"Visitez la Dehesa"},"content":{"rendered":"<p>[et_pb_section fb_built=\u00a0\u00bb1&Prime; fullwidth=\u00a0\u00bbon\u00a0\u00bb _builder_version=\u00a0\u00bb4.24.1&Prime; global_colors_info=\u00a0\u00bb{}\u00a0\u00bb][et_pb_fullwidth_header title=\u00a0\u00bbVisitez la Dehesa\u00a0\u00bb text_orientation=\u00a0\u00bbcenter\u00a0\u00bb header_fullscreen=\u00a0\u00bbon\u00a0\u00bb _builder_version=\u00a0\u00bb4.25.1&Prime; title_font=\u00a0\u00bb&#8211;et_global_heading_font||||||||\u00a0\u00bb title_text_align=\u00a0\u00bbcenter\u00a0\u00bb title_text_color=\u00a0\u00bb#FFFFFF\u00a0\u00bb title_font_size=\u00a0\u00bb52px\u00a0\u00bb title_letter_spacing=\u00a0\u00bb1px\u00a0\u00bb subhead_font=\u00a0\u00bb&#8211;et_global_heading_font|||on|||||\u00a0\u00bb subhead_text_align=\u00a0\u00bbcenter\u00a0\u00bb subhead_text_color=\u00a0\u00bb#FFFFFF\u00a0\u00bb subhead_font_size=\u00a0\u00bb36px\u00a0\u00bb background_enable_color=\u00a0\u00bboff\u00a0\u00bb background_image=\u00a0\u00bbhttps:\/\/eunicehotel.com\/wp-content\/uploads\/2024\/06\/actividades_tour-dehesa_cabecera_1920x900.jpg\u00a0\u00bb background_blend=\u00a0\u00bbsoft-light\u00a0\u00bb background_layout=\u00a0\u00bblight\u00a0\u00bb title_font_size_tablet=\u00a0\u00bb45px\u00a0\u00bb title_font_size_phone=\u00a0\u00bb40px\u00a0\u00bb title_font_size_last_edited=\u00a0\u00bbon|phone\u00a0\u00bb subhead_font_size_tablet=\u00a0\u00bb\u00a0\u00bb subhead_font_size_phone=\u00a0\u00bb18px\u00a0\u00bb subhead_font_size_last_edited=\u00a0\u00bbon|phone\u00a0\u00bb custom_css_title=\u00a0\u00bbfont-weight:400;\u00a0\u00bb custom_css_subtitle=\u00a0\u00bbfont-weight:400;\u00a0\u00bb global_colors_info=\u00a0\u00bb{}\u00a0\u00bb button_one_text_size__hover_enabled=\u00a0\u00bboff\u00a0\u00bb button_two_text_size__hover_enabled=\u00a0\u00bboff\u00a0\u00bb button_one_text_color__hover_enabled=\u00a0\u00bboff\u00a0\u00bb button_two_text_color__hover_enabled=\u00a0\u00bboff\u00a0\u00bb button_one_border_width__hover_enabled=\u00a0\u00bboff\u00a0\u00bb button_two_border_width__hover_enabled=\u00a0\u00bboff\u00a0\u00bb button_one_border_color__hover_enabled=\u00a0\u00bboff\u00a0\u00bb button_two_border_color__hover_enabled=\u00a0\u00bboff\u00a0\u00bb button_one_border_radius__hover_enabled=\u00a0\u00bboff\u00a0\u00bb button_two_border_radius__hover_enabled=\u00a0\u00bboff\u00a0\u00bb button_one_letter_spacing__hover_enabled=\u00a0\u00bboff\u00a0\u00bb button_two_letter_spacing__hover_enabled=\u00a0\u00bboff\u00a0\u00bb button_one_bg_color__hover_enabled=\u00a0\u00bboff\u00a0\u00bb button_two_bg_color__hover_enabled=\u00a0\u00bboff\u00a0\u00bb][\/et_pb_fullwidth_header][\/et_pb_section][et_pb_section fb_built=\u00a0\u00bb1&Prime; _builder_version=\u00a0\u00bb4.24.1&Prime; _module_preset=\u00a0\u00bbdefault\u00a0\u00bb custom_padding=\u00a0\u00bb3%||3%||true|false\u00a0\u00bb global_colors_info=\u00a0\u00bb{}\u00a0\u00bb][et_pb_row _builder_version=\u00a0\u00bb4.24.0&Prime; _module_preset=\u00a0\u00bbdefault\u00a0\u00bb global_colors_info=\u00a0\u00bb{}\u00a0\u00bb][et_pb_column type=\u00a0\u00bb4_4&Prime; _builder_version=\u00a0\u00bb4.24.0&Prime; _module_preset=\u00a0\u00bbdefault\u00a0\u00bb global_colors_info=\u00a0\u00bb{}\u00a0\u00bb][et_pb_image src=\u00a0\u00bbhttps:\/\/eunicehotel.com\/wp-content\/uploads\/2024\/06\/logo.png\u00a0\u00bb title_text=\u00a0\u00bblogo\u00a0\u00bb align=\u00a0\u00bbcenter\u00a0\u00bb _builder_version=\u00a0\u00bb4.25.1&Prime; _module_preset=\u00a0\u00bbdefault\u00a0\u00bb global_colors_info=\u00a0\u00bb{}\u00a0\u00bb][\/et_pb_image][et_pb_text _builder_version=\u00a0\u00bb4.25.1&Prime; header_2_font=\u00a0\u00bb||||||||\u00a0\u00bb header_2_text_color=\u00a0\u00bb#334d4f\u00a0\u00bb header_2_font_size=\u00a0\u00bb35px\u00a0\u00bb header_2_letter_spacing=\u00a0\u00bb2px\u00a0\u00bb text_orientation=\u00a0\u00bbcenter\u00a0\u00bb hover_enabled=\u00a0\u00bb0&Prime; global_colors_info=\u00a0\u00bb{}\u00a0\u00bb sticky_enabled=\u00a0\u00bb0&Prime;]<\/p>\n<h2>Visitez la Dehesa<\/h2>\n<p>[\/et_pb_text][et_pb_text _builder_version=\u00a0\u00bb4.25.1&Prime; _module_preset=\u00a0\u00bbdefault\u00a0\u00bb text_letter_spacing=\u00a0\u00bb1px\u00a0\u00bb text_orientation=\u00a0\u00bbjustified\u00a0\u00bb hover_enabled=\u00a0\u00bb0&Prime; text_font_size_tablet=\u00a0\u00bb18px\u00a0\u00bb text_font_size_phone=\u00a0\u00bb16px\u00a0\u00bb text_font_size_last_edited=\u00a0\u00bbon|tablet\u00a0\u00bb text_orientation_tablet=\u00a0\u00bbjustified\u00a0\u00bb text_orientation_phone=\u00a0\u00bbleft\u00a0\u00bb text_orientation_last_edited=\u00a0\u00bbon|phone\u00a0\u00bb global_colors_info=\u00a0\u00bb{}\u00a0\u00bb sticky_enabled=\u00a0\u00bb0&Prime;]<\/p>\n<p>La Dehesa de Salamanca est un \u00e9cosyst\u00e8me unique et caract\u00e9ristique du paysage espagnol, compos\u00e9 de vastes zones de prairies parsem\u00e9es de ch\u00eanes verts. Ce paysage idyllique n&rsquo;est pas seulement beau, c&rsquo;est aussi une importante zone d&rsquo;\u00e9levage, notamment pour les taureaux de combat et les porcs ib\u00e9riques.<\/p>\n<p>La dehesa est un exemple d&rsquo;agriculture durable qui a \u00e9t\u00e9 fa\u00e7onn\u00e9e par des si\u00e8cles d&rsquo;interaction entre l&rsquo;homme et l&rsquo;environnement. Elle abrite une riche biodiversit\u00e9, y compris des esp\u00e8ces embl\u00e9matiques de la flore et de la faune. Elle repr\u00e9sente une partie fondamentale du patrimoine rural de Salamanque.<\/p>\n<p>Profitez d&rsquo;une journ\u00e9e riche en enseignements et en exp\u00e9riences uniques dans l&rsquo;un des paysages les plus embl\u00e9matiques de la r\u00e9gion et vivez une immersion totale dans l&rsquo;\u00e9cosyst\u00e8me et les traditions de la Dehesa de Salamanca.<\/p>\n<p>Nous commencerons la visite en direction de la Dehesa Charra, o\u00f9 il y aura une introduction \u00e0 la dehesa et \u00e0 son importance. Ensuite, nous commencerons une randonn\u00e9e guid\u00e9e pour explorer la flore et la faune locales. <\/p>\n<p>Enfin, nous visiterons une ferme d&rsquo;\u00e9levage de taureaux pour d\u00e9couvrir le processus d&rsquo;\u00e9levage. Enfin, nous profiterons d&rsquo;un atelier de fabrication de saucisses, suivi d&rsquo;une visite d&rsquo;une fabrique de jambon ib\u00e9rique et d&rsquo;une observation des oiseaux et de la faune.<\/p>\n<p>[\/et_pb_text][\/et_pb_column][\/et_pb_row][\/et_pb_section]<\/p>\n","protected":false},"excerpt":{"rendered":"<p>La Dehesa de Salamanca est un \u00e9cosyst\u00e8me unique et caract\u00e9ristique du paysage espagnol, compos\u00e9 de vastes zones de prairies parsem\u00e9es de ch\u00eanes verts.<\/p>\n","protected":false},"author":2,"featured_media":1378568,"parent":1379163,"menu_order":2,"comment_status":"closed","ping_status":"closed","template":"","meta":{"_acf_changed":false,"_et_pb_use_builder":"on","_et_pb_old_content":"","_et_gb_content_width":"","footnotes":""},"class_list":["post-1379172","page","type-page","status-publish","has-post-thumbnail","hentry"],"acf":[],"yoast_head":"<!-- This site is optimized with the Yoast SEO Premium plugin v22.1 (Yoast SEO v27.3) - https:\/\/yoast.com\/product\/yoast-seo-premium-wordpress\/ -->\n<title>Visitez la Dehesa - Eunice<\/title>\n<meta name=\"robots\" content=\"index, follow, max-snippet:-1, max-image-preview:large, max-video-preview:-1\" \/>\n<link rel=\"canonical\" href=\"https:\/\/eunicehotel.com\/fr\/experience-et-plans\/visitez-la-dehesa\/\" \/>\n<meta property=\"og:locale\" content=\"fr_FR\" \/>\n<meta property=\"og:type\" content=\"article\" \/>\n<meta property=\"og:title\" content=\"Visitez la Dehesa\" \/>\n<meta property=\"og:description\" content=\"La Dehesa de Salamanca est un \u00e9cosyst\u00e8me unique et caract\u00e9ristique du paysage espagnol, compos\u00e9 de vastes zones de prairies parsem\u00e9es de ch\u00eanes verts.\" \/>\n<meta property=\"og:url\" content=\"https:\/\/eunicehotel.com\/fr\/experience-et-plans\/visitez-la-dehesa\/\" \/>\n<meta property=\"og:site_name\" content=\"Eunice\" \/>\n<meta property=\"article:publisher\" content=\"https:\/\/www.facebook.com\/profile.php?id=100068761792703\" \/>\n<meta property=\"article:modified_time\" content=\"2024-06-18T15:12:21+00:00\" \/>\n<meta property=\"og:image\" content=\"https:\/\/eunicehotel.com\/wp-content\/uploads\/2024\/06\/actividades_dehesa_650x430.jpg\" \/>\n\t<meta property=\"og:image:width\" content=\"650\" \/>\n\t<meta property=\"og:image:height\" content=\"430\" \/>\n\t<meta property=\"og:image:type\" content=\"image\/jpeg\" \/>\n<meta name=\"twitter:card\" content=\"summary_large_image\" \/>\n<meta name=\"twitter:label1\" content=\"Dur\u00e9e de lecture estim\u00e9e\" \/>\n\t<meta name=\"twitter:data1\" content=\"3 minutes\" \/>\n<script type=\"application\/ld+json\" class=\"yoast-schema-graph\">{\"@context\":\"https:\\\/\\\/schema.org\",\"@graph\":[{\"@type\":\"WebPage\",\"@id\":\"https:\\\/\\\/eunicehotel.com\\\/fr\\\/experience-et-plans\\\/visitez-la-dehesa\\\/\",\"url\":\"https:\\\/\\\/eunicehotel.com\\\/fr\\\/experience-et-plans\\\/visitez-la-dehesa\\\/\",\"name\":\"Visitez la Dehesa - Eunice\",\"isPartOf\":{\"@id\":\"https:\\\/\\\/eunicehotel.com\\\/fr\\\/#website\"},\"primaryImageOfPage\":{\"@id\":\"https:\\\/\\\/eunicehotel.com\\\/fr\\\/experience-et-plans\\\/visitez-la-dehesa\\\/#primaryimage\"},\"image\":{\"@id\":\"https:\\\/\\\/eunicehotel.com\\\/fr\\\/experience-et-plans\\\/visitez-la-dehesa\\\/#primaryimage\"},\"thumbnailUrl\":\"https:\\\/\\\/eunicehotel.com\\\/wp-content\\\/uploads\\\/2024\\\/06\\\/actividades_dehesa_650x430.jpg\",\"datePublished\":\"2024-06-03T21:45:53+00:00\",\"dateModified\":\"2024-06-18T15:12:21+00:00\",\"breadcrumb\":{\"@id\":\"https:\\\/\\\/eunicehotel.com\\\/fr\\\/experience-et-plans\\\/visitez-la-dehesa\\\/#breadcrumb\"},\"inLanguage\":\"fr-FR\",\"potentialAction\":[{\"@type\":\"ReadAction\",\"target\":[\"https:\\\/\\\/eunicehotel.com\\\/fr\\\/experience-et-plans\\\/visitez-la-dehesa\\\/\"]}]},{\"@type\":\"ImageObject\",\"inLanguage\":\"fr-FR\",\"@id\":\"https:\\\/\\\/eunicehotel.com\\\/fr\\\/experience-et-plans\\\/visitez-la-dehesa\\\/#primaryimage\",\"url\":\"https:\\\/\\\/eunicehotel.com\\\/wp-content\\\/uploads\\\/2024\\\/06\\\/actividades_dehesa_650x430.jpg\",\"contentUrl\":\"https:\\\/\\\/eunicehotel.com\\\/wp-content\\\/uploads\\\/2024\\\/06\\\/actividades_dehesa_650x430.jpg\",\"width\":650,\"height\":430},{\"@type\":\"BreadcrumbList\",\"@id\":\"https:\\\/\\\/eunicehotel.com\\\/fr\\\/experience-et-plans\\\/visitez-la-dehesa\\\/#breadcrumb\",\"itemListElement\":[{\"@type\":\"ListItem\",\"position\":1,\"name\":\"Portada\",\"item\":\"https:\\\/\\\/eunicehotel.com\\\/fr\\\/\"},{\"@type\":\"ListItem\",\"position\":2,\"name\":\"EXP\u00c9RIENCE ET PLANS\",\"item\":\"https:\\\/\\\/eunicehotel.com\\\/fr\\\/experience-et-plans\\\/?lang=fr\"},{\"@type\":\"ListItem\",\"position\":3,\"name\":\"Visitez la Dehesa\"}]},{\"@type\":\"WebSite\",\"@id\":\"https:\\\/\\\/eunicehotel.com\\\/fr\\\/#website\",\"url\":\"https:\\\/\\\/eunicehotel.com\\\/fr\\\/\",\"name\":\"Eunice\",\"description\":\"Hotel Gastron\u00f3mico\",\"publisher\":{\"@id\":\"https:\\\/\\\/eunicehotel.com\\\/fr\\\/#organization\"},\"alternateName\":\"Eunice Hotel\",\"potentialAction\":[{\"@type\":\"SearchAction\",\"target\":{\"@type\":\"EntryPoint\",\"urlTemplate\":\"https:\\\/\\\/eunicehotel.com\\\/fr\\\/?s={search_term_string}\"},\"query-input\":{\"@type\":\"PropertyValueSpecification\",\"valueRequired\":true,\"valueName\":\"search_term_string\"}}],\"inLanguage\":\"fr-FR\"},{\"@type\":\"Organization\",\"@id\":\"https:\\\/\\\/eunicehotel.com\\\/fr\\\/#organization\",\"name\":\"Eunice Hotel Gastron\u00f3mico\",\"alternateName\":\"Eunice Hotel\",\"url\":\"https:\\\/\\\/eunicehotel.com\\\/fr\\\/\",\"logo\":{\"@type\":\"ImageObject\",\"inLanguage\":\"fr-FR\",\"@id\":\"https:\\\/\\\/eunicehotel.com\\\/fr\\\/#\\\/schema\\\/logo\\\/image\\\/\",\"url\":\"https:\\\/\\\/eunicehotel.com\\\/wp-content\\\/uploads\\\/2024\\\/02\\\/cropped-Eunice_isotipo_rgb_opt.png\",\"contentUrl\":\"https:\\\/\\\/eunicehotel.com\\\/wp-content\\\/uploads\\\/2024\\\/02\\\/cropped-Eunice_isotipo_rgb_opt.png\",\"width\":512,\"height\":512,\"caption\":\"Eunice Hotel Gastron\u00f3mico\"},\"image\":{\"@id\":\"https:\\\/\\\/eunicehotel.com\\\/fr\\\/#\\\/schema\\\/logo\\\/image\\\/\"},\"sameAs\":[\"https:\\\/\\\/www.facebook.com\\\/profile.php?id=100068761792703\",\"https:\\\/\\\/www.instagram.com\\\/eunice.hotel\\\/?hl=es\"]}]}<\/script>\n<!-- \/ Yoast SEO Premium plugin. -->","yoast_head_json":{"title":"Visitez la Dehesa - Eunice","robots":{"index":"index","follow":"follow","max-snippet":"max-snippet:-1","max-image-preview":"max-image-preview:large","max-video-preview":"max-video-preview:-1"},"canonical":"https:\/\/eunicehotel.com\/fr\/experience-et-plans\/visitez-la-dehesa\/","og_locale":"fr_FR","og_type":"article","og_title":"Visitez la Dehesa","og_description":"La Dehesa de Salamanca est un \u00e9cosyst\u00e8me unique et caract\u00e9ristique du paysage espagnol, compos\u00e9 de vastes zones de prairies parsem\u00e9es de ch\u00eanes verts.","og_url":"https:\/\/eunicehotel.com\/fr\/experience-et-plans\/visitez-la-dehesa\/","og_site_name":"Eunice","article_publisher":"https:\/\/www.facebook.com\/profile.php?id=100068761792703","article_modified_time":"2024-06-18T15:12:21+00:00","og_image":[{"width":650,"height":430,"url":"https:\/\/eunicehotel.com\/wp-content\/uploads\/2024\/06\/actividades_dehesa_650x430.jpg","type":"image\/jpeg"}],"twitter_card":"summary_large_image","twitter_misc":{"Dur\u00e9e de lecture estim\u00e9e":"3 minutes"},"schema":{"@context":"https:\/\/schema.org","@graph":[{"@type":"WebPage","@id":"https:\/\/eunicehotel.com\/fr\/experience-et-plans\/visitez-la-dehesa\/","url":"https:\/\/eunicehotel.com\/fr\/experience-et-plans\/visitez-la-dehesa\/","name":"Visitez la Dehesa - Eunice","isPartOf":{"@id":"https:\/\/eunicehotel.com\/fr\/#website"},"primaryImageOfPage":{"@id":"https:\/\/eunicehotel.com\/fr\/experience-et-plans\/visitez-la-dehesa\/#primaryimage"},"image":{"@id":"https:\/\/eunicehotel.com\/fr\/experience-et-plans\/visitez-la-dehesa\/#primaryimage"},"thumbnailUrl":"https:\/\/eunicehotel.com\/wp-content\/uploads\/2024\/06\/actividades_dehesa_650x430.jpg","datePublished":"2024-06-03T21:45:53+00:00","dateModified":"2024-06-18T15:12:21+00:00","breadcrumb":{"@id":"https:\/\/eunicehotel.com\/fr\/experience-et-plans\/visitez-la-dehesa\/#breadcrumb"},"inLanguage":"fr-FR","potentialAction":[{"@type":"ReadAction","target":["https:\/\/eunicehotel.com\/fr\/experience-et-plans\/visitez-la-dehesa\/"]}]},{"@type":"ImageObject","inLanguage":"fr-FR","@id":"https:\/\/eunicehotel.com\/fr\/experience-et-plans\/visitez-la-dehesa\/#primaryimage","url":"https:\/\/eunicehotel.com\/wp-content\/uploads\/2024\/06\/actividades_dehesa_650x430.jpg","contentUrl":"https:\/\/eunicehotel.com\/wp-content\/uploads\/2024\/06\/actividades_dehesa_650x430.jpg","width":650,"height":430},{"@type":"BreadcrumbList","@id":"https:\/\/eunicehotel.com\/fr\/experience-et-plans\/visitez-la-dehesa\/#breadcrumb","itemListElement":[{"@type":"ListItem","position":1,"name":"Portada","item":"https:\/\/eunicehotel.com\/fr\/"},{"@type":"ListItem","position":2,"name":"EXP\u00c9RIENCE ET PLANS","item":"https:\/\/eunicehotel.com\/fr\/experience-et-plans\/?lang=fr"},{"@type":"ListItem","position":3,"name":"Visitez la Dehesa"}]},{"@type":"WebSite","@id":"https:\/\/eunicehotel.com\/fr\/#website","url":"https:\/\/eunicehotel.com\/fr\/","name":"Eunice","description":"Hotel Gastron\u00f3mico","publisher":{"@id":"https:\/\/eunicehotel.com\/fr\/#organization"},"alternateName":"Eunice Hotel","potentialAction":[{"@type":"SearchAction","target":{"@type":"EntryPoint","urlTemplate":"https:\/\/eunicehotel.com\/fr\/?s={search_term_string}"},"query-input":{"@type":"PropertyValueSpecification","valueRequired":true,"valueName":"search_term_string"}}],"inLanguage":"fr-FR"},{"@type":"Organization","@id":"https:\/\/eunicehotel.com\/fr\/#organization","name":"Eunice Hotel Gastron\u00f3mico","alternateName":"Eunice Hotel","url":"https:\/\/eunicehotel.com\/fr\/","logo":{"@type":"ImageObject","inLanguage":"fr-FR","@id":"https:\/\/eunicehotel.com\/fr\/#\/schema\/logo\/image\/","url":"https:\/\/eunicehotel.com\/wp-content\/uploads\/2024\/02\/cropped-Eunice_isotipo_rgb_opt.png","contentUrl":"https:\/\/eunicehotel.com\/wp-content\/uploads\/2024\/02\/cropped-Eunice_isotipo_rgb_opt.png","width":512,"height":512,"caption":"Eunice Hotel Gastron\u00f3mico"},"image":{"@id":"https:\/\/eunicehotel.com\/fr\/#\/schema\/logo\/image\/"},"sameAs":["https:\/\/www.facebook.com\/profile.php?id=100068761792703","https:\/\/www.instagram.com\/eunice.hotel\/?hl=es"]}]}},"_links":{"self":[{"href":"https:\/\/eunicehotel.com\/fr\/wp-json\/wp\/v2\/pages\/1379172","targetHints":{"allow":["GET"]}}],"collection":[{"href":"https:\/\/eunicehotel.com\/fr\/wp-json\/wp\/v2\/pages"}],"about":[{"href":"https:\/\/eunicehotel.com\/fr\/wp-json\/wp\/v2\/types\/page"}],"author":[{"embeddable":true,"href":"https:\/\/eunicehotel.com\/fr\/wp-json\/wp\/v2\/users\/2"}],"replies":[{"embeddable":true,"href":"https:\/\/eunicehotel.com\/fr\/wp-json\/wp\/v2\/comments?post=1379172"}],"version-history":[{"count":2,"href":"https:\/\/eunicehotel.com\/fr\/wp-json\/wp\/v2\/pages\/1379172\/revisions"}],"predecessor-version":[{"id":1379174,"href":"https:\/\/eunicehotel.com\/fr\/wp-json\/wp\/v2\/pages\/1379172\/revisions\/1379174"}],"up":[{"embeddable":true,"href":"https:\/\/eunicehotel.com\/fr\/wp-json\/wp\/v2\/pages\/1379163"}],"wp:featuredmedia":[{"embeddable":true,"href":"https:\/\/eunicehotel.com\/fr\/wp-json\/wp\/v2\/media\/1378568"}],"wp:attachment":[{"href":"https:\/\/eunicehotel.com\/fr\/wp-json\/wp\/v2\/media?parent=1379172"}],"curies":[{"name":"wp","href":"https:\/\/api.w.org\/{rel}","templated":true}]}}