{"id":1379166,"date":"2024-06-03T22:57:24","date_gmt":"2024-06-03T20:57:24","guid":{"rendered":"https:\/\/eunicehotel.com\/experience-et-plans\/casa-lis\/"},"modified":"2024-06-18T17:09:43","modified_gmt":"2024-06-18T15:09:43","slug":"casa-lis","status":"publish","type":"page","link":"https:\/\/eunicehotel.com\/fr\/experience-et-plans\/casa-lis\/","title":{"rendered":"Casa Lis"},"content":{"rendered":"<p>[et_pb_section fb_built=\u00a0\u00bb1&Prime; fullwidth=\u00a0\u00bbon\u00a0\u00bb _builder_version=\u00a0\u00bb4.24.1&Prime; hover_enabled=\u00a0\u00bb0&Prime; global_colors_info=\u00a0\u00bb{}\u00a0\u00bb sticky_enabled=\u00a0\u00bb0&Prime;][et_pb_fullwidth_header title=\u00a0\u00bbCasa Lis:\u00a0\u00bb subhead=\u00a0\u00bbMus\u00e9e de l&#039;Art nouveau et de l&#039;Art d\u00e9co\u00a0\u00bb text_orientation=\u00a0\u00bbcenter\u00a0\u00bb header_fullscreen=\u00a0\u00bbon\u00a0\u00bb _builder_version=\u00a0\u00bb4.25.1&Prime; title_font=\u00a0\u00bb&#8211;et_global_heading_font||||||||\u00a0\u00bb title_text_align=\u00a0\u00bbcenter\u00a0\u00bb title_text_color=\u00a0\u00bb#FFFFFF\u00a0\u00bb title_font_size=\u00a0\u00bb52px\u00a0\u00bb title_letter_spacing=\u00a0\u00bb1px\u00a0\u00bb subhead_font=\u00a0\u00bb&#8211;et_global_heading_font|||on|||||\u00a0\u00bb subhead_text_align=\u00a0\u00bbcenter\u00a0\u00bb subhead_text_color=\u00a0\u00bb#FFFFFF\u00a0\u00bb subhead_font_size=\u00a0\u00bb36px\u00a0\u00bb background_enable_color=\u00a0\u00bboff\u00a0\u00bb background_image=\u00a0\u00bbhttps:\/\/eunicehotel.com\/wp-content\/uploads\/2024\/06\/actividades_casa-lis_cabecera_1920x900-1.jpg\u00a0\u00bb background_blend=\u00a0\u00bbsoft-light\u00a0\u00bb background_layout=\u00a0\u00bblight\u00a0\u00bb hover_enabled=\u00a0\u00bb0&Prime; title_font_size_tablet=\u00a0\u00bb45px\u00a0\u00bb title_font_size_phone=\u00a0\u00bb40px\u00a0\u00bb title_font_size_last_edited=\u00a0\u00bbon|phone\u00a0\u00bb subhead_font_size_tablet=\u00a0\u00bb\u00a0\u00bb subhead_font_size_phone=\u00a0\u00bb18px\u00a0\u00bb subhead_font_size_last_edited=\u00a0\u00bbon|phone\u00a0\u00bb custom_css_title=\u00a0\u00bbfont-weight:400;\u00a0\u00bb custom_css_subtitle=\u00a0\u00bbfont-weight:400;\u00a0\u00bb global_colors_info=\u00a0\u00bb{}\u00a0\u00bb button_one_text_size__hover_enabled=\u00a0\u00bboff\u00a0\u00bb button_two_text_size__hover_enabled=\u00a0\u00bboff\u00a0\u00bb button_one_text_color__hover_enabled=\u00a0\u00bboff\u00a0\u00bb button_two_text_color__hover_enabled=\u00a0\u00bboff\u00a0\u00bb button_one_border_width__hover_enabled=\u00a0\u00bboff\u00a0\u00bb button_two_border_width__hover_enabled=\u00a0\u00bboff\u00a0\u00bb button_one_border_color__hover_enabled=\u00a0\u00bboff\u00a0\u00bb button_two_border_color__hover_enabled=\u00a0\u00bboff\u00a0\u00bb button_one_border_radius__hover_enabled=\u00a0\u00bboff\u00a0\u00bb button_two_border_radius__hover_enabled=\u00a0\u00bboff\u00a0\u00bb button_one_letter_spacing__hover_enabled=\u00a0\u00bboff\u00a0\u00bb button_two_letter_spacing__hover_enabled=\u00a0\u00bboff\u00a0\u00bb button_one_bg_color__hover_enabled=\u00a0\u00bboff\u00a0\u00bb button_two_bg_color__hover_enabled=\u00a0\u00bboff\u00a0\u00bb title_text=\u00a0\u00bbactividades_casa-lis_cabecera_1920x900&Prime; sticky_enabled=\u00a0\u00bb0&Prime;][\/et_pb_fullwidth_header][\/et_pb_section][et_pb_section fb_built=\u00a0\u00bb1&Prime; _builder_version=\u00a0\u00bb4.24.1&Prime; _module_preset=\u00a0\u00bbdefault\u00a0\u00bb custom_padding=\u00a0\u00bb3%||3%||true|false\u00a0\u00bb global_colors_info=\u00a0\u00bb{}\u00a0\u00bb][et_pb_row _builder_version=\u00a0\u00bb4.24.0&Prime; _module_preset=\u00a0\u00bbdefault\u00a0\u00bb global_colors_info=\u00a0\u00bb{}\u00a0\u00bb][et_pb_column type=\u00a0\u00bb4_4&Prime; _builder_version=\u00a0\u00bb4.24.0&Prime; _module_preset=\u00a0\u00bbdefault\u00a0\u00bb global_colors_info=\u00a0\u00bb{}\u00a0\u00bb][et_pb_image src=\u00a0\u00bbhttps:\/\/eunicehotel.com\/wp-content\/uploads\/2024\/06\/logo.png\u00a0\u00bb title_text=\u00a0\u00bblogo\u00a0\u00bb align=\u00a0\u00bbcenter\u00a0\u00bb _builder_version=\u00a0\u00bb4.25.1&Prime; _module_preset=\u00a0\u00bbdefault\u00a0\u00bb global_colors_info=\u00a0\u00bb{}\u00a0\u00bb][\/et_pb_image][et_pb_text _builder_version=\u00a0\u00bb4.24.0&Prime; header_2_font=\u00a0\u00bb||||||||\u00a0\u00bb header_2_text_color=\u00a0\u00bb#334d4f\u00a0\u00bb header_2_font_size=\u00a0\u00bb35px\u00a0\u00bb header_2_letter_spacing=\u00a0\u00bb2px\u00a0\u00bb text_orientation=\u00a0\u00bbcenter\u00a0\u00bb global_colors_info=\u00a0\u00bb{}\u00a0\u00bb]<\/p>\n<h2>Casa Lis : la lumi\u00e8re des avant-gardes<\/h2>\n<p>[\/et_pb_text][et_pb_text _builder_version=\u00a0\u00bb4.25.1&Prime; _module_preset=\u00a0\u00bbdefault\u00a0\u00bb text_letter_spacing=\u00a0\u00bb1px\u00a0\u00bb text_orientation=\u00a0\u00bbjustified\u00a0\u00bb text_font_size_tablet=\u00a0\u00bb18px\u00a0\u00bb text_font_size_phone=\u00a0\u00bb16px\u00a0\u00bb text_font_size_last_edited=\u00a0\u00bbon|tablet\u00a0\u00bb text_orientation_tablet=\u00a0\u00bbjustified\u00a0\u00bb text_orientation_phone=\u00a0\u00bbleft\u00a0\u00bb text_orientation_last_edited=\u00a0\u00bbon|phone\u00a0\u00bb global_colors_info=\u00a0\u00bb{}\u00a0\u00bb]<\/p>\n<p>La Casa Lis, b\u00e2timent embl\u00e9matique de Salamanque et de l&rsquo;Espagne, abrite le mus\u00e9e de l&rsquo;Art nouveau et de l&rsquo;Art d\u00e9co. Construite \u00e0 la fin du XIXe si\u00e8cle et au d\u00e9but du XXe si\u00e8cle, la Casa Lis a \u00e9t\u00e9 con\u00e7ue par l&rsquo;architecte Joaqu\u00edn de Vargas y Aguirre et command\u00e9e par l&rsquo;industriel Miguel de Lis. Il s&rsquo;agit d&rsquo;un splendide exemple d&rsquo;architecture moderniste, qui se distingue par sa fa\u00e7ade sud en fer et en verre, particuli\u00e8rement impressionnante lorsqu&rsquo;elle est \u00e9clair\u00e9e.<\/p>\n<p> Le mus\u00e9e abrite une vaste collection d&rsquo;arts d\u00e9coratifs de la fin du XIXe si\u00e8cle et du d\u00e9but du XXe si\u00e8cle, comprenant du verre, de la c\u00e9ramique, des poup\u00e9es, des bijoux et du mobilier. des bijoux et du mobilier. Parmi les bijoux, on trouve des oeuvres de Ren\u00e9 Lalique, Emile Gall\u00e9 et Demetre Chiparus. La collection comprend \u00e9galement une exposition exceptionnelle de poup\u00e9es en porcelaine et de jouets anciens.<\/p>\n<p> La Maison Lis est remarquable non seulement par son contenu, mais aussi par son architecture. Sa cour int\u00e9rieure couverte d&rsquo;un beau vitrail, ses vitraux color\u00e9s et son \u00e9l\u00e9gant escalier de marbre font du b\u00e2timent lui-m\u00eame une oeuvre d&rsquo;art.<\/p>\n<p>Ce mus\u00e9e attire non seulement les amateurs d&rsquo;art, mais aussi ceux qui appr\u00e9cient l&rsquo;histoire et la beaut\u00e9 architecturale. La Casa Lis est, sans aucun doute, un lieu incontournable pour ceux qui souhaitent conna\u00eetre la splendeur culturelle de Salamanque.<\/p>\n<p> Outre son impressionnante collection, la Casa Lis est connue pour ses activit\u00e9s et \u00e9v\u00e9nements culturels. Le mus\u00e9e organise des expositions temporaires, des concerts, des conf\u00e9rences et des ateliers, offrant aux visiteurs une exp\u00e9rience dynamique et \u00e9ducative. Ces activit\u00e9s permettent aux visiteurs d&rsquo;explorer diff\u00e9rents aspects de l&rsquo;Art nouveau et de l&rsquo;Art d\u00e9co, ainsi que d&rsquo;autres mouvements artistiques contemporains. La programmation culturelle du mus\u00e9e est con\u00e7ue pour attirer un public vari\u00e9, des experts en art aux familles et aux touristes.<\/p>\n<p> La situation de la Casa Lis au coeur du centre historique de Salamanque en fait un point de d\u00e9part id\u00e9al pour explorer la ville. \u00c0 proximit\u00e9 de la cath\u00e9drale et de l&rsquo;universit\u00e9 de Salamanque, les visiteurs peuvent se promener dans les rues pav\u00e9es et d\u00e9couvrir d&rsquo;autres tr\u00e9sors architecturaux et historiques. La La Casa Lis compl\u00e8te parfaitement la visite de ces sites et offre un aper\u00e7u unique du d\u00e9veloppement artistique et culturel de l&rsquo;\u00e9poque.<\/p>\n<p> Le caf\u00e9 et la boutique du mus\u00e9e offrent une exp\u00e9rience suppl\u00e9mentaire aux visiteurs. Le caf\u00e9, avec son atmosph\u00e8re chaleureuse et ses vues panoramiques sur la rivi\u00e8re Tormes, est l&rsquo;endroit id\u00e9al pour se d\u00e9tendre apr\u00e8s une visite du mus\u00e9e. La boutique propose une vari\u00e9t\u00e9 de souvenirs et de produits li\u00e9s \u00e0 l&rsquo;Art nouveau et \u00e0 l&rsquo;Art d\u00e9co : des livres et des reproductions d&rsquo;art aux bijoux et \u00e0 l&rsquo;artisanat local. Ainsi, la Casa Lis n&rsquo;est pas seulement un centre culturel de renom, mais aussi un espace qui invite \u00e0 la contemplation et \u00e0 la jouissance de la beaut\u00e9 sous toutes ses formes.<\/p>\n<p>[\/et_pb_text][\/et_pb_column][\/et_pb_row][\/et_pb_section]<\/p>\n","protected":false},"excerpt":{"rendered":"<p>La Casa Lis est un b\u00e2timent embl\u00e9matique de Salamanque, Espagne, qui abrite le mus\u00e9e de l&rsquo;Art nouveau et de l&rsquo;Art d\u00e9co.<\/p>\n","protected":false},"author":2,"featured_media":1378558,"parent":1379163,"menu_order":0,"comment_status":"closed","ping_status":"closed","template":"","meta":{"_acf_changed":false,"_et_pb_use_builder":"on","_et_pb_old_content":"","_et_gb_content_width":"","footnotes":""},"class_list":["post-1379166","page","type-page","status-publish","has-post-thumbnail","hentry"],"acf":[],"yoast_head":"<!-- This site is optimized with the Yoast SEO Premium plugin v22.1 (Yoast SEO v27.3) - https:\/\/yoast.com\/product\/yoast-seo-premium-wordpress\/ -->\n<title>Casa Lis - Eunice<\/title>\n<meta name=\"robots\" content=\"index, follow, max-snippet:-1, max-image-preview:large, max-video-preview:-1\" \/>\n<link rel=\"canonical\" href=\"https:\/\/eunicehotel.com\/fr\/experience-et-plans\/casa-lis\/\" \/>\n<meta property=\"og:locale\" content=\"fr_FR\" \/>\n<meta property=\"og:type\" content=\"article\" \/>\n<meta property=\"og:title\" content=\"Casa Lis\" \/>\n<meta property=\"og:description\" content=\"La Casa Lis est un b\u00e2timent embl\u00e9matique de Salamanque, Espagne, qui abrite le mus\u00e9e de l&#039;Art nouveau et de l&#039;Art d\u00e9co.\" \/>\n<meta property=\"og:url\" content=\"https:\/\/eunicehotel.com\/fr\/experience-et-plans\/casa-lis\/\" \/>\n<meta property=\"og:site_name\" content=\"Eunice\" \/>\n<meta property=\"article:publisher\" content=\"https:\/\/www.facebook.com\/profile.php?id=100068761792703\" \/>\n<meta property=\"article:modified_time\" content=\"2024-06-18T15:09:43+00:00\" \/>\n<meta property=\"og:image\" content=\"https:\/\/eunicehotel.com\/wp-content\/uploads\/2024\/06\/actividades_casa-lis_650x430.jpg\" \/>\n\t<meta property=\"og:image:width\" content=\"650\" \/>\n\t<meta property=\"og:image:height\" content=\"430\" \/>\n\t<meta property=\"og:image:type\" content=\"image\/jpeg\" \/>\n<meta name=\"twitter:card\" content=\"summary_large_image\" \/>\n<meta name=\"twitter:label1\" content=\"Dur\u00e9e de lecture estim\u00e9e\" \/>\n\t<meta name=\"twitter:data1\" content=\"5 minutes\" \/>\n<script type=\"application\/ld+json\" class=\"yoast-schema-graph\">{\"@context\":\"https:\\\/\\\/schema.org\",\"@graph\":[{\"@type\":\"WebPage\",\"@id\":\"https:\\\/\\\/eunicehotel.com\\\/fr\\\/experience-et-plans\\\/casa-lis\\\/\",\"url\":\"https:\\\/\\\/eunicehotel.com\\\/fr\\\/experience-et-plans\\\/casa-lis\\\/\",\"name\":\"Casa Lis - Eunice\",\"isPartOf\":{\"@id\":\"https:\\\/\\\/eunicehotel.com\\\/fr\\\/#website\"},\"primaryImageOfPage\":{\"@id\":\"https:\\\/\\\/eunicehotel.com\\\/fr\\\/experience-et-plans\\\/casa-lis\\\/#primaryimage\"},\"image\":{\"@id\":\"https:\\\/\\\/eunicehotel.com\\\/fr\\\/experience-et-plans\\\/casa-lis\\\/#primaryimage\"},\"thumbnailUrl\":\"https:\\\/\\\/eunicehotel.com\\\/wp-content\\\/uploads\\\/2024\\\/06\\\/actividades_casa-lis_650x430.jpg\",\"datePublished\":\"2024-06-03T20:57:24+00:00\",\"dateModified\":\"2024-06-18T15:09:43+00:00\",\"breadcrumb\":{\"@id\":\"https:\\\/\\\/eunicehotel.com\\\/fr\\\/experience-et-plans\\\/casa-lis\\\/#breadcrumb\"},\"inLanguage\":\"fr-FR\",\"potentialAction\":[{\"@type\":\"ReadAction\",\"target\":[\"https:\\\/\\\/eunicehotel.com\\\/fr\\\/experience-et-plans\\\/casa-lis\\\/\"]}]},{\"@type\":\"ImageObject\",\"inLanguage\":\"fr-FR\",\"@id\":\"https:\\\/\\\/eunicehotel.com\\\/fr\\\/experience-et-plans\\\/casa-lis\\\/#primaryimage\",\"url\":\"https:\\\/\\\/eunicehotel.com\\\/wp-content\\\/uploads\\\/2024\\\/06\\\/actividades_casa-lis_650x430.jpg\",\"contentUrl\":\"https:\\\/\\\/eunicehotel.com\\\/wp-content\\\/uploads\\\/2024\\\/06\\\/actividades_casa-lis_650x430.jpg\",\"width\":650,\"height\":430},{\"@type\":\"BreadcrumbList\",\"@id\":\"https:\\\/\\\/eunicehotel.com\\\/fr\\\/experience-et-plans\\\/casa-lis\\\/#breadcrumb\",\"itemListElement\":[{\"@type\":\"ListItem\",\"position\":1,\"name\":\"Portada\",\"item\":\"https:\\\/\\\/eunicehotel.com\\\/fr\\\/\"},{\"@type\":\"ListItem\",\"position\":2,\"name\":\"EXP\u00c9RIENCE ET PLANS\",\"item\":\"https:\\\/\\\/eunicehotel.com\\\/fr\\\/experience-et-plans\\\/?lang=fr\"},{\"@type\":\"ListItem\",\"position\":3,\"name\":\"Casa Lis\"}]},{\"@type\":\"WebSite\",\"@id\":\"https:\\\/\\\/eunicehotel.com\\\/fr\\\/#website\",\"url\":\"https:\\\/\\\/eunicehotel.com\\\/fr\\\/\",\"name\":\"Eunice\",\"description\":\"Hotel Gastron\u00f3mico\",\"publisher\":{\"@id\":\"https:\\\/\\\/eunicehotel.com\\\/fr\\\/#organization\"},\"alternateName\":\"Eunice Hotel\",\"potentialAction\":[{\"@type\":\"SearchAction\",\"target\":{\"@type\":\"EntryPoint\",\"urlTemplate\":\"https:\\\/\\\/eunicehotel.com\\\/fr\\\/?s={search_term_string}\"},\"query-input\":{\"@type\":\"PropertyValueSpecification\",\"valueRequired\":true,\"valueName\":\"search_term_string\"}}],\"inLanguage\":\"fr-FR\"},{\"@type\":\"Organization\",\"@id\":\"https:\\\/\\\/eunicehotel.com\\\/fr\\\/#organization\",\"name\":\"Eunice Hotel Gastron\u00f3mico\",\"alternateName\":\"Eunice Hotel\",\"url\":\"https:\\\/\\\/eunicehotel.com\\\/fr\\\/\",\"logo\":{\"@type\":\"ImageObject\",\"inLanguage\":\"fr-FR\",\"@id\":\"https:\\\/\\\/eunicehotel.com\\\/fr\\\/#\\\/schema\\\/logo\\\/image\\\/\",\"url\":\"https:\\\/\\\/eunicehotel.com\\\/wp-content\\\/uploads\\\/2024\\\/02\\\/cropped-Eunice_isotipo_rgb_opt.png\",\"contentUrl\":\"https:\\\/\\\/eunicehotel.com\\\/wp-content\\\/uploads\\\/2024\\\/02\\\/cropped-Eunice_isotipo_rgb_opt.png\",\"width\":512,\"height\":512,\"caption\":\"Eunice Hotel Gastron\u00f3mico\"},\"image\":{\"@id\":\"https:\\\/\\\/eunicehotel.com\\\/fr\\\/#\\\/schema\\\/logo\\\/image\\\/\"},\"sameAs\":[\"https:\\\/\\\/www.facebook.com\\\/profile.php?id=100068761792703\",\"https:\\\/\\\/www.instagram.com\\\/eunice.hotel\\\/?hl=es\"]}]}<\/script>\n<!-- \/ Yoast SEO Premium plugin. -->","yoast_head_json":{"title":"Casa Lis - Eunice","robots":{"index":"index","follow":"follow","max-snippet":"max-snippet:-1","max-image-preview":"max-image-preview:large","max-video-preview":"max-video-preview:-1"},"canonical":"https:\/\/eunicehotel.com\/fr\/experience-et-plans\/casa-lis\/","og_locale":"fr_FR","og_type":"article","og_title":"Casa Lis","og_description":"La Casa Lis est un b\u00e2timent embl\u00e9matique de Salamanque, Espagne, qui abrite le mus\u00e9e de l'Art nouveau et de l'Art d\u00e9co.","og_url":"https:\/\/eunicehotel.com\/fr\/experience-et-plans\/casa-lis\/","og_site_name":"Eunice","article_publisher":"https:\/\/www.facebook.com\/profile.php?id=100068761792703","article_modified_time":"2024-06-18T15:09:43+00:00","og_image":[{"width":650,"height":430,"url":"https:\/\/eunicehotel.com\/wp-content\/uploads\/2024\/06\/actividades_casa-lis_650x430.jpg","type":"image\/jpeg"}],"twitter_card":"summary_large_image","twitter_misc":{"Dur\u00e9e de lecture estim\u00e9e":"5 minutes"},"schema":{"@context":"https:\/\/schema.org","@graph":[{"@type":"WebPage","@id":"https:\/\/eunicehotel.com\/fr\/experience-et-plans\/casa-lis\/","url":"https:\/\/eunicehotel.com\/fr\/experience-et-plans\/casa-lis\/","name":"Casa Lis - Eunice","isPartOf":{"@id":"https:\/\/eunicehotel.com\/fr\/#website"},"primaryImageOfPage":{"@id":"https:\/\/eunicehotel.com\/fr\/experience-et-plans\/casa-lis\/#primaryimage"},"image":{"@id":"https:\/\/eunicehotel.com\/fr\/experience-et-plans\/casa-lis\/#primaryimage"},"thumbnailUrl":"https:\/\/eunicehotel.com\/wp-content\/uploads\/2024\/06\/actividades_casa-lis_650x430.jpg","datePublished":"2024-06-03T20:57:24+00:00","dateModified":"2024-06-18T15:09:43+00:00","breadcrumb":{"@id":"https:\/\/eunicehotel.com\/fr\/experience-et-plans\/casa-lis\/#breadcrumb"},"inLanguage":"fr-FR","potentialAction":[{"@type":"ReadAction","target":["https:\/\/eunicehotel.com\/fr\/experience-et-plans\/casa-lis\/"]}]},{"@type":"ImageObject","inLanguage":"fr-FR","@id":"https:\/\/eunicehotel.com\/fr\/experience-et-plans\/casa-lis\/#primaryimage","url":"https:\/\/eunicehotel.com\/wp-content\/uploads\/2024\/06\/actividades_casa-lis_650x430.jpg","contentUrl":"https:\/\/eunicehotel.com\/wp-content\/uploads\/2024\/06\/actividades_casa-lis_650x430.jpg","width":650,"height":430},{"@type":"BreadcrumbList","@id":"https:\/\/eunicehotel.com\/fr\/experience-et-plans\/casa-lis\/#breadcrumb","itemListElement":[{"@type":"ListItem","position":1,"name":"Portada","item":"https:\/\/eunicehotel.com\/fr\/"},{"@type":"ListItem","position":2,"name":"EXP\u00c9RIENCE ET PLANS","item":"https:\/\/eunicehotel.com\/fr\/experience-et-plans\/?lang=fr"},{"@type":"ListItem","position":3,"name":"Casa Lis"}]},{"@type":"WebSite","@id":"https:\/\/eunicehotel.com\/fr\/#website","url":"https:\/\/eunicehotel.com\/fr\/","name":"Eunice","description":"Hotel Gastron\u00f3mico","publisher":{"@id":"https:\/\/eunicehotel.com\/fr\/#organization"},"alternateName":"Eunice Hotel","potentialAction":[{"@type":"SearchAction","target":{"@type":"EntryPoint","urlTemplate":"https:\/\/eunicehotel.com\/fr\/?s={search_term_string}"},"query-input":{"@type":"PropertyValueSpecification","valueRequired":true,"valueName":"search_term_string"}}],"inLanguage":"fr-FR"},{"@type":"Organization","@id":"https:\/\/eunicehotel.com\/fr\/#organization","name":"Eunice Hotel Gastron\u00f3mico","alternateName":"Eunice Hotel","url":"https:\/\/eunicehotel.com\/fr\/","logo":{"@type":"ImageObject","inLanguage":"fr-FR","@id":"https:\/\/eunicehotel.com\/fr\/#\/schema\/logo\/image\/","url":"https:\/\/eunicehotel.com\/wp-content\/uploads\/2024\/02\/cropped-Eunice_isotipo_rgb_opt.png","contentUrl":"https:\/\/eunicehotel.com\/wp-content\/uploads\/2024\/02\/cropped-Eunice_isotipo_rgb_opt.png","width":512,"height":512,"caption":"Eunice Hotel Gastron\u00f3mico"},"image":{"@id":"https:\/\/eunicehotel.com\/fr\/#\/schema\/logo\/image\/"},"sameAs":["https:\/\/www.facebook.com\/profile.php?id=100068761792703","https:\/\/www.instagram.com\/eunice.hotel\/?hl=es"]}]}},"_links":{"self":[{"href":"https:\/\/eunicehotel.com\/fr\/wp-json\/wp\/v2\/pages\/1379166","targetHints":{"allow":["GET"]}}],"collection":[{"href":"https:\/\/eunicehotel.com\/fr\/wp-json\/wp\/v2\/pages"}],"about":[{"href":"https:\/\/eunicehotel.com\/fr\/wp-json\/wp\/v2\/types\/page"}],"author":[{"embeddable":true,"href":"https:\/\/eunicehotel.com\/fr\/wp-json\/wp\/v2\/users\/2"}],"replies":[{"embeddable":true,"href":"https:\/\/eunicehotel.com\/fr\/wp-json\/wp\/v2\/comments?post=1379166"}],"version-history":[{"count":5,"href":"https:\/\/eunicehotel.com\/fr\/wp-json\/wp\/v2\/pages\/1379166\/revisions"}],"predecessor-version":[{"id":1379171,"href":"https:\/\/eunicehotel.com\/fr\/wp-json\/wp\/v2\/pages\/1379166\/revisions\/1379171"}],"up":[{"embeddable":true,"href":"https:\/\/eunicehotel.com\/fr\/wp-json\/wp\/v2\/pages\/1379163"}],"wp:featuredmedia":[{"embeddable":true,"href":"https:\/\/eunicehotel.com\/fr\/wp-json\/wp\/v2\/media\/1378558"}],"wp:attachment":[{"href":"https:\/\/eunicehotel.com\/fr\/wp-json\/wp\/v2\/media?parent=1379166"}],"curies":[{"name":"wp","href":"https:\/\/api.w.org\/{rel}","templated":true}]}}