{"id":1379163,"date":"2024-06-03T22:57:12","date_gmt":"2024-06-03T20:57:12","guid":{"rendered":"https:\/\/eunicehotel.com\/experience-et-plans\/"},"modified":"2025-02-12T18:14:26","modified_gmt":"2025-02-12T17:14:26","slug":"experience-et-plans","status":"publish","type":"page","link":"https:\/\/eunicehotel.com\/fr\/experience-et-plans\/","title":{"rendered":"EXP\u00c9RIENCE ET PLANS"},"content":{"rendered":"<p>[et_pb_section fb_built=\u00a0\u00bb1&Prime; fullwidth=\u00a0\u00bbon\u00a0\u00bb _builder_version=\u00a0\u00bb4.24.1&Prime; global_colors_info=\u00a0\u00bb{}\u00a0\u00bb][et_pb_fullwidth_header title=\u00a0\u00bbExp\u00e9rience et Plans\u00a0\u00bb text_orientation=\u00a0\u00bbcenter\u00a0\u00bb header_fullscreen=\u00a0\u00bbon\u00a0\u00bb _builder_version=\u00a0\u00bb4.25.1&Prime; title_font=\u00a0\u00bb||||||||\u00a0\u00bb title_text_align=\u00a0\u00bbcenter\u00a0\u00bb title_text_color=\u00a0\u00bb#FFFFFF\u00a0\u00bb title_font_size=\u00a0\u00bb52px\u00a0\u00bb title_letter_spacing=\u00a0\u00bb1px\u00a0\u00bb subhead_font=\u00a0\u00bb|||on|||||\u00a0\u00bb subhead_text_align=\u00a0\u00bbcenter\u00a0\u00bb subhead_text_color=\u00a0\u00bb#FFFFFF\u00a0\u00bb background_enable_color=\u00a0\u00bboff\u00a0\u00bb background_image=\u00a0\u00bbhttps:\/\/eunicehotel.com\/wp-content\/uploads\/2024\/06\/actividades-top-1920&#215;900-1.jpg\u00a0\u00bb background_blend=\u00a0\u00bbsoft-light\u00a0\u00bb background_layout=\u00a0\u00bblight\u00a0\u00bb title_font_size_tablet=\u00a0\u00bb45px\u00a0\u00bb title_font_size_phone=\u00a0\u00bb40px\u00a0\u00bb title_font_size_last_edited=\u00a0\u00bbon|phone\u00a0\u00bb subhead_font_size_tablet=\u00a0\u00bb\u00a0\u00bb subhead_font_size_phone=\u00a0\u00bb18px\u00a0\u00bb subhead_font_size_last_edited=\u00a0\u00bbon|phone\u00a0\u00bb custom_css_title=\u00a0\u00bbfont-weight:400;\u00a0\u00bb custom_css_subtitle=\u00a0\u00bbfont-weight:400;\u00a0\u00bb global_colors_info=\u00a0\u00bb{}\u00a0\u00bb button_one_text_size__hover_enabled=\u00a0\u00bboff\u00a0\u00bb button_two_text_size__hover_enabled=\u00a0\u00bboff\u00a0\u00bb button_one_text_color__hover_enabled=\u00a0\u00bboff\u00a0\u00bb button_two_text_color__hover_enabled=\u00a0\u00bboff\u00a0\u00bb button_one_border_width__hover_enabled=\u00a0\u00bboff\u00a0\u00bb button_two_border_width__hover_enabled=\u00a0\u00bboff\u00a0\u00bb button_one_border_color__hover_enabled=\u00a0\u00bboff\u00a0\u00bb button_two_border_color__hover_enabled=\u00a0\u00bboff\u00a0\u00bb button_one_border_radius__hover_enabled=\u00a0\u00bboff\u00a0\u00bb button_two_border_radius__hover_enabled=\u00a0\u00bboff\u00a0\u00bb button_one_letter_spacing__hover_enabled=\u00a0\u00bboff\u00a0\u00bb button_two_letter_spacing__hover_enabled=\u00a0\u00bboff\u00a0\u00bb button_one_bg_color__hover_enabled=\u00a0\u00bboff\u00a0\u00bb button_two_bg_color__hover_enabled=\u00a0\u00bboff\u00a0\u00bb][\/et_pb_fullwidth_header][\/et_pb_section][et_pb_section fb_built=\u00a0\u00bb1&Prime; _builder_version=\u00a0\u00bb4.25.1&Prime; _module_preset=\u00a0\u00bbdefault\u00a0\u00bb custom_padding=\u00a0\u00bb3%||1%||false|false\u00a0\u00bb global_colors_info=\u00a0\u00bb{}\u00a0\u00bb][et_pb_row _builder_version=\u00a0\u00bb4.25.1&Prime; _module_preset=\u00a0\u00bbdefault\u00a0\u00bb width_tablet=\u00a0\u00bb\u00a0\u00bb width_phone=\u00a0\u00bb95%\u00a0\u00bb width_last_edited=\u00a0\u00bbon|phone\u00a0\u00bb global_colors_info=\u00a0\u00bb{}\u00a0\u00bb width__hover_enabled=\u00a0\u00bboff|desktop\u00a0\u00bb][et_pb_column type=\u00a0\u00bb4_4&Prime; _builder_version=\u00a0\u00bb4.24.0&Prime; _module_preset=\u00a0\u00bbdefault\u00a0\u00bb global_colors_info=\u00a0\u00bb{}\u00a0\u00bb][et_pb_image src=\u00a0\u00bbhttps:\/\/eunicehotel.com\/wp-content\/uploads\/2024\/06\/logo.png\u00a0\u00bb title_text=\u00a0\u00bblogo\u00a0\u00bb align=\u00a0\u00bbcenter\u00a0\u00bb _builder_version=\u00a0\u00bb4.25.1&Prime; _module_preset=\u00a0\u00bbdefault\u00a0\u00bb global_colors_info=\u00a0\u00bb{}\u00a0\u00bb][\/et_pb_image][et_pb_text _builder_version=\u00a0\u00bb4.24.0&Prime; header_2_font=\u00a0\u00bb||||||||\u00a0\u00bb header_2_text_color=\u00a0\u00bb#334d4f\u00a0\u00bb header_2_font_size=\u00a0\u00bb35px\u00a0\u00bb header_2_letter_spacing=\u00a0\u00bb2px\u00a0\u00bb text_orientation=\u00a0\u00bbcenter\u00a0\u00bb global_colors_info=\u00a0\u00bb{}\u00a0\u00bb]<\/p>\n<h2>Plans imbattables \u00e0 Salamanque<\/h2>\n<p>[\/et_pb_text][et_pb_text _builder_version=\u00a0\u00bb4.25.1&Prime; _module_preset=\u00a0\u00bbdefault\u00a0\u00bb text_letter_spacing=\u00a0\u00bb1px\u00a0\u00bb text_orientation=\u00a0\u00bbjustified\u00a0\u00bb text_font_size_tablet=\u00a0\u00bb18px\u00a0\u00bb text_font_size_phone=\u00a0\u00bb16px\u00a0\u00bb text_font_size_last_edited=\u00a0\u00bbon|tablet\u00a0\u00bb text_orientation_tablet=\u00a0\u00bbjustified\u00a0\u00bb text_orientation_phone=\u00a0\u00bbleft\u00a0\u00bb text_orientation_last_edited=\u00a0\u00bbon|phone\u00a0\u00bb global_colors_info=\u00a0\u00bb{}\u00a0\u00bb]<\/p>\n<p style=\"text-align: center;\">Notre h\u00f4tel \u00e0 Salamanque offre une vari\u00e9t\u00e9 d&rsquo;exp\u00e9riences de tourisme culturel et de plans con\u00e7us pour vous immerger dans la riche histoire et la tradition de la province. Des visites guid\u00e9es de monuments historiques et de mus\u00e9es aux visites de villages m\u00e9di\u00e9vaux pittoresques, nous garantissons une immersion profonde dans la culture locale.<\/p>\n<p style=\"text-align: center;\">Nous organisons \u00e9galement des \u00e9v\u00e9nements exclusifs, pour une exp\u00e9rience authentique et inoubliable. Notre mission est d&rsquo;offrir \u00e0 nos h\u00f4tes un lien authentique avec le patrimoine culturel de Salamanque, en leur garantissant un s\u00e9jour enrichissant et m\u00e9morable. D\u00e9couvrez Salamanque avec nous et vivez une exp\u00e9rience culturelle unique !<\/p>\n<p>[\/et_pb_text][\/et_pb_column][\/et_pb_row][\/et_pb_section][et_pb_section fb_built=\u00a0\u00bb1&Prime; _builder_version=\u00a0\u00bb4.25.1&Prime; _module_preset=\u00a0\u00bbdefault\u00a0\u00bb custom_margin=\u00a0\u00bb0px||0px||true|false\u00a0\u00bb custom_padding=\u00a0\u00bb0px||0px||true|false\u00a0\u00bb global_colors_info=\u00a0\u00bb{}\u00a0\u00bb][et_pb_row _builder_version=\u00a0\u00bb4.25.1&Prime; _module_preset=\u00a0\u00bbdefault\u00a0\u00bb width_tablet=\u00a0\u00bb\u00a0\u00bb width_phone=\u00a0\u00bb95%\u00a0\u00bb width_last_edited=\u00a0\u00bbon|phone\u00a0\u00bb max_width=\u00a0\u00bb1920px\u00a0\u00bb custom_margin=\u00a0\u00bb0px||0px||true|false\u00a0\u00bb custom_padding=\u00a0\u00bb0px||2%||false|false\u00a0\u00bb hover_enabled=\u00a0\u00bb0&Prime; global_colors_info=\u00a0\u00bb{}\u00a0\u00bb width__hover_enabled=\u00a0\u00bboff|desktop\u00a0\u00bb sticky_enabled=\u00a0\u00bb0&Prime;][et_pb_column type=\u00a0\u00bb4_4&Prime; _builder_version=\u00a0\u00bb4.25.1&Prime; _module_preset=\u00a0\u00bbdefault\u00a0\u00bb global_colors_info=\u00a0\u00bb{}\u00a0\u00bb][et_pb_text _builder_version=\u00a0\u00bb4.25.1&Prime; _module_preset=\u00a0\u00bbdefault\u00a0\u00bb hover_enabled=\u00a0\u00bb0&Prime; global_colors_info=\u00a0\u00bb{}\u00a0\u00bb width=\u00a0\u00bb100%\u00a0\u00bb sticky_enabled=\u00a0\u00bb0&Prime;]<div class=\"category-section\"><div class=\"actividad-wrapper\">\n            <div class=\"actividad\">\n                <a href=\"https:\/\/eunicehotel.com\/fr\/experience-et-plans\/casa-lis\/\" >\n                    <img decoding=\"async\" src=\"https:\/\/eunicehotel.com\/wp-content\/uploads\/2024\/06\/actividades_casa-lis_650x430.jpg\" class=\"img-responsive\"\/>\n                <\/a>\n                <a class=\"category-link\" href=\"https:\/\/eunicehotel.com\/fr\/experience-et-plans\/casa-lis\/\"><h3>Casa Lis<\/h3><\/a>\n                <p><p>Plans imbattables \u00e0 SalamanqueNotre h\u00f4tel \u00e0 Salamanque offre une vari\u00e9t\u00e9 d'exp\u00e9riences de tourisme culturel et de plans con\u00e7us pour vous immerger dans la riche histoire et la tradition de la province. Des visites guid\u00e9es de monuments historiques et de mus\u00e9es aux visites de villages m\u00e9di\u00e9vaux pittoresques, nous garantissons une immersion profonde dans la culture locale.\u2026 <a href=\"https:\/\/eunicehotel.com\/fr\/experience-et-plans\/\">Read More &raquo;<\/a><\/p>\n<\/p>\n                \n                <br \/><a class=\"boton-reserva\" href=\"https:\/\/eunicehotel.com\/fr\/experience-et-plans\/casa-lis\/\">Savoir plus<\/a>\n            <\/div><\/div><div class=\"actividad-wrapper\">\n            <div class=\"actividad\">\n                <a href=\"https:\/\/eunicehotel.com\/fr\/experience-et-plans\/visitez-la-dehesa\/\" >\n                    <img decoding=\"async\" src=\"https:\/\/eunicehotel.com\/wp-content\/uploads\/2024\/06\/actividades_dehesa_650x430.jpg\" class=\"img-responsive\"\/>\n                <\/a>\n                <a class=\"category-link\" href=\"https:\/\/eunicehotel.com\/fr\/experience-et-plans\/visitez-la-dehesa\/\"><h3>Visitez la Dehesa<\/h3><\/a>\n                <p><p>Plans imbattables \u00e0 SalamanqueNotre h\u00f4tel \u00e0 Salamanque offre une vari\u00e9t\u00e9 d'exp\u00e9riences de tourisme culturel et de plans con\u00e7us pour vous immerger dans la riche histoire et la tradition de la province. Des visites guid\u00e9es de monuments historiques et de mus\u00e9es aux visites de villages m\u00e9di\u00e9vaux pittoresques, nous garantissons une immersion profonde dans la culture locale.\u2026 <a href=\"https:\/\/eunicehotel.com\/fr\/experience-et-plans\/\">Read More &raquo;<\/a><\/p>\n<\/p>\n                \n                <br \/><a class=\"boton-reserva\" href=\"https:\/\/eunicehotel.com\/fr\/experience-et-plans\/visitez-la-dehesa\/\">Savoir plus<\/a>\n            <\/div><\/div><div class=\"actividad-wrapper\">\n            <div class=\"actividad\">\n                <a href=\"https:\/\/eunicehotel.com\/fr\/experience-et-plans\/tour-de-arribes-del-duero\/\" >\n                    <img decoding=\"async\" src=\"https:\/\/eunicehotel.com\/wp-content\/uploads\/2024\/06\/actividades_arribes-del-duero_650x430.jpg\" class=\"img-responsive\"\/>\n                <\/a>\n                <a class=\"category-link\" href=\"https:\/\/eunicehotel.com\/fr\/experience-et-plans\/tour-de-arribes-del-duero\/\"><h3>Tour de Arribes del Duero<\/h3><\/a>\n                <p><p>Plans imbattables \u00e0 SalamanqueNotre h\u00f4tel \u00e0 Salamanque offre une vari\u00e9t\u00e9 d'exp\u00e9riences de tourisme culturel et de plans con\u00e7us pour vous immerger dans la riche histoire et la tradition de la province. Des visites guid\u00e9es de monuments historiques et de mus\u00e9es aux visites de villages m\u00e9di\u00e9vaux pittoresques, nous garantissons une immersion profonde dans la culture locale.\u2026 <a href=\"https:\/\/eunicehotel.com\/fr\/experience-et-plans\/\">Read More &raquo;<\/a><\/p>\n<\/p>\n                \n                <br \/><a class=\"boton-reserva\" href=\"https:\/\/eunicehotel.com\/fr\/experience-et-plans\/tour-de-arribes-del-duero\/\">Savoir plus<\/a>\n            <\/div><\/div><div class=\"actividad-wrapper\">\n            <div class=\"actividad\">\n                <a href=\"https:\/\/eunicehotel.com\/fr\/experience-et-plans\/la-vieille-ville-de-salamanque\/\" >\n                    <img decoding=\"async\" src=\"https:\/\/eunicehotel.com\/wp-content\/uploads\/2024\/06\/actividades_ciudad-vieja_650x430.jpg\" class=\"img-responsive\"\/>\n                <\/a>\n                <a class=\"category-link\" href=\"https:\/\/eunicehotel.com\/fr\/experience-et-plans\/la-vieille-ville-de-salamanque\/\"><h3>La vieille ville de Salamanque<\/h3><\/a>\n                <p><p>Plans imbattables \u00e0 SalamanqueNotre h\u00f4tel \u00e0 Salamanque offre une vari\u00e9t\u00e9 d'exp\u00e9riences de tourisme culturel et de plans con\u00e7us pour vous immerger dans la riche histoire et la tradition de la province. Des visites guid\u00e9es de monuments historiques et de mus\u00e9es aux visites de villages m\u00e9di\u00e9vaux pittoresques, nous garantissons une immersion profonde dans la culture locale.\u2026 <a href=\"https:\/\/eunicehotel.com\/fr\/experience-et-plans\/\">Read More &raquo;<\/a><\/p>\n<\/p>\n                \n                <br \/><a class=\"boton-reserva\" href=\"https:\/\/eunicehotel.com\/fr\/experience-et-plans\/la-vieille-ville-de-salamanque\/\">Savoir plus<\/a>\n            <\/div><\/div><div class=\"actividad-wrapper\">\n            <div class=\"actividad\">\n                <a href=\"https:\/\/eunicehotel.com\/fr\/experience-et-plans\/promenade-dans-la-sierra-de-francia\/\" >\n                    <img decoding=\"async\" src=\"https:\/\/eunicehotel.com\/wp-content\/uploads\/2024\/06\/actividades_sierra-de-francia_650x430.jpg\" class=\"img-responsive\"\/>\n                <\/a>\n                <a class=\"category-link\" href=\"https:\/\/eunicehotel.com\/fr\/experience-et-plans\/promenade-dans-la-sierra-de-francia\/\"><h3>Promenade dans la Sierra de Francia<\/h3><\/a>\n                <p><p>Plans imbattables \u00e0 SalamanqueNotre h\u00f4tel \u00e0 Salamanque offre une vari\u00e9t\u00e9 d'exp\u00e9riences de tourisme culturel et de plans con\u00e7us pour vous immerger dans la riche histoire et la tradition de la province. Des visites guid\u00e9es de monuments historiques et de mus\u00e9es aux visites de villages m\u00e9di\u00e9vaux pittoresques, nous garantissons une immersion profonde dans la culture locale.\u2026 <a href=\"https:\/\/eunicehotel.com\/fr\/experience-et-plans\/\">Read More &raquo;<\/a><\/p>\n<\/p>\n                \n                <br \/><a class=\"boton-reserva\" href=\"https:\/\/eunicehotel.com\/fr\/experience-et-plans\/promenade-dans-la-sierra-de-francia\/\">Savoir plus<\/a>\n            <\/div><\/div><div class=\"actividad-wrapper\">\n            <div class=\"actividad\">\n                <a href=\"https:\/\/eunicehotel.com\/fr\/experience-et-plans\/connaitre-ciudad-rodrigo\/\" >\n                    <img decoding=\"async\" src=\"https:\/\/eunicehotel.com\/wp-content\/uploads\/2024\/06\/actividades_ciudadrodrogo_650x430-1.jpg\" class=\"img-responsive\"\/>\n                <\/a>\n                <a class=\"category-link\" href=\"https:\/\/eunicehotel.com\/fr\/experience-et-plans\/connaitre-ciudad-rodrigo\/\"><h3>Conna\u00eetre Ciudad Rodrigo<\/h3><\/a>\n                <p><p>Plans imbattables \u00e0 SalamanqueNotre h\u00f4tel \u00e0 Salamanque offre une vari\u00e9t\u00e9 d'exp\u00e9riences de tourisme culturel et de plans con\u00e7us pour vous immerger dans la riche histoire et la tradition de la province. Des visites guid\u00e9es de monuments historiques et de mus\u00e9es aux visites de villages m\u00e9di\u00e9vaux pittoresques, nous garantissons une immersion profonde dans la culture locale.\u2026 <a href=\"https:\/\/eunicehotel.com\/fr\/experience-et-plans\/\">Read More &raquo;<\/a><\/p>\n<\/p>\n                \n                <br \/><a class=\"boton-reserva\" href=\"https:\/\/eunicehotel.com\/fr\/experience-et-plans\/connaitre-ciudad-rodrigo\/\">Savoir plus<\/a>\n            <\/div><\/div><\/div><div class=\"clearfix\"><\/div>[\/et_pb_text][\/et_pb_column][\/et_pb_row][\/et_pb_section]<\/p>\n","protected":false},"excerpt":{"rendered":"<p>Plans imbattables \u00e0 SalamanqueNotre h\u00f4tel \u00e0 Salamanque offre une vari\u00e9t\u00e9 d&rsquo;exp\u00e9riences de tourisme culturel et de plans con\u00e7us pour vous immerger dans la riche histoire et la tradition de la province. Des visites guid\u00e9es de monuments historiques et de mus\u00e9es aux visites de villages m\u00e9di\u00e9vaux pittoresques, nous garantissons une immersion profonde dans la culture locale.\u2026 <a href=\"https:\/\/eunicehotel.com\/fr\/experience-et-plans\/\">Read More &raquo;<\/a><\/p>\n","protected":false},"author":2,"featured_media":0,"parent":0,"menu_order":40,"comment_status":"closed","ping_status":"closed","template":"","meta":{"_acf_changed":false,"_et_pb_use_builder":"on","_et_pb_old_content":"","_et_gb_content_width":"","footnotes":""},"class_list":["post-1379163","page","type-page","status-publish","hentry"],"acf":[],"yoast_head":"<!-- This site is optimized with the Yoast SEO Premium plugin v22.1 (Yoast SEO v27.2) - https:\/\/yoast.com\/product\/yoast-seo-premium-wordpress\/ -->\n<title>EXP\u00c9RIENCE ET PLANS - Eunice<\/title>\n<meta name=\"robots\" content=\"index, follow, max-snippet:-1, max-image-preview:large, max-video-preview:-1\" \/>\n<link rel=\"canonical\" href=\"https:\/\/eunicehotel.com\/fr\/experience-et-plans\/\" \/>\n<meta property=\"og:locale\" content=\"fr_FR\" \/>\n<meta property=\"og:type\" content=\"article\" \/>\n<meta property=\"og:title\" content=\"EXP\u00c9RIENCE ET PLANS\" \/>\n<meta property=\"og:description\" content=\"Plans imbattables \u00e0 SalamanqueNotre h\u00f4tel \u00e0 Salamanque offre une vari\u00e9t\u00e9 d&#039;exp\u00e9riences de tourisme culturel et de plans con\u00e7us pour vous immerger dans la riche histoire et la tradition de la province. Des visites guid\u00e9es de monuments historiques et de mus\u00e9es aux visites de villages m\u00e9di\u00e9vaux pittoresques, nous garantissons une immersion profonde dans la culture locale.\u2026 Read More &raquo;\" \/>\n<meta property=\"og:url\" content=\"https:\/\/eunicehotel.com\/fr\/experience-et-plans\/\" \/>\n<meta property=\"og:site_name\" content=\"Eunice\" \/>\n<meta property=\"article:publisher\" content=\"https:\/\/www.facebook.com\/profile.php?id=100068761792703\" \/>\n<meta property=\"article:modified_time\" content=\"2025-02-12T17:14:26+00:00\" \/>\n<meta property=\"og:image\" content=\"https:\/\/eunicehotel.com\/wp-content\/uploads\/2024\/01\/eunice_logo.png\" \/>\n\t<meta property=\"og:image:width\" content=\"1227\" \/>\n\t<meta property=\"og:image:height\" content=\"500\" \/>\n\t<meta property=\"og:image:type\" content=\"image\/png\" \/>\n<meta name=\"twitter:card\" content=\"summary_large_image\" \/>\n<meta name=\"twitter:label1\" content=\"Dur\u00e9e de lecture estim\u00e9e\" \/>\n\t<meta name=\"twitter:data1\" content=\"3 minutes\" \/>\n<script type=\"application\/ld+json\" class=\"yoast-schema-graph\">{\"@context\":\"https:\/\/schema.org\",\"@graph\":[{\"@type\":\"WebPage\",\"@id\":\"https:\/\/eunicehotel.com\/fr\/experience-et-plans\/\",\"url\":\"https:\/\/eunicehotel.com\/fr\/experience-et-plans\/\",\"name\":\"EXP\u00c9RIENCE ET PLANS - Eunice\",\"isPartOf\":{\"@id\":\"https:\/\/eunicehotel.com\/fr\/#website\"},\"datePublished\":\"2024-06-03T20:57:12+00:00\",\"dateModified\":\"2025-02-12T17:14:26+00:00\",\"breadcrumb\":{\"@id\":\"https:\/\/eunicehotel.com\/fr\/experience-et-plans\/#breadcrumb\"},\"inLanguage\":\"fr-FR\",\"potentialAction\":[{\"@type\":\"ReadAction\",\"target\":[\"https:\/\/eunicehotel.com\/fr\/experience-et-plans\/\"]}]},{\"@type\":\"BreadcrumbList\",\"@id\":\"https:\/\/eunicehotel.com\/fr\/experience-et-plans\/#breadcrumb\",\"itemListElement\":[{\"@type\":\"ListItem\",\"position\":1,\"name\":\"Portada\",\"item\":\"https:\/\/eunicehotel.com\/fr\/\"},{\"@type\":\"ListItem\",\"position\":2,\"name\":\"EXP\u00c9RIENCE ET PLANS\"}]},{\"@type\":\"WebSite\",\"@id\":\"https:\/\/eunicehotel.com\/fr\/#website\",\"url\":\"https:\/\/eunicehotel.com\/fr\/\",\"name\":\"Eunice\",\"description\":\"Hotel Gastron\u00f3mico\",\"publisher\":{\"@id\":\"https:\/\/eunicehotel.com\/fr\/#organization\"},\"alternateName\":\"Eunice Hotel\",\"potentialAction\":[{\"@type\":\"SearchAction\",\"target\":{\"@type\":\"EntryPoint\",\"urlTemplate\":\"https:\/\/eunicehotel.com\/fr\/?s={search_term_string}\"},\"query-input\":{\"@type\":\"PropertyValueSpecification\",\"valueRequired\":true,\"valueName\":\"search_term_string\"}}],\"inLanguage\":\"fr-FR\"},{\"@type\":\"Organization\",\"@id\":\"https:\/\/eunicehotel.com\/fr\/#organization\",\"name\":\"Eunice Hotel Gastron\u00f3mico\",\"alternateName\":\"Eunice Hotel\",\"url\":\"https:\/\/eunicehotel.com\/fr\/\",\"logo\":{\"@type\":\"ImageObject\",\"inLanguage\":\"fr-FR\",\"@id\":\"https:\/\/eunicehotel.com\/fr\/#\/schema\/logo\/image\/\",\"url\":\"https:\/\/eunicehotel.com\/wp-content\/uploads\/2024\/02\/cropped-Eunice_isotipo_rgb_opt.png\",\"contentUrl\":\"https:\/\/eunicehotel.com\/wp-content\/uploads\/2024\/02\/cropped-Eunice_isotipo_rgb_opt.png\",\"width\":512,\"height\":512,\"caption\":\"Eunice Hotel Gastron\u00f3mico\"},\"image\":{\"@id\":\"https:\/\/eunicehotel.com\/fr\/#\/schema\/logo\/image\/\"},\"sameAs\":[\"https:\/\/www.facebook.com\/profile.php?id=100068761792703\",\"https:\/\/www.instagram.com\/eunice.hotel\/?hl=es\"]}]}<\/script>\n<!-- \/ Yoast SEO Premium plugin. -->","yoast_head_json":{"title":"EXP\u00c9RIENCE ET PLANS - Eunice","robots":{"index":"index","follow":"follow","max-snippet":"max-snippet:-1","max-image-preview":"max-image-preview:large","max-video-preview":"max-video-preview:-1"},"canonical":"https:\/\/eunicehotel.com\/fr\/experience-et-plans\/","og_locale":"fr_FR","og_type":"article","og_title":"EXP\u00c9RIENCE ET PLANS","og_description":"Plans imbattables \u00e0 SalamanqueNotre h\u00f4tel \u00e0 Salamanque offre une vari\u00e9t\u00e9 d'exp\u00e9riences de tourisme culturel et de plans con\u00e7us pour vous immerger dans la riche histoire et la tradition de la province. Des visites guid\u00e9es de monuments historiques et de mus\u00e9es aux visites de villages m\u00e9di\u00e9vaux pittoresques, nous garantissons une immersion profonde dans la culture locale.\u2026 Read More &raquo;","og_url":"https:\/\/eunicehotel.com\/fr\/experience-et-plans\/","og_site_name":"Eunice","article_publisher":"https:\/\/www.facebook.com\/profile.php?id=100068761792703","article_modified_time":"2025-02-12T17:14:26+00:00","og_image":[{"width":1227,"height":500,"url":"https:\/\/eunicehotel.com\/wp-content\/uploads\/2024\/01\/eunice_logo.png","type":"image\/png"}],"twitter_card":"summary_large_image","twitter_misc":{"Dur\u00e9e de lecture estim\u00e9e":"3 minutes"},"schema":{"@context":"https:\/\/schema.org","@graph":[{"@type":"WebPage","@id":"https:\/\/eunicehotel.com\/fr\/experience-et-plans\/","url":"https:\/\/eunicehotel.com\/fr\/experience-et-plans\/","name":"EXP\u00c9RIENCE ET PLANS - Eunice","isPartOf":{"@id":"https:\/\/eunicehotel.com\/fr\/#website"},"datePublished":"2024-06-03T20:57:12+00:00","dateModified":"2025-02-12T17:14:26+00:00","breadcrumb":{"@id":"https:\/\/eunicehotel.com\/fr\/experience-et-plans\/#breadcrumb"},"inLanguage":"fr-FR","potentialAction":[{"@type":"ReadAction","target":["https:\/\/eunicehotel.com\/fr\/experience-et-plans\/"]}]},{"@type":"BreadcrumbList","@id":"https:\/\/eunicehotel.com\/fr\/experience-et-plans\/#breadcrumb","itemListElement":[{"@type":"ListItem","position":1,"name":"Portada","item":"https:\/\/eunicehotel.com\/fr\/"},{"@type":"ListItem","position":2,"name":"EXP\u00c9RIENCE ET PLANS"}]},{"@type":"WebSite","@id":"https:\/\/eunicehotel.com\/fr\/#website","url":"https:\/\/eunicehotel.com\/fr\/","name":"Eunice","description":"Hotel Gastron\u00f3mico","publisher":{"@id":"https:\/\/eunicehotel.com\/fr\/#organization"},"alternateName":"Eunice Hotel","potentialAction":[{"@type":"SearchAction","target":{"@type":"EntryPoint","urlTemplate":"https:\/\/eunicehotel.com\/fr\/?s={search_term_string}"},"query-input":{"@type":"PropertyValueSpecification","valueRequired":true,"valueName":"search_term_string"}}],"inLanguage":"fr-FR"},{"@type":"Organization","@id":"https:\/\/eunicehotel.com\/fr\/#organization","name":"Eunice Hotel Gastron\u00f3mico","alternateName":"Eunice Hotel","url":"https:\/\/eunicehotel.com\/fr\/","logo":{"@type":"ImageObject","inLanguage":"fr-FR","@id":"https:\/\/eunicehotel.com\/fr\/#\/schema\/logo\/image\/","url":"https:\/\/eunicehotel.com\/wp-content\/uploads\/2024\/02\/cropped-Eunice_isotipo_rgb_opt.png","contentUrl":"https:\/\/eunicehotel.com\/wp-content\/uploads\/2024\/02\/cropped-Eunice_isotipo_rgb_opt.png","width":512,"height":512,"caption":"Eunice Hotel Gastron\u00f3mico"},"image":{"@id":"https:\/\/eunicehotel.com\/fr\/#\/schema\/logo\/image\/"},"sameAs":["https:\/\/www.facebook.com\/profile.php?id=100068761792703","https:\/\/www.instagram.com\/eunice.hotel\/?hl=es"]}]}},"_links":{"self":[{"href":"https:\/\/eunicehotel.com\/fr\/wp-json\/wp\/v2\/pages\/1379163","targetHints":{"allow":["GET"]}}],"collection":[{"href":"https:\/\/eunicehotel.com\/fr\/wp-json\/wp\/v2\/pages"}],"about":[{"href":"https:\/\/eunicehotel.com\/fr\/wp-json\/wp\/v2\/types\/page"}],"author":[{"embeddable":true,"href":"https:\/\/eunicehotel.com\/fr\/wp-json\/wp\/v2\/users\/2"}],"replies":[{"embeddable":true,"href":"https:\/\/eunicehotel.com\/fr\/wp-json\/wp\/v2\/comments?post=1379163"}],"version-history":[{"count":9,"href":"https:\/\/eunicehotel.com\/fr\/wp-json\/wp\/v2\/pages\/1379163\/revisions"}],"predecessor-version":[{"id":1380389,"href":"https:\/\/eunicehotel.com\/fr\/wp-json\/wp\/v2\/pages\/1379163\/revisions\/1380389"}],"wp:attachment":[{"href":"https:\/\/eunicehotel.com\/fr\/wp-json\/wp\/v2\/media?parent=1379163"}],"curies":[{"name":"wp","href":"https:\/\/api.w.org\/{rel}","templated":true}]}}