{"id":1377775,"date":"2024-02-14T12:13:24","date_gmt":"2024-02-14T11:13:24","guid":{"rendered":"https:\/\/eunicehotel.com\/politique-de-confidentialite\/"},"modified":"2024-04-08T09:56:50","modified_gmt":"2024-04-08T07:56:50","slug":"politique-de-confidentialite","status":"publish","type":"page","link":"https:\/\/eunicehotel.com\/fr\/politique-de-confidentialite\/","title":{"rendered":"Politique de confidentialit\u00e9"},"content":{"rendered":"\n[et_pb_section fb_built=\u00a0\u00bb1&Prime; _builder_version=\u00a0\u00bb4.19.5&Prime; _module_preset=\u00a0\u00bbdefault\u00a0\u00bb global_colors_info=\u00a0\u00bb{}\u00a0\u00bb][et_pb_row _builder_version=\u00a0\u00bb4.19.5&Prime; _module_preset=\u00a0\u00bbdefault\u00a0\u00bb global_colors_info=\u00a0\u00bb{}\u00a0\u00bb][et_pb_column type=\u00a0\u00bb4_4&Prime; _builder_version=\u00a0\u00bb4.19.5&Prime; _module_preset=\u00a0\u00bbdefault\u00a0\u00bb global_colors_info=\u00a0\u00bb{}\u00a0\u00bb][et_pb_text _builder_version=\u00a0\u00bb4.24.0&Prime; _module_preset=\u00a0\u00bbdefault\u00a0\u00bb header_font=\u00a0\u00bb|700|||||||\u00a0\u00bb header_letter_spacing=\u00a0\u00bb1px\u00a0\u00bb global_colors_info=\u00a0\u00bb{}\u00a0\u00bb]<h1>Politique de confidentialit\u00e9<\/h1>[\/et_pb_text][\/et_pb_column][\/et_pb_row][et_pb_row _builder_version=\u00a0\u00bb4.19.5&Prime; _module_preset=\u00a0\u00bbdefault\u00a0\u00bb global_colors_info=\u00a0\u00bb{}\u00a0\u00bb][et_pb_column type=\u00a0\u00bb4_4&Prime; _builder_version=\u00a0\u00bb4.19.5&Prime; _module_preset=\u00a0\u00bbdefault\u00a0\u00bb global_colors_info=\u00a0\u00bb{}\u00a0\u00bb][et_pb_text _builder_version=\u00a0\u00bb4.24.0&Prime; _module_preset=\u00a0\u00bbdefault\u00a0\u00bb text_line_height=\u00a0\u00bb1.9em\u00a0\u00bb header_font=\u00a0\u00bb|700|||||||\u00a0\u00bb header_letter_spacing=\u00a0\u00bb1px\u00a0\u00bb text_orientation=\u00a0\u00bbjustified\u00a0\u00bb text_orientation_tablet=\u00a0\u00bbjustified\u00a0\u00bb text_orientation_phone=\u00a0\u00bbleft\u00a0\u00bb text_orientation_last_edited=\u00a0\u00bbon|desktop\u00a0\u00bb global_colors_info=\u00a0\u00bb{}\u00a0\u00bb]<p>Conform\u00e9ment au r\u00e8glement (UE) 2016\/679 du 27 avril 2016 (RGPD) relatif \u00e0 la protection des personnes physiques \u00e0 l&rsquo;\u00e9gard du traitement des donn\u00e9es personnelles et \u00e0 la libre circulation de ces donn\u00e9es, \u00e0 la loi organique sur la protection des donn\u00e9es et aux autres l\u00e9gislations applicable \u00e0 l&rsquo;affaire, Eunice Hotel S.L. (\u00c0 partir de <strong>H\u00d4TEL GASTRONOMIQUE EUNICE<\/strong>), avec C.I.F. : B37570801 et adresse Plaza de Monterrey, 3 37002 Salamanca, vous informe que:<\/p>\n<p>Elle est propri\u00e9taire de <a href=\"http:\/\/www.eunicehotel.com\">www.eunicehotel.com<\/a> et le responsable du fichier dans lequel seront incluses les donn\u00e9es des visiteurs et utilisateurs de ce site Web. Vos donn\u00e9es sont collect\u00e9es pour les finalit\u00e9s suivantes : gestion de la relation commerciale. Traiter les commandes, demandes, requ\u00eates, commentaires ou tout type de demande formul\u00e9e par l&rsquo;utilisateur via l&rsquo;un des formulaires de contact mis \u00e0 disposition. Envoi de communications publicitaires commerciales, \u00e0 condition qu&rsquo;elles aient \u00e9t\u00e9 pr\u00e9alablement autoris\u00e9es par l&rsquo;utilisateur, li\u00e9es \u00e0 leurs produits, par diff\u00e9rents moyens, y compris des moyens \u00e9lectroniques.<\/p>\n<p>Les donn\u00e9es personnelles fournies seront conserv\u00e9es dans tous les cas aussi longtemps qu&rsquo;une relation commerciale existe, et pendant la dur\u00e9e maximale \u00e9tablie dans la r\u00e9glementation applicable \u00e0 compter de la fin de cette relation. Vos donn\u00e9es ne seront pas communiqu\u00e9es \u00e0 des tiers.<\/p>\n<p>Les visiteurs et utilisateurs peuvent exercer leurs droits d&rsquo;acc\u00e8s, de rectification, annulation et opposition avant <strong>H\u00d4TEL GASTRONOMIQUE EUNICE<\/strong>, en \u00e9crivant \u00e0 l&rsquo;adresse postale indiqu\u00e9e ci-dessus ou par email \u00e0 <a href=\"mailto:reservas@eunicehotel.com\">reservas@eunicehotel.com<\/a>. Les candidatures doivent \u00eatre accompagn\u00e9es d&rsquo;une copie du document prouvant l&rsquo;identit\u00e9 du demandeur.<\/p>[\/et_pb_text][\/et_pb_column][\/et_pb_row][\/et_pb_section]\n","protected":false},"excerpt":{"rendered":"<p>Politique de confidentialit\u00e9Conform\u00e9ment au r\u00e8glement (UE) 2016\/679 du 27 avril 2016 (RGPD) relatif \u00e0 la protection des personnes physiques \u00e0 l&rsquo;\u00e9gard du traitement des donn\u00e9es personnelles et \u00e0 la libre circulation de ces donn\u00e9es, \u00e0 la loi organique sur la protection des donn\u00e9es et aux autres l\u00e9gislations applicable \u00e0 l&rsquo;affaire, Eunice Hotel S.L. (\u00c0 partir\u2026 <a href=\"https:\/\/eunicehotel.com\/fr\/politique-de-confidentialite\/\">Read More &raquo;<\/a><\/p>\n","protected":false},"author":1,"featured_media":0,"parent":0,"menu_order":99,"comment_status":"closed","ping_status":"closed","template":"","meta":{"_acf_changed":false,"_et_pb_use_builder":"on","_et_pb_old_content":"","_et_gb_content_width":"","footnotes":""},"class_list":["post-1377775","page","type-page","status-publish","hentry"],"acf":[],"yoast_head":"<!-- This site is optimized with the Yoast SEO Premium plugin v22.1 (Yoast SEO v27.3) - https:\/\/yoast.com\/product\/yoast-seo-premium-wordpress\/ -->\n<title>Politique de confidentialit\u00e9 - Eunice<\/title>\n<meta name=\"robots\" content=\"noindex, nofollow\" \/>\n<meta property=\"og:locale\" content=\"fr_FR\" \/>\n<meta property=\"og:type\" content=\"article\" \/>\n<meta property=\"og:title\" content=\"Politique de confidentialit\u00e9\" \/>\n<meta property=\"og:description\" content=\"Politique de confidentialit\u00e9Conform\u00e9ment au r\u00e8glement (UE) 2016\/679 du 27 avril 2016 (RGPD) relatif \u00e0 la protection des personnes physiques \u00e0 l&#039;\u00e9gard du traitement des donn\u00e9es personnelles et \u00e0 la libre circulation de ces donn\u00e9es, \u00e0 la loi organique sur la protection des donn\u00e9es et aux autres l\u00e9gislations applicable \u00e0 l&#039;affaire, Eunice Hotel S.L. (\u00c0 partir\u2026 Read More &raquo;\" \/>\n<meta property=\"og:url\" content=\"https:\/\/eunicehotel.com\/fr\/politique-de-confidentialite\/\" \/>\n<meta property=\"og:site_name\" content=\"Eunice\" \/>\n<meta property=\"article:publisher\" content=\"https:\/\/www.facebook.com\/profile.php?id=100068761792703\" \/>\n<meta property=\"article:modified_time\" content=\"2024-04-08T07:56:50+00:00\" \/>\n<meta property=\"og:image\" content=\"https:\/\/eunicehotel.com\/wp-content\/uploads\/2024\/01\/eunice_logo.png\" \/>\n\t<meta property=\"og:image:width\" content=\"1227\" \/>\n\t<meta property=\"og:image:height\" content=\"500\" \/>\n\t<meta property=\"og:image:type\" content=\"image\/png\" \/>\n<meta name=\"twitter:card\" content=\"summary_large_image\" \/>\n<meta name=\"twitter:label1\" content=\"Dur\u00e9e de lecture estim\u00e9e\" \/>\n\t<meta name=\"twitter:data1\" content=\"2 minutes\" \/>\n<script type=\"application\/ld+json\" class=\"yoast-schema-graph\">{\"@context\":\"https:\\\/\\\/schema.org\",\"@graph\":[{\"@type\":\"WebPage\",\"@id\":\"https:\\\/\\\/eunicehotel.com\\\/fr\\\/politique-de-confidentialite\\\/\",\"url\":\"https:\\\/\\\/eunicehotel.com\\\/fr\\\/politique-de-confidentialite\\\/\",\"name\":\"Politique de confidentialit\u00e9 - Eunice\",\"isPartOf\":{\"@id\":\"https:\\\/\\\/eunicehotel.com\\\/fr\\\/#website\"},\"datePublished\":\"2024-02-14T11:13:24+00:00\",\"dateModified\":\"2024-04-08T07:56:50+00:00\",\"breadcrumb\":{\"@id\":\"https:\\\/\\\/eunicehotel.com\\\/fr\\\/politique-de-confidentialite\\\/#breadcrumb\"},\"inLanguage\":\"fr-FR\",\"potentialAction\":[{\"@type\":\"ReadAction\",\"target\":[\"https:\\\/\\\/eunicehotel.com\\\/fr\\\/politique-de-confidentialite\\\/\"]}]},{\"@type\":\"BreadcrumbList\",\"@id\":\"https:\\\/\\\/eunicehotel.com\\\/fr\\\/politique-de-confidentialite\\\/#breadcrumb\",\"itemListElement\":[{\"@type\":\"ListItem\",\"position\":1,\"name\":\"Portada\",\"item\":\"https:\\\/\\\/eunicehotel.com\\\/fr\\\/\"},{\"@type\":\"ListItem\",\"position\":2,\"name\":\"Politique de confidentialit\u00e9\"}]},{\"@type\":\"WebSite\",\"@id\":\"https:\\\/\\\/eunicehotel.com\\\/fr\\\/#website\",\"url\":\"https:\\\/\\\/eunicehotel.com\\\/fr\\\/\",\"name\":\"Eunice\",\"description\":\"Hotel Gastron\u00f3mico\",\"publisher\":{\"@id\":\"https:\\\/\\\/eunicehotel.com\\\/fr\\\/#organization\"},\"alternateName\":\"Eunice Hotel\",\"potentialAction\":[{\"@type\":\"SearchAction\",\"target\":{\"@type\":\"EntryPoint\",\"urlTemplate\":\"https:\\\/\\\/eunicehotel.com\\\/fr\\\/?s={search_term_string}\"},\"query-input\":{\"@type\":\"PropertyValueSpecification\",\"valueRequired\":true,\"valueName\":\"search_term_string\"}}],\"inLanguage\":\"fr-FR\"},{\"@type\":\"Organization\",\"@id\":\"https:\\\/\\\/eunicehotel.com\\\/fr\\\/#organization\",\"name\":\"Eunice Hotel Gastron\u00f3mico\",\"alternateName\":\"Eunice Hotel\",\"url\":\"https:\\\/\\\/eunicehotel.com\\\/fr\\\/\",\"logo\":{\"@type\":\"ImageObject\",\"inLanguage\":\"fr-FR\",\"@id\":\"https:\\\/\\\/eunicehotel.com\\\/fr\\\/#\\\/schema\\\/logo\\\/image\\\/\",\"url\":\"https:\\\/\\\/eunicehotel.com\\\/wp-content\\\/uploads\\\/2024\\\/02\\\/cropped-Eunice_isotipo_rgb_opt.png\",\"contentUrl\":\"https:\\\/\\\/eunicehotel.com\\\/wp-content\\\/uploads\\\/2024\\\/02\\\/cropped-Eunice_isotipo_rgb_opt.png\",\"width\":512,\"height\":512,\"caption\":\"Eunice Hotel Gastron\u00f3mico\"},\"image\":{\"@id\":\"https:\\\/\\\/eunicehotel.com\\\/fr\\\/#\\\/schema\\\/logo\\\/image\\\/\"},\"sameAs\":[\"https:\\\/\\\/www.facebook.com\\\/profile.php?id=100068761792703\",\"https:\\\/\\\/www.instagram.com\\\/eunice.hotel\\\/?hl=es\"]}]}<\/script>\n<!-- \/ Yoast SEO Premium plugin. -->","yoast_head_json":{"title":"Politique de confidentialit\u00e9 - Eunice","robots":{"index":"noindex","follow":"nofollow"},"og_locale":"fr_FR","og_type":"article","og_title":"Politique de confidentialit\u00e9","og_description":"Politique de confidentialit\u00e9Conform\u00e9ment au r\u00e8glement (UE) 2016\/679 du 27 avril 2016 (RGPD) relatif \u00e0 la protection des personnes physiques \u00e0 l'\u00e9gard du traitement des donn\u00e9es personnelles et \u00e0 la libre circulation de ces donn\u00e9es, \u00e0 la loi organique sur la protection des donn\u00e9es et aux autres l\u00e9gislations applicable \u00e0 l'affaire, Eunice Hotel S.L. (\u00c0 partir\u2026 Read More &raquo;","og_url":"https:\/\/eunicehotel.com\/fr\/politique-de-confidentialite\/","og_site_name":"Eunice","article_publisher":"https:\/\/www.facebook.com\/profile.php?id=100068761792703","article_modified_time":"2024-04-08T07:56:50+00:00","og_image":[{"width":1227,"height":500,"url":"https:\/\/eunicehotel.com\/wp-content\/uploads\/2024\/01\/eunice_logo.png","type":"image\/png"}],"twitter_card":"summary_large_image","twitter_misc":{"Dur\u00e9e de lecture estim\u00e9e":"2 minutes"},"schema":{"@context":"https:\/\/schema.org","@graph":[{"@type":"WebPage","@id":"https:\/\/eunicehotel.com\/fr\/politique-de-confidentialite\/","url":"https:\/\/eunicehotel.com\/fr\/politique-de-confidentialite\/","name":"Politique de confidentialit\u00e9 - Eunice","isPartOf":{"@id":"https:\/\/eunicehotel.com\/fr\/#website"},"datePublished":"2024-02-14T11:13:24+00:00","dateModified":"2024-04-08T07:56:50+00:00","breadcrumb":{"@id":"https:\/\/eunicehotel.com\/fr\/politique-de-confidentialite\/#breadcrumb"},"inLanguage":"fr-FR","potentialAction":[{"@type":"ReadAction","target":["https:\/\/eunicehotel.com\/fr\/politique-de-confidentialite\/"]}]},{"@type":"BreadcrumbList","@id":"https:\/\/eunicehotel.com\/fr\/politique-de-confidentialite\/#breadcrumb","itemListElement":[{"@type":"ListItem","position":1,"name":"Portada","item":"https:\/\/eunicehotel.com\/fr\/"},{"@type":"ListItem","position":2,"name":"Politique de confidentialit\u00e9"}]},{"@type":"WebSite","@id":"https:\/\/eunicehotel.com\/fr\/#website","url":"https:\/\/eunicehotel.com\/fr\/","name":"Eunice","description":"Hotel Gastron\u00f3mico","publisher":{"@id":"https:\/\/eunicehotel.com\/fr\/#organization"},"alternateName":"Eunice Hotel","potentialAction":[{"@type":"SearchAction","target":{"@type":"EntryPoint","urlTemplate":"https:\/\/eunicehotel.com\/fr\/?s={search_term_string}"},"query-input":{"@type":"PropertyValueSpecification","valueRequired":true,"valueName":"search_term_string"}}],"inLanguage":"fr-FR"},{"@type":"Organization","@id":"https:\/\/eunicehotel.com\/fr\/#organization","name":"Eunice Hotel Gastron\u00f3mico","alternateName":"Eunice Hotel","url":"https:\/\/eunicehotel.com\/fr\/","logo":{"@type":"ImageObject","inLanguage":"fr-FR","@id":"https:\/\/eunicehotel.com\/fr\/#\/schema\/logo\/image\/","url":"https:\/\/eunicehotel.com\/wp-content\/uploads\/2024\/02\/cropped-Eunice_isotipo_rgb_opt.png","contentUrl":"https:\/\/eunicehotel.com\/wp-content\/uploads\/2024\/02\/cropped-Eunice_isotipo_rgb_opt.png","width":512,"height":512,"caption":"Eunice Hotel Gastron\u00f3mico"},"image":{"@id":"https:\/\/eunicehotel.com\/fr\/#\/schema\/logo\/image\/"},"sameAs":["https:\/\/www.facebook.com\/profile.php?id=100068761792703","https:\/\/www.instagram.com\/eunice.hotel\/?hl=es"]}]}},"_links":{"self":[{"href":"https:\/\/eunicehotel.com\/fr\/wp-json\/wp\/v2\/pages\/1377775","targetHints":{"allow":["GET"]}}],"collection":[{"href":"https:\/\/eunicehotel.com\/fr\/wp-json\/wp\/v2\/pages"}],"about":[{"href":"https:\/\/eunicehotel.com\/fr\/wp-json\/wp\/v2\/types\/page"}],"author":[{"embeddable":true,"href":"https:\/\/eunicehotel.com\/fr\/wp-json\/wp\/v2\/users\/1"}],"replies":[{"embeddable":true,"href":"https:\/\/eunicehotel.com\/fr\/wp-json\/wp\/v2\/comments?post=1377775"}],"version-history":[{"count":1,"href":"https:\/\/eunicehotel.com\/fr\/wp-json\/wp\/v2\/pages\/1377775\/revisions"}],"predecessor-version":[{"id":1377776,"href":"https:\/\/eunicehotel.com\/fr\/wp-json\/wp\/v2\/pages\/1377775\/revisions\/1377776"}],"wp:attachment":[{"href":"https:\/\/eunicehotel.com\/fr\/wp-json\/wp\/v2\/media?parent=1377775"}],"curies":[{"name":"wp","href":"https:\/\/api.w.org\/{rel}","templated":true}]}}